{"id":4666,"date":"2019-04-07T19:15:20","date_gmt":"2019-04-07T19:15:20","guid":{"rendered":"https:\/\/www.pucp.edu.pe\/ingesold\/quienes-somos\/presentacion\/"},"modified":"2019-06-13T01:51:35","modified_gmt":"2019-06-13T01:51:35","slug":"presentacion","status":"publish","type":"page","link":"https:\/\/www.pucp.edu.pe\/ingesold\/sobre-ingesold\/presentacion\/","title":{"rendered":"Presentaci\u00f3n"},"content":{"rendered":"<div class=\"embed-responsive embed-responsive-16by9 zvideo\"><iframe class=\"embed-responsive-item\" src=\"https:\/\/www.youtube.com\/embed\/Zxge4qutctk\" allowfullscreen=\"allowfullscreen\"><\/iframe><\/div>\n<p>La Unidad Ingenier\u00eda de Soldadura de la Pontificia Universidad Cat\u00f3lica del Per\u00fa, INGESOLD, nace en el a\u00f1o 1998 como una propuesta acad\u00e9mica con la misi\u00f3n de formar profesionales altamente calificados en el campo de la soldadura y tecnolog\u00edas de uni\u00f3n de materiales. Para ello, se ha desarrollado una serie de diplomaturas, programas acad\u00e9micos y certificaciones, elaborada de acuerdo a directrices internacionales, vinculada con el contexto de la industria nacional y regional que promueve la excelencia acad\u00e9mica mediante:<\/p>\n<ul>\n<li>El dise\u00f1o pedag\u00f3gico de los cursos<\/li>\n<li>El uso de material did\u00e1ctico especializado<\/li>\n<li>La infraestructura m\u00e1s moderna del pa\u00eds para el entrenamiento pr\u00e1ctico para de los participantes<\/li>\n<li>Una plana docente de primer nivel conformada por los especialistas en soldadura y tecnolog\u00edas de uni\u00f3n, ingenieros e inspectores de soldadura certificados por entidades internacionales<\/li>\n<li>Personal certificado como nivel III ASNT en ensayos no destructivos<\/li>\n<\/ul>\n<p>En la actualidad, la Unidad Ingenier\u00eda de Soldadura de la Pontificia Universidad Cat\u00f3lica del Per\u00fa lidera el campo de la formaci\u00f3n en soldadura, no solo en nuestro pa\u00eds sino tambi\u00e9n a nivel latinoamericano, con m\u00e1s de 3000 profesionales formados como ingenieros e inspectores de soldadura.<\/p>\n","protected":false},"excerpt":{"rendered":"<p>La Unidad Ingenier\u00eda de Soldadura de la Pontificia Universidad Cat\u00f3lica del Per\u00fa, INGESOLD, nace en el a\u00f1o 1998 como una propuesta acad\u00e9mica con la misi\u00f3n de formar profesionales altamente calificados en el campo de la soldadura y tecnolog\u00edas de uni\u00f3n de materiales. Para ello, se ha desarrollado una serie de diplomaturas, programas acad\u00e9micos y certificaciones, [&hellip;]<\/p>\n","protected":false},"author":1,"featured_media":0,"parent":3006,"menu_order":0,"comment_status":"closed","ping_status":"closed","template":"","meta":{"_acf_changed":false,"footnotes":""},"class_list":["post-4666","page","type-page","status-publish","hentry"],"acf":[],"yoast_head":"<!-- This site is optimized with the Yoast SEO plugin v27.2 - https:\/\/yoast.com\/product\/yoast-seo-wordpress\/ -->\n<title>Presentaci\u00f3n | INGESOLD Ingenier\u00eda de Soldadura - PUCP<\/title>\n<meta name=\"robots\" content=\"index, follow, max-snippet:-1, max-image-preview:large, max-video-preview:-1\" \/>\n<link rel=\"canonical\" href=\"https:\/\/www.pucp.edu.pe\/ingesold\/sobre-ingesold\/presentacion\/\" \/>\n<meta property=\"og:locale\" content=\"es_ES\" \/>\n<meta property=\"og:type\" content=\"article\" \/>\n<meta property=\"og:title\" content=\"Presentaci\u00f3n | INGESOLD Ingenier\u00eda de Soldadura - PUCP\" \/>\n<meta property=\"og:description\" content=\"La Unidad Ingenier\u00eda de Soldadura de la Pontificia Universidad Cat\u00f3lica del Per\u00fa, INGESOLD, nace en el a\u00f1o 1998 como una propuesta acad\u00e9mica con la misi\u00f3n de formar profesionales altamente calificados en el campo de la soldadura y tecnolog\u00edas de uni\u00f3n de materiales. Para ello, se ha desarrollado una serie de diplomaturas, programas acad\u00e9micos y certificaciones, [&hellip;]\" \/>\n<meta property=\"og:url\" content=\"https:\/\/www.pucp.edu.pe\/ingesold\/sobre-ingesold\/presentacion\/\" \/>\n<meta property=\"og:site_name\" content=\"INGESOLD Ingenier\u00eda de Soldadura - PUCP\" \/>\n<meta property=\"article:publisher\" content=\"https:\/\/www.facebook.com\/INGESOLD2019\/\" \/>\n<meta property=\"article:modified_time\" content=\"2019-06-13T01:51:35+00:00\" \/>\n<meta name=\"twitter:card\" content=\"summary_large_image\" \/>\n<meta name=\"twitter:label1\" content=\"Tiempo de lectura\" \/>\n\t<meta name=\"twitter:data1\" content=\"1 minuto\" \/>\n<script type=\"application\/ld+json\" class=\"yoast-schema-graph\">{\"@context\":\"https:\/\/schema.org\",\"@graph\":[{\"@type\":\"WebPage\",\"@id\":\"https:\/\/www.pucp.edu.pe\/ingesold\/sobre-ingesold\/presentacion\/\",\"url\":\"https:\/\/www.pucp.edu.pe\/ingesold\/sobre-ingesold\/presentacion\/\",\"name\":\"Presentaci\u00f3n | INGESOLD Ingenier\u00eda de Soldadura - PUCP\",\"isPartOf\":{\"@id\":\"https:\/\/www.pucp.edu.pe\/ingesold\/#website\"},\"datePublished\":\"2019-04-07T19:15:20+00:00\",\"dateModified\":\"2019-06-13T01:51:35+00:00\",\"breadcrumb\":{\"@id\":\"https:\/\/www.pucp.edu.pe\/ingesold\/sobre-ingesold\/presentacion\/#breadcrumb\"},\"inLanguage\":\"es\",\"potentialAction\":[{\"@type\":\"ReadAction\",\"target\":[\"https:\/\/www.pucp.edu.pe\/ingesold\/sobre-ingesold\/presentacion\/\"]}]},{\"@type\":\"BreadcrumbList\",\"@id\":\"https:\/\/www.pucp.edu.pe\/ingesold\/sobre-ingesold\/presentacion\/#breadcrumb\",\"itemListElement\":[{\"@type\":\"ListItem\",\"position\":1,\"name\":\"Home\",\"item\":\"https:\/\/www.pucp.edu.pe\/ingesold\/\"},{\"@type\":\"ListItem\",\"position\":2,\"name\":\"Sobre INGESOLD\",\"item\":\"https:\/\/www.pucp.edu.pe\/ingesold\/sobre-ingesold\/\"},{\"@type\":\"ListItem\",\"position\":3,\"name\":\"Presentaci\u00f3n\"}]},{\"@type\":\"WebSite\",\"@id\":\"https:\/\/www.pucp.edu.pe\/ingesold\/#website\",\"url\":\"https:\/\/www.pucp.edu.pe\/ingesold\/\",\"name\":\"INGESOLD Ingenier\u00eda de Soldadura - PUCP\",\"description\":\"\",\"potentialAction\":[{\"@type\":\"SearchAction\",\"target\":{\"@type\":\"EntryPoint\",\"urlTemplate\":\"https:\/\/www.pucp.edu.pe\/ingesold\/?s={search_term_string}\"},\"query-input\":{\"@type\":\"PropertyValueSpecification\",\"valueRequired\":true,\"valueName\":\"search_term_string\"}}],\"inLanguage\":\"es\"}]}<\/script>\n<!-- \/ Yoast SEO plugin. -->","yoast_head_json":{"title":"Presentaci\u00f3n | INGESOLD Ingenier\u00eda de Soldadura - PUCP","robots":{"index":"index","follow":"follow","max-snippet":"max-snippet:-1","max-image-preview":"max-image-preview:large","max-video-preview":"max-video-preview:-1"},"canonical":"https:\/\/www.pucp.edu.pe\/ingesold\/sobre-ingesold\/presentacion\/","og_locale":"es_ES","og_type":"article","og_title":"Presentaci\u00f3n | INGESOLD Ingenier\u00eda de Soldadura - PUCP","og_description":"La Unidad Ingenier\u00eda de Soldadura de la Pontificia Universidad Cat\u00f3lica del Per\u00fa, INGESOLD, nace en el a\u00f1o 1998 como una propuesta acad\u00e9mica con la misi\u00f3n de formar profesionales altamente calificados en el campo de la soldadura y tecnolog\u00edas de uni\u00f3n de materiales. Para ello, se ha desarrollado una serie de diplomaturas, programas acad\u00e9micos y certificaciones, [&hellip;]","og_url":"https:\/\/www.pucp.edu.pe\/ingesold\/sobre-ingesold\/presentacion\/","og_site_name":"INGESOLD Ingenier\u00eda de Soldadura - PUCP","article_publisher":"https:\/\/www.facebook.com\/INGESOLD2019\/","article_modified_time":"2019-06-13T01:51:35+00:00","twitter_card":"summary_large_image","twitter_misc":{"Tiempo de lectura":"1 minuto"},"schema":{"@context":"https:\/\/schema.org","@graph":[{"@type":"WebPage","@id":"https:\/\/www.pucp.edu.pe\/ingesold\/sobre-ingesold\/presentacion\/","url":"https:\/\/www.pucp.edu.pe\/ingesold\/sobre-ingesold\/presentacion\/","name":"Presentaci\u00f3n | INGESOLD Ingenier\u00eda de Soldadura - PUCP","isPartOf":{"@id":"https:\/\/www.pucp.edu.pe\/ingesold\/#website"},"datePublished":"2019-04-07T19:15:20+00:00","dateModified":"2019-06-13T01:51:35+00:00","breadcrumb":{"@id":"https:\/\/www.pucp.edu.pe\/ingesold\/sobre-ingesold\/presentacion\/#breadcrumb"},"inLanguage":"es","potentialAction":[{"@type":"ReadAction","target":["https:\/\/www.pucp.edu.pe\/ingesold\/sobre-ingesold\/presentacion\/"]}]},{"@type":"BreadcrumbList","@id":"https:\/\/www.pucp.edu.pe\/ingesold\/sobre-ingesold\/presentacion\/#breadcrumb","itemListElement":[{"@type":"ListItem","position":1,"name":"Home","item":"https:\/\/www.pucp.edu.pe\/ingesold\/"},{"@type":"ListItem","position":2,"name":"Sobre INGESOLD","item":"https:\/\/www.pucp.edu.pe\/ingesold\/sobre-ingesold\/"},{"@type":"ListItem","position":3,"name":"Presentaci\u00f3n"}]},{"@type":"WebSite","@id":"https:\/\/www.pucp.edu.pe\/ingesold\/#website","url":"https:\/\/www.pucp.edu.pe\/ingesold\/","name":"INGESOLD Ingenier\u00eda de Soldadura - PUCP","description":"","potentialAction":[{"@type":"SearchAction","target":{"@type":"EntryPoint","urlTemplate":"https:\/\/www.pucp.edu.pe\/ingesold\/?s={search_term_string}"},"query-input":{"@type":"PropertyValueSpecification","valueRequired":true,"valueName":"search_term_string"}}],"inLanguage":"es"}]}},"_links":{"self":[{"href":"https:\/\/www.pucp.edu.pe\/ingesold\/wp-json\/wp\/v2\/pages\/4666","targetHints":{"allow":["GET"]}}],"collection":[{"href":"https:\/\/www.pucp.edu.pe\/ingesold\/wp-json\/wp\/v2\/pages"}],"about":[{"href":"https:\/\/www.pucp.edu.pe\/ingesold\/wp-json\/wp\/v2\/types\/page"}],"author":[{"embeddable":true,"href":"https:\/\/www.pucp.edu.pe\/ingesold\/wp-json\/wp\/v2\/users\/1"}],"replies":[{"embeddable":true,"href":"https:\/\/www.pucp.edu.pe\/ingesold\/wp-json\/wp\/v2\/comments?post=4666"}],"version-history":[{"count":37,"href":"https:\/\/www.pucp.edu.pe\/ingesold\/wp-json\/wp\/v2\/pages\/4666\/revisions"}],"predecessor-version":[{"id":5597,"href":"https:\/\/www.pucp.edu.pe\/ingesold\/wp-json\/wp\/v2\/pages\/4666\/revisions\/5597"}],"up":[{"embeddable":true,"href":"https:\/\/www.pucp.edu.pe\/ingesold\/wp-json\/wp\/v2\/pages\/3006"}],"wp:attachment":[{"href":"https:\/\/www.pucp.edu.pe\/ingesold\/wp-json\/wp\/v2\/media?parent=4666"}],"curies":[{"name":"wp","href":"https:\/\/api.w.org\/{rel}","templated":true}]}}