{"id":4665,"date":"2019-04-07T17:37:01","date_gmt":"2019-04-07T17:37:01","guid":{"rendered":"https:\/\/www.pucp.edu.pe\/ingesold\/informacion-para-estudiantes\/financiamiento\/"},"modified":"2021-03-04T04:03:50","modified_gmt":"2021-03-04T04:03:50","slug":"financiamiento","status":"publish","type":"page","link":"https:\/\/www.pucp.edu.pe\/ingesold\/informacion-para-estudiantes\/financiamiento\/","title":{"rendered":"Financiamiento"},"content":{"rendered":"<p>A continuaci\u00f3n te informamos las alternativas que tienes para financiar el costo de tu programa. Lo puedes hacer al contado, a trav\u00e9s de financiamiento PUCP y Pronabec. Conoce estas opciones a continuaci\u00f3n.<\/p>\n<h3>1. Al contado<\/h3>\n<p>Puedes pagar el total del costo de tu programa, es decir, antes del inicio de clases. Consulta con nosotros para conocer los beneficios especiales de esta opci\u00f3n.<\/p>\n<h3>2. Con financiamiento PUCP<\/h3>\n<p>Te permite financiar el costo de tu programa (se aplica a personas naturales y jur\u00eddicas). Se expresa en letras de cumplimiento mensual. Para este beneficio, debes cumplir algunos requisitos.<\/p>\n<p>Consulta con nosotros para conocer los beneficios especiales de esta opci\u00f3n.<\/p>\n<h3>3. Pronabec<\/h3>\n<p>Pronabec ofrece una variedad de becas y pr\u00e9stamos estudiantiles. <\/p>\n<p>Para m\u00e1s informaci\u00f3n visitar su p\u00e1gina web <a href=\"https:\/\/www.pronabec.gob.pe\/\" target=\"_blank\" rel=\"noopener\">PRONABEC &gt;<\/a><\/p>\n","protected":false},"excerpt":{"rendered":"<p>A continuaci\u00f3n te informamos las alternativas que tienes para financiar el costo de tu programa. Lo puedes hacer al contado, a trav\u00e9s de financiamiento PUCP y Pronabec. Conoce estas opciones a continuaci\u00f3n. 1. Al contado Puedes pagar el total del costo de tu programa, es decir, antes del inicio de clases. Consulta con nosotros para [&hellip;]<\/p>\n","protected":false},"author":1,"featured_media":0,"parent":3061,"menu_order":2,"comment_status":"closed","ping_status":"closed","template":"","meta":{"_acf_changed":false,"footnotes":""},"class_list":["post-4665","page","type-page","status-publish","hentry"],"acf":[],"yoast_head":"<!-- This site is optimized with the Yoast SEO plugin v27.2 - https:\/\/yoast.com\/product\/yoast-seo-wordpress\/ -->\n<title>Financiamiento | INGESOLD Ingenier\u00eda de Soldadura - PUCP<\/title>\n<meta name=\"robots\" content=\"index, follow, max-snippet:-1, max-image-preview:large, max-video-preview:-1\" \/>\n<link rel=\"canonical\" href=\"https:\/\/www.pucp.edu.pe\/ingesold\/informacion-para-estudiantes\/financiamiento\/\" \/>\n<meta property=\"og:locale\" content=\"es_ES\" \/>\n<meta property=\"og:type\" content=\"article\" \/>\n<meta property=\"og:title\" content=\"Financiamiento | INGESOLD Ingenier\u00eda de Soldadura - PUCP\" \/>\n<meta property=\"og:description\" content=\"A continuaci\u00f3n te informamos las alternativas que tienes para financiar el costo de tu programa. Lo puedes hacer al contado, a trav\u00e9s de financiamiento PUCP y Pronabec. Conoce estas opciones a continuaci\u00f3n. 1. Al contado Puedes pagar el total del costo de tu programa, es decir, antes del inicio de clases. Consulta con nosotros para [&hellip;]\" \/>\n<meta property=\"og:url\" content=\"https:\/\/www.pucp.edu.pe\/ingesold\/informacion-para-estudiantes\/financiamiento\/\" \/>\n<meta property=\"og:site_name\" content=\"INGESOLD Ingenier\u00eda de Soldadura - PUCP\" \/>\n<meta property=\"article:publisher\" content=\"https:\/\/www.facebook.com\/INGESOLD2019\/\" \/>\n<meta property=\"article:modified_time\" content=\"2021-03-04T04:03:50+00:00\" \/>\n<meta name=\"twitter:card\" content=\"summary_large_image\" \/>\n<meta name=\"twitter:label1\" content=\"Tiempo de lectura\" \/>\n\t<meta name=\"twitter:data1\" content=\"1 minuto\" \/>\n<script type=\"application\/ld+json\" class=\"yoast-schema-graph\">{\"@context\":\"https:\/\/schema.org\",\"@graph\":[{\"@type\":\"WebPage\",\"@id\":\"https:\/\/www.pucp.edu.pe\/ingesold\/informacion-para-estudiantes\/financiamiento\/\",\"url\":\"https:\/\/www.pucp.edu.pe\/ingesold\/informacion-para-estudiantes\/financiamiento\/\",\"name\":\"Financiamiento | INGESOLD Ingenier\u00eda de Soldadura - PUCP\",\"isPartOf\":{\"@id\":\"https:\/\/www.pucp.edu.pe\/ingesold\/#website\"},\"datePublished\":\"2019-04-07T17:37:01+00:00\",\"dateModified\":\"2021-03-04T04:03:50+00:00\",\"breadcrumb\":{\"@id\":\"https:\/\/www.pucp.edu.pe\/ingesold\/informacion-para-estudiantes\/financiamiento\/#breadcrumb\"},\"inLanguage\":\"es\",\"potentialAction\":[{\"@type\":\"ReadAction\",\"target\":[\"https:\/\/www.pucp.edu.pe\/ingesold\/informacion-para-estudiantes\/financiamiento\/\"]}]},{\"@type\":\"BreadcrumbList\",\"@id\":\"https:\/\/www.pucp.edu.pe\/ingesold\/informacion-para-estudiantes\/financiamiento\/#breadcrumb\",\"itemListElement\":[{\"@type\":\"ListItem\",\"position\":1,\"name\":\"Home\",\"item\":\"https:\/\/www.pucp.edu.pe\/ingesold\/\"},{\"@type\":\"ListItem\",\"position\":2,\"name\":\"Informaci\u00f3n para estudiantes\",\"item\":\"https:\/\/www.pucp.edu.pe\/ingesold\/informacion-para-estudiantes\/\"},{\"@type\":\"ListItem\",\"position\":3,\"name\":\"Financiamiento\"}]},{\"@type\":\"WebSite\",\"@id\":\"https:\/\/www.pucp.edu.pe\/ingesold\/#website\",\"url\":\"https:\/\/www.pucp.edu.pe\/ingesold\/\",\"name\":\"INGESOLD Ingenier\u00eda de Soldadura - PUCP\",\"description\":\"\",\"potentialAction\":[{\"@type\":\"SearchAction\",\"target\":{\"@type\":\"EntryPoint\",\"urlTemplate\":\"https:\/\/www.pucp.edu.pe\/ingesold\/?s={search_term_string}\"},\"query-input\":{\"@type\":\"PropertyValueSpecification\",\"valueRequired\":true,\"valueName\":\"search_term_string\"}}],\"inLanguage\":\"es\"}]}<\/script>\n<!-- \/ Yoast SEO plugin. -->","yoast_head_json":{"title":"Financiamiento | INGESOLD Ingenier\u00eda de Soldadura - PUCP","robots":{"index":"index","follow":"follow","max-snippet":"max-snippet:-1","max-image-preview":"max-image-preview:large","max-video-preview":"max-video-preview:-1"},"canonical":"https:\/\/www.pucp.edu.pe\/ingesold\/informacion-para-estudiantes\/financiamiento\/","og_locale":"es_ES","og_type":"article","og_title":"Financiamiento | INGESOLD Ingenier\u00eda de Soldadura - PUCP","og_description":"A continuaci\u00f3n te informamos las alternativas que tienes para financiar el costo de tu programa. Lo puedes hacer al contado, a trav\u00e9s de financiamiento PUCP y Pronabec. Conoce estas opciones a continuaci\u00f3n. 1. Al contado Puedes pagar el total del costo de tu programa, es decir, antes del inicio de clases. Consulta con nosotros para [&hellip;]","og_url":"https:\/\/www.pucp.edu.pe\/ingesold\/informacion-para-estudiantes\/financiamiento\/","og_site_name":"INGESOLD Ingenier\u00eda de Soldadura - PUCP","article_publisher":"https:\/\/www.facebook.com\/INGESOLD2019\/","article_modified_time":"2021-03-04T04:03:50+00:00","twitter_card":"summary_large_image","twitter_misc":{"Tiempo de lectura":"1 minuto"},"schema":{"@context":"https:\/\/schema.org","@graph":[{"@type":"WebPage","@id":"https:\/\/www.pucp.edu.pe\/ingesold\/informacion-para-estudiantes\/financiamiento\/","url":"https:\/\/www.pucp.edu.pe\/ingesold\/informacion-para-estudiantes\/financiamiento\/","name":"Financiamiento | INGESOLD Ingenier\u00eda de Soldadura - PUCP","isPartOf":{"@id":"https:\/\/www.pucp.edu.pe\/ingesold\/#website"},"datePublished":"2019-04-07T17:37:01+00:00","dateModified":"2021-03-04T04:03:50+00:00","breadcrumb":{"@id":"https:\/\/www.pucp.edu.pe\/ingesold\/informacion-para-estudiantes\/financiamiento\/#breadcrumb"},"inLanguage":"es","potentialAction":[{"@type":"ReadAction","target":["https:\/\/www.pucp.edu.pe\/ingesold\/informacion-para-estudiantes\/financiamiento\/"]}]},{"@type":"BreadcrumbList","@id":"https:\/\/www.pucp.edu.pe\/ingesold\/informacion-para-estudiantes\/financiamiento\/#breadcrumb","itemListElement":[{"@type":"ListItem","position":1,"name":"Home","item":"https:\/\/www.pucp.edu.pe\/ingesold\/"},{"@type":"ListItem","position":2,"name":"Informaci\u00f3n para estudiantes","item":"https:\/\/www.pucp.edu.pe\/ingesold\/informacion-para-estudiantes\/"},{"@type":"ListItem","position":3,"name":"Financiamiento"}]},{"@type":"WebSite","@id":"https:\/\/www.pucp.edu.pe\/ingesold\/#website","url":"https:\/\/www.pucp.edu.pe\/ingesold\/","name":"INGESOLD Ingenier\u00eda de Soldadura - PUCP","description":"","potentialAction":[{"@type":"SearchAction","target":{"@type":"EntryPoint","urlTemplate":"https:\/\/www.pucp.edu.pe\/ingesold\/?s={search_term_string}"},"query-input":{"@type":"PropertyValueSpecification","valueRequired":true,"valueName":"search_term_string"}}],"inLanguage":"es"}]}},"_links":{"self":[{"href":"https:\/\/www.pucp.edu.pe\/ingesold\/wp-json\/wp\/v2\/pages\/4665","targetHints":{"allow":["GET"]}}],"collection":[{"href":"https:\/\/www.pucp.edu.pe\/ingesold\/wp-json\/wp\/v2\/pages"}],"about":[{"href":"https:\/\/www.pucp.edu.pe\/ingesold\/wp-json\/wp\/v2\/types\/page"}],"author":[{"embeddable":true,"href":"https:\/\/www.pucp.edu.pe\/ingesold\/wp-json\/wp\/v2\/users\/1"}],"replies":[{"embeddable":true,"href":"https:\/\/www.pucp.edu.pe\/ingesold\/wp-json\/wp\/v2\/comments?post=4665"}],"version-history":[{"count":21,"href":"https:\/\/www.pucp.edu.pe\/ingesold\/wp-json\/wp\/v2\/pages\/4665\/revisions"}],"predecessor-version":[{"id":5780,"href":"https:\/\/www.pucp.edu.pe\/ingesold\/wp-json\/wp\/v2\/pages\/4665\/revisions\/5780"}],"up":[{"embeddable":true,"href":"https:\/\/www.pucp.edu.pe\/ingesold\/wp-json\/wp\/v2\/pages\/3061"}],"wp:attachment":[{"href":"https:\/\/www.pucp.edu.pe\/ingesold\/wp-json\/wp\/v2\/media?parent=4665"}],"curies":[{"name":"wp","href":"https:\/\/api.w.org\/{rel}","templated":true}]}}