{"id":3065,"date":"2018-11-12T17:18:25","date_gmt":"2018-11-12T17:18:25","guid":{"rendered":"https:\/\/www.pucp.edu.pe\/ingesold\/servicios\/asesoria-a-colegios\/orientacion-metodologica-y-capacitacion-a-docentes\/"},"modified":"2025-10-31T22:14:17","modified_gmt":"2025-10-31T22:14:17","slug":"calendario","status":"publish","type":"page","link":"https:\/\/www.pucp.edu.pe\/ingesold\/informacion-para-estudiantes\/calendario\/","title":{"rendered":"Calendario"},"content":{"rendered":"<p>Revisa el cronograma de los programas y cursos que tenemos para ti este <strong>2026<\/strong>.<\/p>\n<h3>Diplomaturas de especializaci\u00f3n<\/h3>\n<table class=\"col-lg zcaja\">\n<tbody>\n<tr class=\"th-01\">\n<th scope=\"col\">Diplomaturas<\/th>\n<th scope=\"col\">Inicio<\/th>\n<th scope=\"col\">Duraci\u00f3n<\/th>\n<th scope=\"col\">Modalidad<\/th>\n<\/tr>\n<tr>\n<td>Ingenier\u00eda de Soldadura<\/td>\n<td>16 de marzo<\/td>\n<td>9 meses<\/td>\n<td>Semipresencial<\/td>\n<\/tr>\n<tr>\n<td>Gesti\u00f3n de Maquinaria Pesada<\/td>\n<td>08 de abril<\/td>\n<td>7 meses<\/td>\n<td>A distancia<\/td>\n<\/tr>\n<tr>\n<td>Ingenier\u00eda de Maquinaria Pesada<\/td>\n<td>Por confirmar<\/td>\n<td>7 meses<\/td>\n<td>Semipresencial<\/td>\n<\/tr>\n<\/tbody>\n<\/table>\n<h3><\/h3>\n<h3>Diplomaturas de estudio<\/h3>\n<table class=\"col-lg zcaja\">\n<tbody>\n<tr class=\"th-01\">\n<th scope=\"col\">Diplomaturas<\/th>\n<th scope=\"col\">Inicio<\/th>\n<th scope=\"col\">Duraci\u00f3n<\/th>\n<th scope=\"col\">Modalidad<\/th>\n<\/tr>\n<tr>\n<td>Inspector de Soldadura<\/td>\n<td>Inicio: 16 de febrero y 19 de octubre<\/td>\n<td>5 meses virtual y 20 horas presencial<\/td>\n<td>Semipresencial<\/td>\n<\/tr>\n<tr>\n<td>An\u00e1lisis de Falla en Componentes Mec\u00e1nicos<\/td>\n<td>2 de marzo, 29 de junio y 5 de octubre<\/td>\n<td>5 meses virtual y 22 horas presencial<\/td>\n<td>Semipresencial<\/td>\n<\/tr>\n<\/tbody>\n<\/table>\n<h3><\/h3>\n<h3>Cursos<\/h3>\n<table class=\"col-lg zcaja\">\n<tbody>\n<tr class=\"th-01\">\n<th scope=\"col\">Cursos<\/th>\n<th scope=\"col\">Inicio<\/th>\n<th scope=\"col\">Duraci\u00f3n<\/th>\n<th scope=\"col\">Modalidad<\/th>\n<\/tr>\n<tr>\n<td>Cl\u00ednica de C\u00f3digo: Est\u00e1ndar API 1104<\/td>\n<td>Por confirmar<\/td>\n<td>11 semanas<\/td>\n<td>Virtual<\/td>\n<\/tr>\n<tr>\n<td>Ensayos No Destructivos: L\u00edquidos Penetrantes Nivel 1 y 2<\/td>\n<td>19 de mayo y 15 de septiembre<\/td>\n<td>11 semanas virtual y 2 d\u00edas presencial<\/td>\n<td>Semipresencial<\/td>\n<\/tr>\n<tr>\n<td>Cl\u00ednica de C\u00f3digo: ASME Secci\u00f3n IX<\/td>\n<td>Abril 2026<\/td>\n<td>3 semanas<\/td>\n<td>Virtual<\/td>\n<\/tr>\n<tr>\n<td>Corrosi\u00f3n en Estructuras de Concreto Armado<\/td>\n<td>Por confirmar<\/td>\n<td>2 semanas<\/td>\n<td>Semipresencial<\/td>\n<\/tr>\n<tr>\n<td>Cl\u00ednica de C\u00f3digo: Est\u00e1ndar AWS D1.1<\/td>\n<td>Por confirmar<\/td>\n<td>2 semanas<\/td>\n<td>Virtual<\/td>\n<\/tr>\n<tr>\n<td>Ensayos No Destructivos: Part\u00edculas Magn\u00e9ticas Nivel 1 y 2<\/td>\n<td>Por confirmar<\/td>\n<td>8 semanas y 12 horas<\/td>\n<td>Semipresencial<\/td>\n<\/tr>\n<tr>\n<td>Curso de Preparaci\u00f3n para el Examen de Certificaci\u00f3n CWI-AWS<\/td>\n<td>Por confirmar<\/td>\n<td>Por confirmar<\/td>\n<td>Presencial<\/td>\n<\/tr>\n<\/tbody>\n<\/table>\n<h3><\/h3>\n<h3>Ex\u00e1menes internacionales y certificaci\u00f3n<\/h3>\n<table class=\"col-lg zcaja\">\n<tbody>\n<tr class=\"th-01\">\n<th scope=\"col\">Examen<\/th>\n<th scope=\"col\">Fecha<\/th>\n<\/tr>\n<tr>\n<td>Examen de Certificaci\u00f3n: Inspector de Construcciones Soldadas CESOL-ICS Nivel I, II y III<\/td>\n<td>Febrero 2026 (Por confirmar)<\/td>\n<\/tr>\n<tr>\n<td>Examen de Certificaci\u00f3n CWI-AWS<\/td>\n<td>Febrero 2026 (Por confirmar)<\/td>\n<\/tr>\n<\/tbody>\n<\/table>\n","protected":false},"excerpt":{"rendered":"<p>Revisa el cronograma de los programas y cursos que tenemos para ti este 2026. Diplomaturas de especializaci\u00f3n Diplomaturas Inicio Duraci\u00f3n Modalidad Ingenier\u00eda de Soldadura 16 de marzo 9 meses Semipresencial Gesti\u00f3n de Maquinaria Pesada 08 de abril 7 meses A distancia Ingenier\u00eda de Maquinaria Pesada Por confirmar 7 meses Semipresencial Diplomaturas de estudio Diplomaturas Inicio [&hellip;]<\/p>\n","protected":false},"author":1,"featured_media":0,"parent":3061,"menu_order":0,"comment_status":"closed","ping_status":"closed","template":"","meta":{"_acf_changed":false,"footnotes":""},"class_list":["post-3065","page","type-page","status-publish","hentry"],"acf":[],"yoast_head":"<!-- This site is optimized with the Yoast SEO plugin v27.2 - https:\/\/yoast.com\/product\/yoast-seo-wordpress\/ -->\n<title>Calendario | INGESOLD Ingenier\u00eda de Soldadura - PUCP<\/title>\n<meta name=\"robots\" content=\"index, follow, max-snippet:-1, max-image-preview:large, max-video-preview:-1\" \/>\n<link rel=\"canonical\" href=\"https:\/\/www.pucp.edu.pe\/ingesold\/informacion-para-estudiantes\/calendario\/\" \/>\n<meta property=\"og:locale\" content=\"es_ES\" \/>\n<meta property=\"og:type\" content=\"article\" \/>\n<meta property=\"og:title\" content=\"Calendario | INGESOLD Ingenier\u00eda de Soldadura - PUCP\" \/>\n<meta property=\"og:description\" content=\"Revisa el cronograma de los programas y cursos que tenemos para ti este 2026. Diplomaturas de especializaci\u00f3n Diplomaturas Inicio Duraci\u00f3n Modalidad Ingenier\u00eda de Soldadura 16 de marzo 9 meses Semipresencial Gesti\u00f3n de Maquinaria Pesada 08 de abril 7 meses A distancia Ingenier\u00eda de Maquinaria Pesada Por confirmar 7 meses Semipresencial Diplomaturas de estudio Diplomaturas Inicio [&hellip;]\" \/>\n<meta property=\"og:url\" content=\"https:\/\/www.pucp.edu.pe\/ingesold\/informacion-para-estudiantes\/calendario\/\" \/>\n<meta property=\"og:site_name\" content=\"INGESOLD Ingenier\u00eda de Soldadura - PUCP\" \/>\n<meta property=\"article:publisher\" content=\"https:\/\/www.facebook.com\/INGESOLD2019\/\" \/>\n<meta property=\"article:modified_time\" content=\"2025-10-31T22:14:17+00:00\" \/>\n<meta name=\"twitter:card\" content=\"summary_large_image\" \/>\n<meta name=\"twitter:label1\" content=\"Tiempo de lectura\" \/>\n\t<meta name=\"twitter:data1\" content=\"2 minutos\" \/>\n<script type=\"application\/ld+json\" class=\"yoast-schema-graph\">{\"@context\":\"https:\/\/schema.org\",\"@graph\":[{\"@type\":\"WebPage\",\"@id\":\"https:\/\/www.pucp.edu.pe\/ingesold\/informacion-para-estudiantes\/calendario\/\",\"url\":\"https:\/\/www.pucp.edu.pe\/ingesold\/informacion-para-estudiantes\/calendario\/\",\"name\":\"Calendario | INGESOLD Ingenier\u00eda de Soldadura - PUCP\",\"isPartOf\":{\"@id\":\"https:\/\/www.pucp.edu.pe\/ingesold\/#website\"},\"datePublished\":\"2018-11-12T17:18:25+00:00\",\"dateModified\":\"2025-10-31T22:14:17+00:00\",\"breadcrumb\":{\"@id\":\"https:\/\/www.pucp.edu.pe\/ingesold\/informacion-para-estudiantes\/calendario\/#breadcrumb\"},\"inLanguage\":\"es\",\"potentialAction\":[{\"@type\":\"ReadAction\",\"target\":[\"https:\/\/www.pucp.edu.pe\/ingesold\/informacion-para-estudiantes\/calendario\/\"]}]},{\"@type\":\"BreadcrumbList\",\"@id\":\"https:\/\/www.pucp.edu.pe\/ingesold\/informacion-para-estudiantes\/calendario\/#breadcrumb\",\"itemListElement\":[{\"@type\":\"ListItem\",\"position\":1,\"name\":\"Home\",\"item\":\"https:\/\/www.pucp.edu.pe\/ingesold\/\"},{\"@type\":\"ListItem\",\"position\":2,\"name\":\"Informaci\u00f3n para estudiantes\",\"item\":\"https:\/\/www.pucp.edu.pe\/ingesold\/informacion-para-estudiantes\/\"},{\"@type\":\"ListItem\",\"position\":3,\"name\":\"Calendario\"}]},{\"@type\":\"WebSite\",\"@id\":\"https:\/\/www.pucp.edu.pe\/ingesold\/#website\",\"url\":\"https:\/\/www.pucp.edu.pe\/ingesold\/\",\"name\":\"INGESOLD Ingenier\u00eda de Soldadura - PUCP\",\"description\":\"\",\"potentialAction\":[{\"@type\":\"SearchAction\",\"target\":{\"@type\":\"EntryPoint\",\"urlTemplate\":\"https:\/\/www.pucp.edu.pe\/ingesold\/?s={search_term_string}\"},\"query-input\":{\"@type\":\"PropertyValueSpecification\",\"valueRequired\":true,\"valueName\":\"search_term_string\"}}],\"inLanguage\":\"es\"}]}<\/script>\n<!-- \/ Yoast SEO plugin. -->","yoast_head_json":{"title":"Calendario | INGESOLD Ingenier\u00eda de Soldadura - PUCP","robots":{"index":"index","follow":"follow","max-snippet":"max-snippet:-1","max-image-preview":"max-image-preview:large","max-video-preview":"max-video-preview:-1"},"canonical":"https:\/\/www.pucp.edu.pe\/ingesold\/informacion-para-estudiantes\/calendario\/","og_locale":"es_ES","og_type":"article","og_title":"Calendario | INGESOLD Ingenier\u00eda de Soldadura - PUCP","og_description":"Revisa el cronograma de los programas y cursos que tenemos para ti este 2026. Diplomaturas de especializaci\u00f3n Diplomaturas Inicio Duraci\u00f3n Modalidad Ingenier\u00eda de Soldadura 16 de marzo 9 meses Semipresencial Gesti\u00f3n de Maquinaria Pesada 08 de abril 7 meses A distancia Ingenier\u00eda de Maquinaria Pesada Por confirmar 7 meses Semipresencial Diplomaturas de estudio Diplomaturas Inicio [&hellip;]","og_url":"https:\/\/www.pucp.edu.pe\/ingesold\/informacion-para-estudiantes\/calendario\/","og_site_name":"INGESOLD Ingenier\u00eda de Soldadura - PUCP","article_publisher":"https:\/\/www.facebook.com\/INGESOLD2019\/","article_modified_time":"2025-10-31T22:14:17+00:00","twitter_card":"summary_large_image","twitter_misc":{"Tiempo de lectura":"2 minutos"},"schema":{"@context":"https:\/\/schema.org","@graph":[{"@type":"WebPage","@id":"https:\/\/www.pucp.edu.pe\/ingesold\/informacion-para-estudiantes\/calendario\/","url":"https:\/\/www.pucp.edu.pe\/ingesold\/informacion-para-estudiantes\/calendario\/","name":"Calendario | INGESOLD Ingenier\u00eda de Soldadura - PUCP","isPartOf":{"@id":"https:\/\/www.pucp.edu.pe\/ingesold\/#website"},"datePublished":"2018-11-12T17:18:25+00:00","dateModified":"2025-10-31T22:14:17+00:00","breadcrumb":{"@id":"https:\/\/www.pucp.edu.pe\/ingesold\/informacion-para-estudiantes\/calendario\/#breadcrumb"},"inLanguage":"es","potentialAction":[{"@type":"ReadAction","target":["https:\/\/www.pucp.edu.pe\/ingesold\/informacion-para-estudiantes\/calendario\/"]}]},{"@type":"BreadcrumbList","@id":"https:\/\/www.pucp.edu.pe\/ingesold\/informacion-para-estudiantes\/calendario\/#breadcrumb","itemListElement":[{"@type":"ListItem","position":1,"name":"Home","item":"https:\/\/www.pucp.edu.pe\/ingesold\/"},{"@type":"ListItem","position":2,"name":"Informaci\u00f3n para estudiantes","item":"https:\/\/www.pucp.edu.pe\/ingesold\/informacion-para-estudiantes\/"},{"@type":"ListItem","position":3,"name":"Calendario"}]},{"@type":"WebSite","@id":"https:\/\/www.pucp.edu.pe\/ingesold\/#website","url":"https:\/\/www.pucp.edu.pe\/ingesold\/","name":"INGESOLD Ingenier\u00eda de Soldadura - PUCP","description":"","potentialAction":[{"@type":"SearchAction","target":{"@type":"EntryPoint","urlTemplate":"https:\/\/www.pucp.edu.pe\/ingesold\/?s={search_term_string}"},"query-input":{"@type":"PropertyValueSpecification","valueRequired":true,"valueName":"search_term_string"}}],"inLanguage":"es"}]}},"_links":{"self":[{"href":"https:\/\/www.pucp.edu.pe\/ingesold\/wp-json\/wp\/v2\/pages\/3065","targetHints":{"allow":["GET"]}}],"collection":[{"href":"https:\/\/www.pucp.edu.pe\/ingesold\/wp-json\/wp\/v2\/pages"}],"about":[{"href":"https:\/\/www.pucp.edu.pe\/ingesold\/wp-json\/wp\/v2\/types\/page"}],"author":[{"embeddable":true,"href":"https:\/\/www.pucp.edu.pe\/ingesold\/wp-json\/wp\/v2\/users\/1"}],"replies":[{"embeddable":true,"href":"https:\/\/www.pucp.edu.pe\/ingesold\/wp-json\/wp\/v2\/comments?post=3065"}],"version-history":[{"count":137,"href":"https:\/\/www.pucp.edu.pe\/ingesold\/wp-json\/wp\/v2\/pages\/3065\/revisions"}],"predecessor-version":[{"id":6079,"href":"https:\/\/www.pucp.edu.pe\/ingesold\/wp-json\/wp\/v2\/pages\/3065\/revisions\/6079"}],"up":[{"embeddable":true,"href":"https:\/\/www.pucp.edu.pe\/ingesold\/wp-json\/wp\/v2\/pages\/3061"}],"wp:attachment":[{"href":"https:\/\/www.pucp.edu.pe\/ingesold\/wp-json\/wp\/v2\/media?parent=3065"}],"curies":[{"name":"wp","href":"https:\/\/api.w.org\/{rel}","templated":true}]}}