{"id":3024,"date":"2018-11-12T15:38:41","date_gmt":"2018-11-12T15:38:41","guid":{"rendered":"https:\/\/www.pucp.edu.pe\/ingesold\/?page_id=3024"},"modified":"2019-05-22T21:41:08","modified_gmt":"2019-05-22T21:41:08","slug":"programas","status":"publish","type":"page","link":"https:\/\/www.pucp.edu.pe\/ingesold\/programas\/","title":{"rendered":"Programas"},"content":{"rendered":"<p>En Ingesold estamos dedicados a la formaci\u00f3n de alta calidad en el campo y al constante desarrollo de proyectos de soldadura y tecnolog\u00edas de uni\u00f3n de materiales,\u00a0maquinaria pesada, ingenier\u00eda de piping, entre otros.<\/p>\n","protected":false},"excerpt":{"rendered":"<p>En Ingesold estamos dedicados a la formaci\u00f3n de alta calidad en el campo y al constante desarrollo de proyectos de soldadura y tecnolog\u00edas de uni\u00f3n de materiales,\u00a0maquinaria pesada, ingenier\u00eda de piping, entre otros.<\/p>\n","protected":false},"author":1,"featured_media":0,"parent":0,"menu_order":1,"comment_status":"closed","ping_status":"closed","template":"","meta":{"_acf_changed":false,"footnotes":""},"class_list":["post-3024","page","type-page","status-publish","hentry"],"acf":[],"yoast_head":"<!-- This site is optimized with the Yoast SEO plugin v27.2 - https:\/\/yoast.com\/product\/yoast-seo-wordpress\/ -->\n<title>Programas | INGESOLD Ingenier\u00eda de Soldadura - PUCP<\/title>\n<meta name=\"description\" content=\"Conoce nuestros cursos, maestr\u00eda y diplomaturas. Especial\u00edzate en soldadura, maquinaria pesada, ingenier\u00eda de piping. Docentes PUCP altamente calificados.\" \/>\n<meta name=\"robots\" content=\"index, follow, max-snippet:-1, max-image-preview:large, max-video-preview:-1\" \/>\n<link rel=\"canonical\" href=\"https:\/\/www.pucp.edu.pe\/ingesold\/programas\/\" \/>\n<meta property=\"og:locale\" content=\"es_ES\" \/>\n<meta property=\"og:type\" content=\"article\" \/>\n<meta property=\"og:title\" content=\"Programas | INGESOLD Ingenier\u00eda de Soldadura - PUCP\" \/>\n<meta property=\"og:description\" content=\"Conoce nuestros cursos, maestr\u00eda y diplomaturas. Especial\u00edzate en soldadura, maquinaria pesada, ingenier\u00eda de piping. Docentes PUCP altamente calificados.\" \/>\n<meta property=\"og:url\" content=\"https:\/\/www.pucp.edu.pe\/ingesold\/programas\/\" \/>\n<meta property=\"og:site_name\" content=\"INGESOLD Ingenier\u00eda de Soldadura - PUCP\" \/>\n<meta property=\"article:publisher\" content=\"https:\/\/www.facebook.com\/INGESOLD2019\/\" \/>\n<meta property=\"article:modified_time\" content=\"2019-05-22T21:41:08+00:00\" \/>\n<meta name=\"twitter:card\" content=\"summary_large_image\" \/>\n<script type=\"application\/ld+json\" class=\"yoast-schema-graph\">{\"@context\":\"https:\/\/schema.org\",\"@graph\":[{\"@type\":\"WebPage\",\"@id\":\"https:\/\/www.pucp.edu.pe\/ingesold\/programas\/\",\"url\":\"https:\/\/www.pucp.edu.pe\/ingesold\/programas\/\",\"name\":\"Programas | INGESOLD Ingenier\u00eda de Soldadura - PUCP\",\"isPartOf\":{\"@id\":\"https:\/\/www.pucp.edu.pe\/ingesold\/#website\"},\"datePublished\":\"2018-11-12T15:38:41+00:00\",\"dateModified\":\"2019-05-22T21:41:08+00:00\",\"description\":\"Conoce nuestros cursos, maestr\u00eda y diplomaturas. Especial\u00edzate en soldadura, maquinaria pesada, ingenier\u00eda de piping. Docentes PUCP altamente calificados.\",\"breadcrumb\":{\"@id\":\"https:\/\/www.pucp.edu.pe\/ingesold\/programas\/#breadcrumb\"},\"inLanguage\":\"es\",\"potentialAction\":[{\"@type\":\"ReadAction\",\"target\":[\"https:\/\/www.pucp.edu.pe\/ingesold\/programas\/\"]}]},{\"@type\":\"BreadcrumbList\",\"@id\":\"https:\/\/www.pucp.edu.pe\/ingesold\/programas\/#breadcrumb\",\"itemListElement\":[{\"@type\":\"ListItem\",\"position\":1,\"name\":\"Home\",\"item\":\"https:\/\/www.pucp.edu.pe\/ingesold\/\"},{\"@type\":\"ListItem\",\"position\":2,\"name\":\"Programas\"}]},{\"@type\":\"WebSite\",\"@id\":\"https:\/\/www.pucp.edu.pe\/ingesold\/#website\",\"url\":\"https:\/\/www.pucp.edu.pe\/ingesold\/\",\"name\":\"INGESOLD Ingenier\u00eda de Soldadura - PUCP\",\"description\":\"\",\"potentialAction\":[{\"@type\":\"SearchAction\",\"target\":{\"@type\":\"EntryPoint\",\"urlTemplate\":\"https:\/\/www.pucp.edu.pe\/ingesold\/?s={search_term_string}\"},\"query-input\":{\"@type\":\"PropertyValueSpecification\",\"valueRequired\":true,\"valueName\":\"search_term_string\"}}],\"inLanguage\":\"es\"}]}<\/script>\n<!-- \/ Yoast SEO plugin. -->","yoast_head_json":{"title":"Programas | INGESOLD Ingenier\u00eda de Soldadura - PUCP","description":"Conoce nuestros cursos, maestr\u00eda y diplomaturas. Especial\u00edzate en soldadura, maquinaria pesada, ingenier\u00eda de piping. Docentes PUCP altamente calificados.","robots":{"index":"index","follow":"follow","max-snippet":"max-snippet:-1","max-image-preview":"max-image-preview:large","max-video-preview":"max-video-preview:-1"},"canonical":"https:\/\/www.pucp.edu.pe\/ingesold\/programas\/","og_locale":"es_ES","og_type":"article","og_title":"Programas | INGESOLD Ingenier\u00eda de Soldadura - PUCP","og_description":"Conoce nuestros cursos, maestr\u00eda y diplomaturas. Especial\u00edzate en soldadura, maquinaria pesada, ingenier\u00eda de piping. Docentes PUCP altamente calificados.","og_url":"https:\/\/www.pucp.edu.pe\/ingesold\/programas\/","og_site_name":"INGESOLD Ingenier\u00eda de Soldadura - PUCP","article_publisher":"https:\/\/www.facebook.com\/INGESOLD2019\/","article_modified_time":"2019-05-22T21:41:08+00:00","twitter_card":"summary_large_image","schema":{"@context":"https:\/\/schema.org","@graph":[{"@type":"WebPage","@id":"https:\/\/www.pucp.edu.pe\/ingesold\/programas\/","url":"https:\/\/www.pucp.edu.pe\/ingesold\/programas\/","name":"Programas | INGESOLD Ingenier\u00eda de Soldadura - PUCP","isPartOf":{"@id":"https:\/\/www.pucp.edu.pe\/ingesold\/#website"},"datePublished":"2018-11-12T15:38:41+00:00","dateModified":"2019-05-22T21:41:08+00:00","description":"Conoce nuestros cursos, maestr\u00eda y diplomaturas. Especial\u00edzate en soldadura, maquinaria pesada, ingenier\u00eda de piping. Docentes PUCP altamente calificados.","breadcrumb":{"@id":"https:\/\/www.pucp.edu.pe\/ingesold\/programas\/#breadcrumb"},"inLanguage":"es","potentialAction":[{"@type":"ReadAction","target":["https:\/\/www.pucp.edu.pe\/ingesold\/programas\/"]}]},{"@type":"BreadcrumbList","@id":"https:\/\/www.pucp.edu.pe\/ingesold\/programas\/#breadcrumb","itemListElement":[{"@type":"ListItem","position":1,"name":"Home","item":"https:\/\/www.pucp.edu.pe\/ingesold\/"},{"@type":"ListItem","position":2,"name":"Programas"}]},{"@type":"WebSite","@id":"https:\/\/www.pucp.edu.pe\/ingesold\/#website","url":"https:\/\/www.pucp.edu.pe\/ingesold\/","name":"INGESOLD Ingenier\u00eda de Soldadura - PUCP","description":"","potentialAction":[{"@type":"SearchAction","target":{"@type":"EntryPoint","urlTemplate":"https:\/\/www.pucp.edu.pe\/ingesold\/?s={search_term_string}"},"query-input":{"@type":"PropertyValueSpecification","valueRequired":true,"valueName":"search_term_string"}}],"inLanguage":"es"}]}},"_links":{"self":[{"href":"https:\/\/www.pucp.edu.pe\/ingesold\/wp-json\/wp\/v2\/pages\/3024","targetHints":{"allow":["GET"]}}],"collection":[{"href":"https:\/\/www.pucp.edu.pe\/ingesold\/wp-json\/wp\/v2\/pages"}],"about":[{"href":"https:\/\/www.pucp.edu.pe\/ingesold\/wp-json\/wp\/v2\/types\/page"}],"author":[{"embeddable":true,"href":"https:\/\/www.pucp.edu.pe\/ingesold\/wp-json\/wp\/v2\/users\/1"}],"replies":[{"embeddable":true,"href":"https:\/\/www.pucp.edu.pe\/ingesold\/wp-json\/wp\/v2\/comments?post=3024"}],"version-history":[{"count":14,"href":"https:\/\/www.pucp.edu.pe\/ingesold\/wp-json\/wp\/v2\/pages\/3024\/revisions"}],"predecessor-version":[{"id":5449,"href":"https:\/\/www.pucp.edu.pe\/ingesold\/wp-json\/wp\/v2\/pages\/3024\/revisions\/5449"}],"wp:attachment":[{"href":"https:\/\/www.pucp.edu.pe\/ingesold\/wp-json\/wp\/v2\/media?parent=3024"}],"curies":[{"name":"wp","href":"https:\/\/api.w.org\/{rel}","templated":true}]}}