{"id":3671,"date":"2020-06-07T04:26:58","date_gmt":"2020-06-07T04:26:58","guid":{"rendered":"https:\/\/www.pucp.edu.pe\/idhal\/?page_id=3671"},"modified":"2021-05-28T00:53:52","modified_gmt":"2021-05-28T00:53:52","slug":"dt-idhal","status":"publish","type":"page","link":"https:\/\/www.pucp.edu.pe\/idhal\/publicaciones\/dt-idhal\/","title":{"rendered":"Documentos de Trabajo IDHAL"},"content":{"rendered":"<h3><strong>Descripci\u00f3n<\/strong><\/h3>\n<p>La serie de documentos de trabajo del IDHAL (DT-IDHAL) es una herramienta para promover la discusi\u00f3n acad\u00e9mica sobre temas relacionados a los estudios del desarrollo humano en Am\u00e9rica Latina, desde la perspectiva del enfoque de las capacidades. La serie est\u00e1 compuesta por art\u00edculos acad\u00e9micos producidos tanto por investigadores del IDHAL como por investigadores externos al instituto, cuyas tem\u00e1ticas est\u00e9n relacionadas a alguna de las tres l\u00edneas de investigaci\u00f3n del IDHAL: (i) justicia, agencia y poder, (iii) pobreza y bienestar multidimensional, desigualdades y pol\u00edticas p\u00fablicas, e (iii) interculturalidad y estudios de las diversidades. Estos son previamente sometidos a un breve proceso de revisi\u00f3n de pares no an\u00f3nimo bajo la supervisi\u00f3n del equipo editorial de la serie conformado por los profesores Javier Igui\u00f1iz, Pepi Patr\u00f3n y Jhonatan Clausen.<\/p>\n<h3><strong>Publicaci\u00f3n<\/strong><\/h3>\n<p>En caso est\u00e9 interesado en participar de esta serie de DT puede enviar su manuscrito al siguiente correo: <span style=\"text-decoration: underline\">jhonatan.clausen@pucp.edu.pe<\/span><\/p>\n<p>Tome en consideraci\u00f3n que los documentos enviados <em><strong>no pueden haber sido publicados previamente en ning\u00fan formato f\u00edsico ni virtual<\/strong><\/em>, pero pueden ser posteriormente publicados en revistas acad\u00e9micas, libros u otros formatos. Deben adem\u00e1s ser compatibles con el alcance de la serie de DT-IDHAL PUCP, y cumplir con los requerimientos de idioma, extensi\u00f3n, estructura, formato y citado (m\u00e1s informaci\u00f3n <a href=\"https:\/\/www.dropbox.com\/s\/637uyzkbubdusv4\/Breve%20Manual%20de%20Estilo_IDHAL_VF.pdf?dl=0\"><strong>aqu\u00ed<\/strong><\/a>). Una vez publicados, los documentos de trabajo de la serie no podr\u00e1n ser modificados ni retirados.<\/p>\n<h2><strong>Serie DT-IDHAL PUCP<\/strong><\/h2>\n<p>&nbsp;<\/p>\n","protected":false},"excerpt":{"rendered":"<p>Descripci\u00f3n La serie de documentos de trabajo del IDHAL (DT-IDHAL) es una herramienta para promover la discusi\u00f3n acad\u00e9mica sobre temas relacionados a los estudios del desarrollo humano en Am\u00e9rica Latina, desde la perspectiva del enfoque de las capacidades. La serie est\u00e1 compuesta por art\u00edculos acad\u00e9micos producidos tanto por investigadores del IDHAL como por investigadores externos [&hellip;]<\/p>\n","protected":false},"author":22,"featured_media":0,"parent":3005,"menu_order":0,"comment_status":"closed","ping_status":"closed","template":"","meta":{"_acf_changed":false,"footnotes":""},"class_list":["post-3671","page","type-page","status-publish","hentry"],"acf":[],"_links":{"self":[{"href":"https:\/\/www.pucp.edu.pe\/idhal\/wp-json\/wp\/v2\/pages\/3671","targetHints":{"allow":["GET"]}}],"collection":[{"href":"https:\/\/www.pucp.edu.pe\/idhal\/wp-json\/wp\/v2\/pages"}],"about":[{"href":"https:\/\/www.pucp.edu.pe\/idhal\/wp-json\/wp\/v2\/types\/page"}],"author":[{"embeddable":true,"href":"https:\/\/www.pucp.edu.pe\/idhal\/wp-json\/wp\/v2\/users\/22"}],"replies":[{"embeddable":true,"href":"https:\/\/www.pucp.edu.pe\/idhal\/wp-json\/wp\/v2\/comments?post=3671"}],"version-history":[{"count":1,"href":"https:\/\/www.pucp.edu.pe\/idhal\/wp-json\/wp\/v2\/pages\/3671\/revisions"}],"predecessor-version":[{"id":3714,"href":"https:\/\/www.pucp.edu.pe\/idhal\/wp-json\/wp\/v2\/pages\/3671\/revisions\/3714"}],"up":[{"embeddable":true,"href":"https:\/\/www.pucp.edu.pe\/idhal\/wp-json\/wp\/v2\/pages\/3005"}],"wp:attachment":[{"href":"https:\/\/www.pucp.edu.pe\/idhal\/wp-json\/wp\/v2\/media?parent=3671"}],"curies":[{"name":"wp","href":"https:\/\/api.w.org\/{rel}","templated":true}]}}