{"id":3135,"date":"2018-07-16T20:48:06","date_gmt":"2018-07-16T20:48:32","guid":{"rendered":"https:\/\/www.pucp.edu.pe\/idhal\/sobre-idhal\/equipo-administrativo\/asistentes-de-investigacion\/"},"modified":"2021-04-21T16:43:28","modified_gmt":"2021-04-21T16:43:28","slug":"asistentes","status":"publish","type":"page","link":"https:\/\/www.pucp.edu.pe\/idhal\/sobre-idhal\/equipo-idhal\/asistentes\/","title":{"rendered":"Asistentes"},"content":{"rendered":"<p>Se instaura el plantel de asistentes de investigaci\u00f3n para brindar a las nuevas generaciones de j\u00f3venes acad\u00e9micos el est\u00edmulo y el apoyo necesarios para que se inicien y desarrollen en la investigaci\u00f3n acad\u00e9mica.<\/p>\n","protected":false},"excerpt":{"rendered":"<p>Se instaura el plantel de asistentes de investigaci\u00f3n para brindar a las nuevas generaciones de j\u00f3venes acad\u00e9micos el est\u00edmulo y el apoyo necesarios para que se inicien y desarrollen en la investigaci\u00f3n acad\u00e9mica.<\/p>\n","protected":false},"author":1,"featured_media":0,"parent":3019,"menu_order":3,"comment_status":"closed","ping_status":"closed","template":"","meta":{"_acf_changed":false,"footnotes":""},"class_list":["post-3135","page","type-page","status-publish","hentry"],"acf":[],"_links":{"self":[{"href":"https:\/\/www.pucp.edu.pe\/idhal\/wp-json\/wp\/v2\/pages\/3135","targetHints":{"allow":["GET"]}}],"collection":[{"href":"https:\/\/www.pucp.edu.pe\/idhal\/wp-json\/wp\/v2\/pages"}],"about":[{"href":"https:\/\/www.pucp.edu.pe\/idhal\/wp-json\/wp\/v2\/types\/page"}],"author":[{"embeddable":true,"href":"https:\/\/www.pucp.edu.pe\/idhal\/wp-json\/wp\/v2\/users\/1"}],"replies":[{"embeddable":true,"href":"https:\/\/www.pucp.edu.pe\/idhal\/wp-json\/wp\/v2\/comments?post=3135"}],"version-history":[{"count":0,"href":"https:\/\/www.pucp.edu.pe\/idhal\/wp-json\/wp\/v2\/pages\/3135\/revisions"}],"up":[{"embeddable":true,"href":"https:\/\/www.pucp.edu.pe\/idhal\/wp-json\/wp\/v2\/pages\/3019"}],"wp:attachment":[{"href":"https:\/\/www.pucp.edu.pe\/idhal\/wp-json\/wp\/v2\/media?parent=3135"}],"curies":[{"name":"wp","href":"https:\/\/api.w.org\/{rel}","templated":true}]}}