{"id":3134,"date":"2018-07-16T20:48:32","date_gmt":"2018-07-16T20:48:32","guid":{"rendered":"https:\/\/www.pucp.edu.pe\/idhal\/sobre-idhal\/equipo-administrativo\/investigadores\/"},"modified":"2018-08-27T01:04:27","modified_gmt":"2018-08-27T01:04:27","slug":"investigadores","status":"publish","type":"page","link":"https:\/\/www.pucp.edu.pe\/idhal\/sobre-idhal\/equipo-idhal\/investigadores\/","title":{"rendered":"Investigadores"},"content":{"rendered":"<p>El plantel de investigadores est\u00e1 en permanente renovaci\u00f3n acad\u00e9mica y se nutre de los aportes de un importante grupo interdisciplinario e intergeneracional de profesionales.<\/p>\n","protected":false},"excerpt":{"rendered":"<p>El plantel de investigadores est\u00e1 en permanente renovaci\u00f3n acad\u00e9mica y se nutre de los aportes de un importante grupo interdisciplinario e intergeneracional de profesionales.<\/p>\n","protected":false},"author":1,"featured_media":0,"parent":3019,"menu_order":1,"comment_status":"closed","ping_status":"closed","template":"","meta":{"_acf_changed":false,"footnotes":""},"class_list":["post-3134","page","type-page","status-publish","hentry"],"acf":[],"_links":{"self":[{"href":"https:\/\/www.pucp.edu.pe\/idhal\/wp-json\/wp\/v2\/pages\/3134","targetHints":{"allow":["GET"]}}],"collection":[{"href":"https:\/\/www.pucp.edu.pe\/idhal\/wp-json\/wp\/v2\/pages"}],"about":[{"href":"https:\/\/www.pucp.edu.pe\/idhal\/wp-json\/wp\/v2\/types\/page"}],"author":[{"embeddable":true,"href":"https:\/\/www.pucp.edu.pe\/idhal\/wp-json\/wp\/v2\/users\/1"}],"replies":[{"embeddable":true,"href":"https:\/\/www.pucp.edu.pe\/idhal\/wp-json\/wp\/v2\/comments?post=3134"}],"version-history":[{"count":0,"href":"https:\/\/www.pucp.edu.pe\/idhal\/wp-json\/wp\/v2\/pages\/3134\/revisions"}],"up":[{"embeddable":true,"href":"https:\/\/www.pucp.edu.pe\/idhal\/wp-json\/wp\/v2\/pages\/3019"}],"wp:attachment":[{"href":"https:\/\/www.pucp.edu.pe\/idhal\/wp-json\/wp\/v2\/media?parent=3134"}],"curies":[{"name":"wp","href":"https:\/\/api.w.org\/{rel}","templated":true}]}}