{"id":3029,"date":"2018-07-12T14:17:56","date_gmt":"2018-07-12T14:17:56","guid":{"rendered":"https:\/\/www.pucp.edu.pe\/idhal\/lineas-de-investigacion\/interculturalidad-y-desarrollo-humano\/"},"modified":"2018-08-23T17:39:57","modified_gmt":"2018-08-23T17:39:57","slug":"interculturalidad-y-desarrollo-humano","status":"publish","type":"page","link":"https:\/\/www.pucp.edu.pe\/idhal\/lineas-de-investigacion\/interculturalidad-y-desarrollo-humano\/","title":{"rendered":"Interculturalidad y desarrollo humano"},"content":{"rendered":"<p><a href=\"https:\/\/youtu.be\/OC5sRhcKjPU\" target=\"_blank\" rel=\"noopener\"><img loading=\"lazy\" decoding=\"async\" class=\"aligncenter wp-image-3557 size-full\" src=\"https:\/\/www.pucp.edu.pe\/idhal\/wp-content\/uploads\/2018\/08\/capturadiversidad.jpg\" alt=\"\" width=\"499\" height=\"279\" srcset=\"https:\/\/www.pucp.edu.pe\/idhal\/wp-content\/uploads\/2018\/08\/capturadiversidad.jpg 499w, https:\/\/www.pucp.edu.pe\/idhal\/wp-content\/uploads\/2018\/08\/capturadiversidad-300x168.jpg 300w, https:\/\/www.pucp.edu.pe\/idhal\/wp-content\/uploads\/2018\/08\/capturadiversidad-380x212.jpg 380w\" sizes=\"auto, (max-width: 499px) 100vw, 499px\" \/><\/a><\/p>\n<p>El \u00e9nfasis en la centralidad de la libertad que propone el enfoque de las capacidades ha dado pie a incorporar el estudio de la cultura y la identidad desde una perspectiva de libertad cultural (PNUD, 2004; Sen, 2007). Esta aproximaci\u00f3n ha permitido que, desde el enfoque de capacidades y en di\u00e1logo con otras corrientes convergentes desde la antropolog\u00eda y la sociolog\u00eda, se reconozca a las personas como poseedoras de m\u00faltiples identidades culturales y pertenecientes a grupos que son, a su vez, heterog\u00e9neos y din\u00e1micos. M\u00e1s recientemente, el enfoque ha incluido el an\u00e1lisis de la cultura (y de la religi\u00f3n y espiritualidad) como un elemento que compone la base moral e informacional de las personas y que les permite formarse una idea de aquello que consideran como una buena vida. Este \u00faltimo punto resulta central en tanto en enfoque pone \u00e9nfasis en identificar aquellos elementos que las personas consideran valiosos en tanto agentes de su propia vida. En particular para el contexto de Am\u00e9rica Latina, el di\u00e1logo entre el enfoque de las capacidades y el marco anal\u00edtico de la interculturalidad constituyen una combinaci\u00f3n particularmente f\u00e9rtil. Esto es as\u00ed en tanto en la regi\u00f3n conviven diferentes pueblos, muchos de los cuales se encuentran en clara situaci\u00f3n de desventaja en diferentes dimensiones del bienestar, desventaja que se remonta en no pocos casos a la propia din\u00e1mica hist\u00f3rica de Am\u00e9rica Latina. Estas desigualdades constituyen desaf\u00edos urgentes en la construcci\u00f3n de sociedades m\u00e1s justas para lo cual aparece como necesaria la generaci\u00f3n de pol\u00edticas espec\u00edficamente orientadas a reconocerlas y eliminarlas.<\/p>\n","protected":false},"excerpt":{"rendered":"<p>El \u00e9nfasis en la centralidad de la libertad que propone el enfoque de las capacidades ha dado pie a incorporar el estudio de la cultura y la identidad desde una perspectiva de libertad cultural (PNUD, 2004; Sen, 2007). Esta aproximaci\u00f3n ha permitido que, desde el enfoque de capacidades y en di\u00e1logo con otras corrientes convergentes [&hellip;]<\/p>\n","protected":false},"author":1,"featured_media":0,"parent":3002,"menu_order":2,"comment_status":"closed","ping_status":"closed","template":"","meta":{"_acf_changed":false,"footnotes":""},"class_list":["post-3029","page","type-page","status-publish","hentry"],"acf":[],"_links":{"self":[{"href":"https:\/\/www.pucp.edu.pe\/idhal\/wp-json\/wp\/v2\/pages\/3029","targetHints":{"allow":["GET"]}}],"collection":[{"href":"https:\/\/www.pucp.edu.pe\/idhal\/wp-json\/wp\/v2\/pages"}],"about":[{"href":"https:\/\/www.pucp.edu.pe\/idhal\/wp-json\/wp\/v2\/types\/page"}],"author":[{"embeddable":true,"href":"https:\/\/www.pucp.edu.pe\/idhal\/wp-json\/wp\/v2\/users\/1"}],"replies":[{"embeddable":true,"href":"https:\/\/www.pucp.edu.pe\/idhal\/wp-json\/wp\/v2\/comments?post=3029"}],"version-history":[{"count":0,"href":"https:\/\/www.pucp.edu.pe\/idhal\/wp-json\/wp\/v2\/pages\/3029\/revisions"}],"up":[{"embeddable":true,"href":"https:\/\/www.pucp.edu.pe\/idhal\/wp-json\/wp\/v2\/pages\/3002"}],"wp:attachment":[{"href":"https:\/\/www.pucp.edu.pe\/idhal\/wp-json\/wp\/v2\/media?parent=3029"}],"curies":[{"name":"wp","href":"https:\/\/api.w.org\/{rel}","templated":true}]}}