{"id":3018,"date":"2018-07-11T23:15:32","date_gmt":"2018-07-11T23:15:32","guid":{"rendered":"https:\/\/www.pucp.edu.pe\/idhal\/sobre-idhal\/ejes-de-trabajo\/"},"modified":"2018-07-16T16:54:16","modified_gmt":"2018-07-16T16:54:16","slug":"ejes-de-trabajo","status":"publish","type":"page","link":"https:\/\/www.pucp.edu.pe\/idhal\/sobre-idhal\/ejes-de-trabajo\/","title":{"rendered":"Ejes de trabajo"},"content":{"rendered":"<p>A fin de alcanzar sus objetivos, el IDHAL-PUCP ha organizado su trabajo en funci\u00f3n a tres ejes: (i) investigaci\u00f3n, (ii) formaci\u00f3n y (iii) redes e incidencia. Estos ejes se encuentran estrechamente vinculados entre s\u00ed y favorecer\u00e1n, cada uno desde su particularidad, la generaci\u00f3n de espacios de deliberaci\u00f3n y el intercambio de aprendizajes en torno al enfoque de desarrollo humano y capacidades.<\/p>\n<p>&nbsp;<\/p>\n","protected":false},"excerpt":{"rendered":"<p>A fin de alcanzar sus objetivos, el IDHAL-PUCP ha organizado su trabajo en funci\u00f3n a tres ejes: (i) investigaci\u00f3n, (ii) formaci\u00f3n y (iii) redes e incidencia. Estos ejes se encuentran estrechamente vinculados entre s\u00ed y favorecer\u00e1n, cada uno desde su particularidad, la generaci\u00f3n de espacios de deliberaci\u00f3n y el intercambio de aprendizajes en torno al [&hellip;]<\/p>\n","protected":false},"author":1,"featured_media":0,"parent":3001,"menu_order":3,"comment_status":"closed","ping_status":"closed","template":"","meta":{"_acf_changed":false,"footnotes":""},"class_list":["post-3018","page","type-page","status-publish","hentry"],"acf":[],"_links":{"self":[{"href":"https:\/\/www.pucp.edu.pe\/idhal\/wp-json\/wp\/v2\/pages\/3018","targetHints":{"allow":["GET"]}}],"collection":[{"href":"https:\/\/www.pucp.edu.pe\/idhal\/wp-json\/wp\/v2\/pages"}],"about":[{"href":"https:\/\/www.pucp.edu.pe\/idhal\/wp-json\/wp\/v2\/types\/page"}],"author":[{"embeddable":true,"href":"https:\/\/www.pucp.edu.pe\/idhal\/wp-json\/wp\/v2\/users\/1"}],"replies":[{"embeddable":true,"href":"https:\/\/www.pucp.edu.pe\/idhal\/wp-json\/wp\/v2\/comments?post=3018"}],"version-history":[{"count":0,"href":"https:\/\/www.pucp.edu.pe\/idhal\/wp-json\/wp\/v2\/pages\/3018\/revisions"}],"up":[{"embeddable":true,"href":"https:\/\/www.pucp.edu.pe\/idhal\/wp-json\/wp\/v2\/pages\/3001"}],"wp:attachment":[{"href":"https:\/\/www.pucp.edu.pe\/idhal\/wp-json\/wp\/v2\/media?parent=3018"}],"curies":[{"name":"wp","href":"https:\/\/api.w.org\/{rel}","templated":true}]}}