{"id":3013,"date":"2018-07-11T23:15:32","date_gmt":"2018-07-11T23:15:32","guid":{"rendered":"https:\/\/www.pucp.edu.pe\/idhal\/sobre-idhal\/presentacion\/"},"modified":"2020-06-03T19:57:51","modified_gmt":"2020-06-03T19:57:51","slug":"presentacion","status":"publish","type":"page","link":"https:\/\/www.pucp.edu.pe\/idhal\/sobre-idhal\/presentacion\/","title":{"rendered":"Presentaci\u00f3n"},"content":{"rendered":"<p>En el marco del centenario de la <strong>Pontificia Universidad Cat\u00f3lica del Per\u00fa (PUCP)<\/strong> y de su compromiso con el desarrollo humano y social del pa\u00eds, el <strong>Instituto de Desarrollo Humano de Am\u00e9rica Latina (IDHAL-PUCP)<\/strong> apuesta a convertirse en un centro l\u00edder de investigaci\u00f3n y docencia que promueva la reflexi\u00f3n sobre el desarrollo como proceso liberador orientado a la generaci\u00f3n de bienestar humano. El IDHAL-PUCP enfatiza la importancia del <strong>enriquecimiento conceptual, metodol\u00f3gico y emp\u00edrico acerca del enfoque de capacidades y desarrollo humano desde Am\u00e9rica Latina<\/strong> en di\u00e1logo cr\u00edtico con otros enfoques afines como el de desarrollo sostenible, interculturalidad, equidad de g\u00e9nero, territorialidad e interseccionalidad.<\/p>\n<p>El IDHAL-PUCP se basa en la experiencia de m\u00e1s 10 a\u00f1os del <strong>Grupo de Desarrollo Humano y Ampliaci\u00f3n de Libertades (GRIDHAL),<\/strong> un espacio de trabajo interdisciplinario pioneros de la PUCP, conformado por docentes de diversas disciplinas (Antropolog\u00eda, Derecho, Econom\u00eda, Filosof\u00eda, Ingenier\u00eda, Sociolog\u00eda, Teolog\u00eda).\u00a0 El GRIDHAL ha realizado una serie de actividades acad\u00e9micas que han posicionado a la PUCP como un referente regional en investigaci\u00f3n y formaci\u00f3n sobre desarrollo humano y el enfoque de capacidades.\u00a0 Como parte de este esfuerzo, el GRIDHAL ha promovido la creaci\u00f3n de la <strong><a href=\"http:\/\/posgrado.pucp.edu.pe\/maestria\/desarrollo-humano)\" target=\"_blank\" rel=\"noopener\">Maestr\u00eda en Desarrollo Humano: Enfoques y Pol\u00edticas<\/a><\/strong>. Adem\u00e1s, junto con otras instituciones de la regi\u00f3n, el GRIDHAL ha contribuido a la consolidaci\u00f3n de la <strong>Asociaci\u00f3n Latinoamericana y del Caribe para el Desarrollo Humano y el Enfoque de las Capacidades (ALCADECA)<\/strong> \u00fanica asociaci\u00f3n acad\u00e9mica sobre desarrollo humano en Am\u00e9rica Latina y cuya V conferencia tuvo lugar en la PUCP en 2014.<\/p>\n<p>A fin de alcanzar sus objetivos, el <strong>IDHAL-PUCP ha organizado su trabajo en funci\u00f3n a tres ejes: (i) investigaci\u00f3n, (ii) formaci\u00f3n y (iii) redes e incidencia.<\/strong> Estos ejes se encuentran estrechamente vinculados entre s\u00ed y favorecen, cada uno desde su particularidad, la generaci\u00f3n de espacios de deliberaci\u00f3n y el intercambio de aprendizajes en torno al enfoque de desarrollo humano y capacidades.<\/p>\n","protected":false},"excerpt":{"rendered":"<p>En el marco del centenario de la Pontificia Universidad Cat\u00f3lica del Per\u00fa (PUCP) y de su compromiso con el desarrollo humano y social del pa\u00eds, el Instituto de Desarrollo Humano de Am\u00e9rica Latina (IDHAL-PUCP) apuesta a convertirse en un centro l\u00edder de investigaci\u00f3n y docencia que promueva la reflexi\u00f3n sobre el desarrollo como proceso liberador [&hellip;]<\/p>\n","protected":false},"author":1,"featured_media":3654,"parent":3001,"menu_order":0,"comment_status":"closed","ping_status":"closed","template":"","meta":{"_acf_changed":false,"footnotes":""},"class_list":["post-3013","page","type-page","status-publish","has-post-thumbnail","hentry"],"acf":[],"_links":{"self":[{"href":"https:\/\/www.pucp.edu.pe\/idhal\/wp-json\/wp\/v2\/pages\/3013","targetHints":{"allow":["GET"]}}],"collection":[{"href":"https:\/\/www.pucp.edu.pe\/idhal\/wp-json\/wp\/v2\/pages"}],"about":[{"href":"https:\/\/www.pucp.edu.pe\/idhal\/wp-json\/wp\/v2\/types\/page"}],"author":[{"embeddable":true,"href":"https:\/\/www.pucp.edu.pe\/idhal\/wp-json\/wp\/v2\/users\/1"}],"replies":[{"embeddable":true,"href":"https:\/\/www.pucp.edu.pe\/idhal\/wp-json\/wp\/v2\/comments?post=3013"}],"version-history":[{"count":2,"href":"https:\/\/www.pucp.edu.pe\/idhal\/wp-json\/wp\/v2\/pages\/3013\/revisions"}],"predecessor-version":[{"id":3439,"href":"https:\/\/www.pucp.edu.pe\/idhal\/wp-json\/wp\/v2\/pages\/3013\/revisions\/3439"}],"up":[{"embeddable":true,"href":"https:\/\/www.pucp.edu.pe\/idhal\/wp-json\/wp\/v2\/pages\/3001"}],"wp:featuredmedia":[{"embeddable":true,"href":"https:\/\/www.pucp.edu.pe\/idhal\/wp-json\/wp\/v2\/media\/3654"}],"wp:attachment":[{"href":"https:\/\/www.pucp.edu.pe\/idhal\/wp-json\/wp\/v2\/media?parent=3013"}],"curies":[{"name":"wp","href":"https:\/\/api.w.org\/{rel}","templated":true}]}}