{"id":3002,"date":"2018-07-11T23:08:02","date_gmt":"2018-07-11T23:08:02","guid":{"rendered":"https:\/\/www.pucp.edu.pe\/idhal\/?page_id=3002"},"modified":"2018-07-20T22:51:44","modified_gmt":"2018-07-20T22:51:44","slug":"lineas-de-investigacion","status":"publish","type":"page","link":"https:\/\/www.pucp.edu.pe\/idhal\/lineas-de-investigacion\/","title":{"rendered":"L\u00edneas de investigaci\u00f3n"},"content":{"rendered":"<p>A partir del conocimiento generado por el GRIDHAL, se ha identificado tres l\u00edneas de investigaci\u00f3n relevantes tanto para el Per\u00fa como para Am\u00e9rica Latina:<u> <\/u><\/p>\n","protected":false},"excerpt":{"rendered":"<p>A partir del conocimiento generado por el GRIDHAL, se ha identificado tres l\u00edneas de investigaci\u00f3n relevantes tanto para el Per\u00fa como para Am\u00e9rica Latina:<\/p>\n","protected":false},"author":1,"featured_media":0,"parent":0,"menu_order":3,"comment_status":"closed","ping_status":"closed","template":"","meta":{"_acf_changed":false,"footnotes":""},"class_list":["post-3002","page","type-page","status-publish","hentry"],"acf":[],"_links":{"self":[{"href":"https:\/\/www.pucp.edu.pe\/idhal\/wp-json\/wp\/v2\/pages\/3002","targetHints":{"allow":["GET"]}}],"collection":[{"href":"https:\/\/www.pucp.edu.pe\/idhal\/wp-json\/wp\/v2\/pages"}],"about":[{"href":"https:\/\/www.pucp.edu.pe\/idhal\/wp-json\/wp\/v2\/types\/page"}],"author":[{"embeddable":true,"href":"https:\/\/www.pucp.edu.pe\/idhal\/wp-json\/wp\/v2\/users\/1"}],"replies":[{"embeddable":true,"href":"https:\/\/www.pucp.edu.pe\/idhal\/wp-json\/wp\/v2\/comments?post=3002"}],"version-history":[{"count":0,"href":"https:\/\/www.pucp.edu.pe\/idhal\/wp-json\/wp\/v2\/pages\/3002\/revisions"}],"wp:attachment":[{"href":"https:\/\/www.pucp.edu.pe\/idhal\/wp-json\/wp\/v2\/media?parent=3002"}],"curies":[{"name":"wp","href":"https:\/\/api.w.org\/{rel}","templated":true}]}}