{"id":2980,"date":"2017-08-14T23:26:43","date_gmt":"2017-08-14T23:26:43","guid":{"rendered":"https:\/\/www.pucp.edu.pe\/climadecambios\/investigacion-e-investigadores\/unidades-que-hacen-investigacion-en-medioambiente\/"},"modified":"2018-01-25T22:23:57","modified_gmt":"2018-01-25T22:23:57","slug":"unidades-investigacion-medioambiente","status":"publish","type":"page","link":"https:\/\/www.pucp.edu.pe\/climadecambios\/investigacion-e-investigadores\/unidades-investigacion-medioambiente\/","title":{"rendered":"Unidades que hacen investigaci\u00f3n en medio ambiente"},"content":{"rendered":"","protected":false},"excerpt":{"rendered":"","protected":false},"author":23,"featured_media":0,"parent":2961,"menu_order":1,"comment_status":"closed","ping_status":"closed","template":"","meta":{"_acf_changed":false,"footnotes":""},"class_list":["post-2980","page","type-page","status-publish","hentry"],"acf":[],"yoast_head":"<!-- This site is optimized with the Yoast SEO plugin v27.1.1 - https:\/\/yoast.com\/product\/yoast-seo-wordpress\/ -->\n<title>Unidades que hacen investigaci\u00f3n en medio ambiente - Clima de cambios<\/title>\n<meta name=\"robots\" content=\"index, follow, max-snippet:-1, max-image-preview:large, max-video-preview:-1\" \/>\n<link rel=\"canonical\" href=\"https:\/\/www.pucp.edu.pe\/climadecambios\/investigacion-e-investigadores\/unidades-investigacion-medioambiente\/\" \/>\n<meta property=\"og:locale\" content=\"es_ES\" \/>\n<meta property=\"og:type\" content=\"article\" \/>\n<meta property=\"og:title\" content=\"Unidades que hacen investigaci\u00f3n en medio ambiente - Clima de cambios\" \/>\n<meta property=\"og:url\" content=\"https:\/\/www.pucp.edu.pe\/climadecambios\/investigacion-e-investigadores\/unidades-investigacion-medioambiente\/\" \/>\n<meta property=\"og:site_name\" content=\"Clima de cambios\" \/>\n<meta property=\"article:modified_time\" content=\"2018-01-25T22:23:57+00:00\" \/>\n<script type=\"application\/ld+json\" class=\"yoast-schema-graph\">{\"@context\":\"https:\/\/schema.org\",\"@graph\":[{\"@type\":\"WebPage\",\"@id\":\"https:\/\/www.pucp.edu.pe\/climadecambios\/investigacion-e-investigadores\/unidades-investigacion-medioambiente\/\",\"url\":\"https:\/\/www.pucp.edu.pe\/climadecambios\/investigacion-e-investigadores\/unidades-investigacion-medioambiente\/\",\"name\":\"Unidades que hacen investigaci\u00f3n en medio ambiente - Clima de cambios\",\"isPartOf\":{\"@id\":\"https:\/\/www.pucp.edu.pe\/climadecambios\/#website\"},\"datePublished\":\"2017-08-14T23:26:43+00:00\",\"dateModified\":\"2018-01-25T22:23:57+00:00\",\"breadcrumb\":{\"@id\":\"https:\/\/www.pucp.edu.pe\/climadecambios\/investigacion-e-investigadores\/unidades-investigacion-medioambiente\/#breadcrumb\"},\"inLanguage\":\"es\",\"potentialAction\":[{\"@type\":\"ReadAction\",\"target\":[\"https:\/\/www.pucp.edu.pe\/climadecambios\/investigacion-e-investigadores\/unidades-investigacion-medioambiente\/\"]}]},{\"@type\":\"BreadcrumbList\",\"@id\":\"https:\/\/www.pucp.edu.pe\/climadecambios\/investigacion-e-investigadores\/unidades-investigacion-medioambiente\/#breadcrumb\",\"itemListElement\":[{\"@type\":\"ListItem\",\"position\":1,\"name\":\"Home\",\"item\":\"https:\/\/www.pucp.edu.pe\/climadecambios\/\"},{\"@type\":\"ListItem\",\"position\":2,\"name\":\"Investigaci\u00f3n e investigadores\",\"item\":\"https:\/\/www.pucp.edu.pe\/climadecambios\/investigacion-e-investigadores\/\"},{\"@type\":\"ListItem\",\"position\":3,\"name\":\"Unidades que hacen investigaci\u00f3n en medio ambiente\"}]},{\"@type\":\"WebSite\",\"@id\":\"https:\/\/www.pucp.edu.pe\/climadecambios\/#website\",\"url\":\"https:\/\/www.pucp.edu.pe\/climadecambios\/\",\"name\":\"Clima de cambios\",\"description\":\"Clima de Cambios es una iniciativa medioambiental de la Pontificia Universidad Cat\u00f3lica del Per\u00fa para concientizar y sensibilizar a la ciudadan\u00eda sobre los efectos del cambio clim\u00e1tico en el Per\u00fa y el mundo.\",\"potentialAction\":[{\"@type\":\"SearchAction\",\"target\":{\"@type\":\"EntryPoint\",\"urlTemplate\":\"https:\/\/www.pucp.edu.pe\/climadecambios\/?s={search_term_string}\"},\"query-input\":{\"@type\":\"PropertyValueSpecification\",\"valueRequired\":true,\"valueName\":\"search_term_string\"}}],\"inLanguage\":\"es\"}]}<\/script>\n<!-- \/ Yoast SEO plugin. -->","yoast_head_json":{"title":"Unidades que hacen investigaci\u00f3n en medio ambiente - Clima de cambios","robots":{"index":"index","follow":"follow","max-snippet":"max-snippet:-1","max-image-preview":"max-image-preview:large","max-video-preview":"max-video-preview:-1"},"canonical":"https:\/\/www.pucp.edu.pe\/climadecambios\/investigacion-e-investigadores\/unidades-investigacion-medioambiente\/","og_locale":"es_ES","og_type":"article","og_title":"Unidades que hacen investigaci\u00f3n en medio ambiente - Clima de cambios","og_url":"https:\/\/www.pucp.edu.pe\/climadecambios\/investigacion-e-investigadores\/unidades-investigacion-medioambiente\/","og_site_name":"Clima de cambios","article_modified_time":"2018-01-25T22:23:57+00:00","schema":{"@context":"https:\/\/schema.org","@graph":[{"@type":"WebPage","@id":"https:\/\/www.pucp.edu.pe\/climadecambios\/investigacion-e-investigadores\/unidades-investigacion-medioambiente\/","url":"https:\/\/www.pucp.edu.pe\/climadecambios\/investigacion-e-investigadores\/unidades-investigacion-medioambiente\/","name":"Unidades que hacen investigaci\u00f3n en medio ambiente - Clima de cambios","isPartOf":{"@id":"https:\/\/www.pucp.edu.pe\/climadecambios\/#website"},"datePublished":"2017-08-14T23:26:43+00:00","dateModified":"2018-01-25T22:23:57+00:00","breadcrumb":{"@id":"https:\/\/www.pucp.edu.pe\/climadecambios\/investigacion-e-investigadores\/unidades-investigacion-medioambiente\/#breadcrumb"},"inLanguage":"es","potentialAction":[{"@type":"ReadAction","target":["https:\/\/www.pucp.edu.pe\/climadecambios\/investigacion-e-investigadores\/unidades-investigacion-medioambiente\/"]}]},{"@type":"BreadcrumbList","@id":"https:\/\/www.pucp.edu.pe\/climadecambios\/investigacion-e-investigadores\/unidades-investigacion-medioambiente\/#breadcrumb","itemListElement":[{"@type":"ListItem","position":1,"name":"Home","item":"https:\/\/www.pucp.edu.pe\/climadecambios\/"},{"@type":"ListItem","position":2,"name":"Investigaci\u00f3n e investigadores","item":"https:\/\/www.pucp.edu.pe\/climadecambios\/investigacion-e-investigadores\/"},{"@type":"ListItem","position":3,"name":"Unidades que hacen investigaci\u00f3n en medio ambiente"}]},{"@type":"WebSite","@id":"https:\/\/www.pucp.edu.pe\/climadecambios\/#website","url":"https:\/\/www.pucp.edu.pe\/climadecambios\/","name":"Clima de cambios","description":"Clima de Cambios es una iniciativa medioambiental de la Pontificia Universidad Cat\u00f3lica del Per\u00fa para concientizar y sensibilizar a la ciudadan\u00eda sobre los efectos del cambio clim\u00e1tico en el Per\u00fa y el mundo.","potentialAction":[{"@type":"SearchAction","target":{"@type":"EntryPoint","urlTemplate":"https:\/\/www.pucp.edu.pe\/climadecambios\/?s={search_term_string}"},"query-input":{"@type":"PropertyValueSpecification","valueRequired":true,"valueName":"search_term_string"}}],"inLanguage":"es"}]}},"_links":{"self":[{"href":"https:\/\/www.pucp.edu.pe\/climadecambios\/wp-json\/wp\/v2\/pages\/2980","targetHints":{"allow":["GET"]}}],"collection":[{"href":"https:\/\/www.pucp.edu.pe\/climadecambios\/wp-json\/wp\/v2\/pages"}],"about":[{"href":"https:\/\/www.pucp.edu.pe\/climadecambios\/wp-json\/wp\/v2\/types\/page"}],"author":[{"embeddable":true,"href":"https:\/\/www.pucp.edu.pe\/climadecambios\/wp-json\/wp\/v2\/users\/23"}],"replies":[{"embeddable":true,"href":"https:\/\/www.pucp.edu.pe\/climadecambios\/wp-json\/wp\/v2\/comments?post=2980"}],"version-history":[{"count":0,"href":"https:\/\/www.pucp.edu.pe\/climadecambios\/wp-json\/wp\/v2\/pages\/2980\/revisions"}],"up":[{"embeddable":true,"href":"https:\/\/www.pucp.edu.pe\/climadecambios\/wp-json\/wp\/v2\/pages\/2961"}],"wp:attachment":[{"href":"https:\/\/www.pucp.edu.pe\/climadecambios\/wp-json\/wp\/v2\/media?parent=2980"}],"curies":[{"name":"wp","href":"https:\/\/api.w.org\/{rel}","templated":true}]}}