{"id":2978,"date":"2017-08-14T23:25:47","date_gmt":"2017-08-14T23:25:47","guid":{"rendered":"https:\/\/www.pucp.edu.pe\/climadecambios\/la-pucp-frente-al-cambio-climatico\/medidas-dentro-del-campus\/certificacion-leed\/"},"modified":"2022-03-31T21:27:38","modified_gmt":"2022-03-31T21:27:38","slug":"certificacion-leed","status":"publish","type":"page","link":"https:\/\/www.pucp.edu.pe\/climadecambios\/la-pucp-ante-al-cambio-climatico\/medidas-dentro-del-campus\/certificacion-leed\/","title":{"rendered":"Certificaci\u00f3n LEED"},"content":{"rendered":"<p>Edificios de la PUCP recibieron esta certificaci\u00f3n como reconocimiento al liderazgo de la Universidad en el dise\u00f1o y la construcci\u00f3n de edificios verdes.<\/p>\n","protected":false},"excerpt":{"rendered":"<p>Edificios de la PUCP recibieron esta certificaci\u00f3n como reconocimiento al liderazgo de la Universidad en el dise\u00f1o y la construcci\u00f3n de edificios verdes.<\/p>\n","protected":false},"author":23,"featured_media":3183,"parent":2974,"menu_order":4,"comment_status":"closed","ping_status":"closed","template":"","meta":{"_acf_changed":false,"footnotes":""},"class_list":["post-2978","page","type-page","status-publish","has-post-thumbnail","hentry"],"acf":[],"yoast_head":"<!-- This site is optimized with the Yoast SEO plugin v27.1.1 - https:\/\/yoast.com\/product\/yoast-seo-wordpress\/ -->\n<title>Certificaci\u00f3n LEED - Clima de cambios<\/title>\n<meta name=\"robots\" content=\"index, follow, max-snippet:-1, max-image-preview:large, max-video-preview:-1\" \/>\n<link rel=\"canonical\" href=\"https:\/\/www.pucp.edu.pe\/climadecambios\/la-pucp-ante-al-cambio-climatico\/medidas-dentro-del-campus\/certificacion-leed\/\" \/>\n<meta property=\"og:locale\" content=\"es_ES\" \/>\n<meta property=\"og:type\" content=\"article\" \/>\n<meta property=\"og:title\" content=\"Certificaci\u00f3n LEED - Clima de cambios\" \/>\n<meta property=\"og:description\" content=\"Edificios de la PUCP recibieron esta certificaci\u00f3n como reconocimiento al liderazgo de la Universidad en el dise\u00f1o y la construcci\u00f3n de edificios verdes.\" \/>\n<meta property=\"og:url\" content=\"https:\/\/www.pucp.edu.pe\/climadecambios\/la-pucp-ante-al-cambio-climatico\/medidas-dentro-del-campus\/certificacion-leed\/\" \/>\n<meta property=\"og:site_name\" content=\"Clima de cambios\" \/>\n<meta property=\"article:modified_time\" content=\"2022-03-31T21:27:38+00:00\" \/>\n<meta property=\"og:image\" content=\"https:\/\/www.pucp.edu.pe\/climadecambios\/wp-content\/uploads\/2017\/08\/certificacionleed.jpg\" \/>\n\t<meta property=\"og:image:width\" content=\"393\" \/>\n\t<meta property=\"og:image:height\" content=\"218\" \/>\n\t<meta property=\"og:image:type\" content=\"image\/jpeg\" \/>\n<script type=\"application\/ld+json\" class=\"yoast-schema-graph\">{\"@context\":\"https:\/\/schema.org\",\"@graph\":[{\"@type\":\"WebPage\",\"@id\":\"https:\/\/www.pucp.edu.pe\/climadecambios\/la-pucp-ante-al-cambio-climatico\/medidas-dentro-del-campus\/certificacion-leed\/\",\"url\":\"https:\/\/www.pucp.edu.pe\/climadecambios\/la-pucp-ante-al-cambio-climatico\/medidas-dentro-del-campus\/certificacion-leed\/\",\"name\":\"Certificaci\u00f3n LEED - Clima de cambios\",\"isPartOf\":{\"@id\":\"https:\/\/www.pucp.edu.pe\/climadecambios\/#website\"},\"primaryImageOfPage\":{\"@id\":\"https:\/\/www.pucp.edu.pe\/climadecambios\/la-pucp-ante-al-cambio-climatico\/medidas-dentro-del-campus\/certificacion-leed\/#primaryimage\"},\"image\":{\"@id\":\"https:\/\/www.pucp.edu.pe\/climadecambios\/la-pucp-ante-al-cambio-climatico\/medidas-dentro-del-campus\/certificacion-leed\/#primaryimage\"},\"thumbnailUrl\":\"https:\/\/www.pucp.edu.pe\/climadecambios\/wp-content\/uploads\/2017\/08\/certificacionleed.jpg\",\"datePublished\":\"2017-08-14T23:25:47+00:00\",\"dateModified\":\"2022-03-31T21:27:38+00:00\",\"breadcrumb\":{\"@id\":\"https:\/\/www.pucp.edu.pe\/climadecambios\/la-pucp-ante-al-cambio-climatico\/medidas-dentro-del-campus\/certificacion-leed\/#breadcrumb\"},\"inLanguage\":\"es\",\"potentialAction\":[{\"@type\":\"ReadAction\",\"target\":[\"https:\/\/www.pucp.edu.pe\/climadecambios\/la-pucp-ante-al-cambio-climatico\/medidas-dentro-del-campus\/certificacion-leed\/\"]}]},{\"@type\":\"ImageObject\",\"inLanguage\":\"es\",\"@id\":\"https:\/\/www.pucp.edu.pe\/climadecambios\/la-pucp-ante-al-cambio-climatico\/medidas-dentro-del-campus\/certificacion-leed\/#primaryimage\",\"url\":\"https:\/\/www.pucp.edu.pe\/climadecambios\/wp-content\/uploads\/2017\/08\/certificacionleed.jpg\",\"contentUrl\":\"https:\/\/www.pucp.edu.pe\/climadecambios\/wp-content\/uploads\/2017\/08\/certificacionleed.jpg\",\"width\":393,\"height\":218,\"caption\":\"prueba de caption\"},{\"@type\":\"BreadcrumbList\",\"@id\":\"https:\/\/www.pucp.edu.pe\/climadecambios\/la-pucp-ante-al-cambio-climatico\/medidas-dentro-del-campus\/certificacion-leed\/#breadcrumb\",\"itemListElement\":[{\"@type\":\"ListItem\",\"position\":1,\"name\":\"Home\",\"item\":\"https:\/\/www.pucp.edu.pe\/climadecambios\/\"},{\"@type\":\"ListItem\",\"position\":2,\"name\":\"Acciones ante al cambio clim\u00e1tico\",\"item\":\"https:\/\/www.pucp.edu.pe\/climadecambios\/la-pucp-ante-al-cambio-climatico\/\"},{\"@type\":\"ListItem\",\"position\":3,\"name\":\"Medidas dentro del campus\",\"item\":\"https:\/\/www.pucp.edu.pe\/climadecambios\/la-pucp-ante-al-cambio-climatico\/medidas-dentro-del-campus\/\"},{\"@type\":\"ListItem\",\"position\":4,\"name\":\"Certificaci\u00f3n LEED\"}]},{\"@type\":\"WebSite\",\"@id\":\"https:\/\/www.pucp.edu.pe\/climadecambios\/#website\",\"url\":\"https:\/\/www.pucp.edu.pe\/climadecambios\/\",\"name\":\"Clima de cambios\",\"description\":\"Clima de Cambios es una iniciativa medioambiental de la Pontificia Universidad Cat\u00f3lica del Per\u00fa para concientizar y sensibilizar a la ciudadan\u00eda sobre los efectos del cambio clim\u00e1tico en el Per\u00fa y el mundo.\",\"potentialAction\":[{\"@type\":\"SearchAction\",\"target\":{\"@type\":\"EntryPoint\",\"urlTemplate\":\"https:\/\/www.pucp.edu.pe\/climadecambios\/?s={search_term_string}\"},\"query-input\":{\"@type\":\"PropertyValueSpecification\",\"valueRequired\":true,\"valueName\":\"search_term_string\"}}],\"inLanguage\":\"es\"}]}<\/script>\n<!-- \/ Yoast SEO plugin. -->","yoast_head_json":{"title":"Certificaci\u00f3n LEED - Clima de cambios","robots":{"index":"index","follow":"follow","max-snippet":"max-snippet:-1","max-image-preview":"max-image-preview:large","max-video-preview":"max-video-preview:-1"},"canonical":"https:\/\/www.pucp.edu.pe\/climadecambios\/la-pucp-ante-al-cambio-climatico\/medidas-dentro-del-campus\/certificacion-leed\/","og_locale":"es_ES","og_type":"article","og_title":"Certificaci\u00f3n LEED - Clima de cambios","og_description":"Edificios de la PUCP recibieron esta certificaci\u00f3n como reconocimiento al liderazgo de la Universidad en el dise\u00f1o y la construcci\u00f3n de edificios verdes.","og_url":"https:\/\/www.pucp.edu.pe\/climadecambios\/la-pucp-ante-al-cambio-climatico\/medidas-dentro-del-campus\/certificacion-leed\/","og_site_name":"Clima de cambios","article_modified_time":"2022-03-31T21:27:38+00:00","og_image":[{"width":393,"height":218,"url":"https:\/\/www.pucp.edu.pe\/climadecambios\/wp-content\/uploads\/2017\/08\/certificacionleed.jpg","type":"image\/jpeg"}],"schema":{"@context":"https:\/\/schema.org","@graph":[{"@type":"WebPage","@id":"https:\/\/www.pucp.edu.pe\/climadecambios\/la-pucp-ante-al-cambio-climatico\/medidas-dentro-del-campus\/certificacion-leed\/","url":"https:\/\/www.pucp.edu.pe\/climadecambios\/la-pucp-ante-al-cambio-climatico\/medidas-dentro-del-campus\/certificacion-leed\/","name":"Certificaci\u00f3n LEED - Clima de cambios","isPartOf":{"@id":"https:\/\/www.pucp.edu.pe\/climadecambios\/#website"},"primaryImageOfPage":{"@id":"https:\/\/www.pucp.edu.pe\/climadecambios\/la-pucp-ante-al-cambio-climatico\/medidas-dentro-del-campus\/certificacion-leed\/#primaryimage"},"image":{"@id":"https:\/\/www.pucp.edu.pe\/climadecambios\/la-pucp-ante-al-cambio-climatico\/medidas-dentro-del-campus\/certificacion-leed\/#primaryimage"},"thumbnailUrl":"https:\/\/www.pucp.edu.pe\/climadecambios\/wp-content\/uploads\/2017\/08\/certificacionleed.jpg","datePublished":"2017-08-14T23:25:47+00:00","dateModified":"2022-03-31T21:27:38+00:00","breadcrumb":{"@id":"https:\/\/www.pucp.edu.pe\/climadecambios\/la-pucp-ante-al-cambio-climatico\/medidas-dentro-del-campus\/certificacion-leed\/#breadcrumb"},"inLanguage":"es","potentialAction":[{"@type":"ReadAction","target":["https:\/\/www.pucp.edu.pe\/climadecambios\/la-pucp-ante-al-cambio-climatico\/medidas-dentro-del-campus\/certificacion-leed\/"]}]},{"@type":"ImageObject","inLanguage":"es","@id":"https:\/\/www.pucp.edu.pe\/climadecambios\/la-pucp-ante-al-cambio-climatico\/medidas-dentro-del-campus\/certificacion-leed\/#primaryimage","url":"https:\/\/www.pucp.edu.pe\/climadecambios\/wp-content\/uploads\/2017\/08\/certificacionleed.jpg","contentUrl":"https:\/\/www.pucp.edu.pe\/climadecambios\/wp-content\/uploads\/2017\/08\/certificacionleed.jpg","width":393,"height":218,"caption":"prueba de caption"},{"@type":"BreadcrumbList","@id":"https:\/\/www.pucp.edu.pe\/climadecambios\/la-pucp-ante-al-cambio-climatico\/medidas-dentro-del-campus\/certificacion-leed\/#breadcrumb","itemListElement":[{"@type":"ListItem","position":1,"name":"Home","item":"https:\/\/www.pucp.edu.pe\/climadecambios\/"},{"@type":"ListItem","position":2,"name":"Acciones ante al cambio clim\u00e1tico","item":"https:\/\/www.pucp.edu.pe\/climadecambios\/la-pucp-ante-al-cambio-climatico\/"},{"@type":"ListItem","position":3,"name":"Medidas dentro del campus","item":"https:\/\/www.pucp.edu.pe\/climadecambios\/la-pucp-ante-al-cambio-climatico\/medidas-dentro-del-campus\/"},{"@type":"ListItem","position":4,"name":"Certificaci\u00f3n LEED"}]},{"@type":"WebSite","@id":"https:\/\/www.pucp.edu.pe\/climadecambios\/#website","url":"https:\/\/www.pucp.edu.pe\/climadecambios\/","name":"Clima de cambios","description":"Clima de Cambios es una iniciativa medioambiental de la Pontificia Universidad Cat\u00f3lica del Per\u00fa para concientizar y sensibilizar a la ciudadan\u00eda sobre los efectos del cambio clim\u00e1tico en el Per\u00fa y el mundo.","potentialAction":[{"@type":"SearchAction","target":{"@type":"EntryPoint","urlTemplate":"https:\/\/www.pucp.edu.pe\/climadecambios\/?s={search_term_string}"},"query-input":{"@type":"PropertyValueSpecification","valueRequired":true,"valueName":"search_term_string"}}],"inLanguage":"es"}]}},"_links":{"self":[{"href":"https:\/\/www.pucp.edu.pe\/climadecambios\/wp-json\/wp\/v2\/pages\/2978","targetHints":{"allow":["GET"]}}],"collection":[{"href":"https:\/\/www.pucp.edu.pe\/climadecambios\/wp-json\/wp\/v2\/pages"}],"about":[{"href":"https:\/\/www.pucp.edu.pe\/climadecambios\/wp-json\/wp\/v2\/types\/page"}],"author":[{"embeddable":true,"href":"https:\/\/www.pucp.edu.pe\/climadecambios\/wp-json\/wp\/v2\/users\/23"}],"replies":[{"embeddable":true,"href":"https:\/\/www.pucp.edu.pe\/climadecambios\/wp-json\/wp\/v2\/comments?post=2978"}],"version-history":[{"count":0,"href":"https:\/\/www.pucp.edu.pe\/climadecambios\/wp-json\/wp\/v2\/pages\/2978\/revisions"}],"up":[{"embeddable":true,"href":"https:\/\/www.pucp.edu.pe\/climadecambios\/wp-json\/wp\/v2\/pages\/2974"}],"wp:featuredmedia":[{"embeddable":true,"href":"https:\/\/www.pucp.edu.pe\/climadecambios\/wp-json\/wp\/v2\/media\/3183"}],"wp:attachment":[{"href":"https:\/\/www.pucp.edu.pe\/climadecambios\/wp-json\/wp\/v2\/media?parent=2978"}],"curies":[{"name":"wp","href":"https:\/\/api.w.org\/{rel}","templated":true}]}}