{"id":2977,"date":"2017-08-14T23:25:47","date_gmt":"2017-08-14T23:25:47","guid":{"rendered":"https:\/\/www.pucp.edu.pe\/climadecambios\/la-pucp-frente-al-cambio-climatico\/medidas-dentro-del-campus\/sistema-de-gestion-ambiental\/"},"modified":"2018-01-25T22:17:38","modified_gmt":"2018-01-25T22:17:38","slug":"sistema-de-gestion-ambiental","status":"publish","type":"page","link":"https:\/\/www.pucp.edu.pe\/climadecambios\/la-pucp-ante-al-cambio-climatico\/medidas-dentro-del-campus\/sistema-de-gestion-ambiental\/","title":{"rendered":"Sistema de Gesti\u00f3n Ambiental"},"content":{"rendered":"<p>El Sistema de Gesti\u00f3n Ambiental (SGA) permite gestionar adecuadamente los aspectos ambientales de la diversidad de actividades que se realizan en el campus y que generan un impacto en el ambiente. En la PUCP, ayuda a cumplir con la legislaci\u00f3n ambiental, y llevar un control eficiente de los recursos (agua, energ\u00eda, papel) y residuos (residuos s\u00f3lidos, emisiones, efluentes).<\/p>\n<p>Los logros obtenidos en la implementaci\u00f3n del SGA bajo el ISO 14001, en las tres unidades piloto <i>(Facultad de Arte, Direcci\u00f3n de Administraci\u00f3n y Finanzas, y el Instituto de Corrosi\u00f3n y Protecci\u00f3n),<\/i> fueron los que se detallan a continuaci\u00f3n:<\/p>\n","protected":false},"excerpt":{"rendered":"<p>El Sistema de Gesti\u00f3n Ambiental (SGA) permite gestionar adecuadamente los aspectos ambientales de la diversidad de actividades que se realizan en el campus y que generan un impacto en el ambiente. En la PUCP, ayuda a cumplir con la legislaci\u00f3n ambiental, y llevar un control eficiente de los recursos (agua, energ\u00eda, papel) y residuos (residuos [&hellip;]<\/p>\n","protected":false},"author":23,"featured_media":0,"parent":2974,"menu_order":3,"comment_status":"closed","ping_status":"closed","template":"","meta":{"_acf_changed":false,"footnotes":""},"class_list":["post-2977","page","type-page","status-publish","hentry"],"acf":[],"yoast_head":"<!-- This site is optimized with the Yoast SEO plugin v27.1.1 - https:\/\/yoast.com\/product\/yoast-seo-wordpress\/ -->\n<title>Sistema de Gesti\u00f3n Ambiental - Clima de cambios<\/title>\n<meta name=\"robots\" content=\"index, follow, max-snippet:-1, max-image-preview:large, max-video-preview:-1\" \/>\n<link rel=\"canonical\" href=\"https:\/\/www.pucp.edu.pe\/climadecambios\/la-pucp-ante-al-cambio-climatico\/medidas-dentro-del-campus\/sistema-de-gestion-ambiental\/\" \/>\n<meta property=\"og:locale\" content=\"es_ES\" \/>\n<meta property=\"og:type\" content=\"article\" \/>\n<meta property=\"og:title\" content=\"Sistema de Gesti\u00f3n Ambiental - Clima de cambios\" \/>\n<meta property=\"og:description\" content=\"El Sistema de Gesti\u00f3n Ambiental (SGA) permite gestionar adecuadamente los aspectos ambientales de la diversidad de actividades que se realizan en el campus y que generan un impacto en el ambiente. En la PUCP, ayuda a cumplir con la legislaci\u00f3n ambiental, y llevar un control eficiente de los recursos (agua, energ\u00eda, papel) y residuos (residuos [&hellip;]\" \/>\n<meta property=\"og:url\" content=\"https:\/\/www.pucp.edu.pe\/climadecambios\/la-pucp-ante-al-cambio-climatico\/medidas-dentro-del-campus\/sistema-de-gestion-ambiental\/\" \/>\n<meta property=\"og:site_name\" content=\"Clima de cambios\" \/>\n<meta property=\"article:modified_time\" content=\"2018-01-25T22:17:38+00:00\" \/>\n<meta name=\"twitter:label1\" content=\"Tiempo de lectura\" \/>\n\t<meta name=\"twitter:data1\" content=\"1 minuto\" \/>\n<script type=\"application\/ld+json\" class=\"yoast-schema-graph\">{\"@context\":\"https:\/\/schema.org\",\"@graph\":[{\"@type\":\"WebPage\",\"@id\":\"https:\/\/www.pucp.edu.pe\/climadecambios\/la-pucp-ante-al-cambio-climatico\/medidas-dentro-del-campus\/sistema-de-gestion-ambiental\/\",\"url\":\"https:\/\/www.pucp.edu.pe\/climadecambios\/la-pucp-ante-al-cambio-climatico\/medidas-dentro-del-campus\/sistema-de-gestion-ambiental\/\",\"name\":\"Sistema de Gesti\u00f3n Ambiental - Clima de cambios\",\"isPartOf\":{\"@id\":\"https:\/\/www.pucp.edu.pe\/climadecambios\/#website\"},\"datePublished\":\"2017-08-14T23:25:47+00:00\",\"dateModified\":\"2018-01-25T22:17:38+00:00\",\"breadcrumb\":{\"@id\":\"https:\/\/www.pucp.edu.pe\/climadecambios\/la-pucp-ante-al-cambio-climatico\/medidas-dentro-del-campus\/sistema-de-gestion-ambiental\/#breadcrumb\"},\"inLanguage\":\"es\",\"potentialAction\":[{\"@type\":\"ReadAction\",\"target\":[\"https:\/\/www.pucp.edu.pe\/climadecambios\/la-pucp-ante-al-cambio-climatico\/medidas-dentro-del-campus\/sistema-de-gestion-ambiental\/\"]}]},{\"@type\":\"BreadcrumbList\",\"@id\":\"https:\/\/www.pucp.edu.pe\/climadecambios\/la-pucp-ante-al-cambio-climatico\/medidas-dentro-del-campus\/sistema-de-gestion-ambiental\/#breadcrumb\",\"itemListElement\":[{\"@type\":\"ListItem\",\"position\":1,\"name\":\"Home\",\"item\":\"https:\/\/www.pucp.edu.pe\/climadecambios\/\"},{\"@type\":\"ListItem\",\"position\":2,\"name\":\"Acciones ante al cambio clim\u00e1tico\",\"item\":\"https:\/\/www.pucp.edu.pe\/climadecambios\/la-pucp-ante-al-cambio-climatico\/\"},{\"@type\":\"ListItem\",\"position\":3,\"name\":\"Medidas dentro del campus\",\"item\":\"https:\/\/www.pucp.edu.pe\/climadecambios\/la-pucp-ante-al-cambio-climatico\/medidas-dentro-del-campus\/\"},{\"@type\":\"ListItem\",\"position\":4,\"name\":\"Sistema de Gesti\u00f3n Ambiental\"}]},{\"@type\":\"WebSite\",\"@id\":\"https:\/\/www.pucp.edu.pe\/climadecambios\/#website\",\"url\":\"https:\/\/www.pucp.edu.pe\/climadecambios\/\",\"name\":\"Clima de cambios\",\"description\":\"Clima de Cambios es una iniciativa medioambiental de la Pontificia Universidad Cat\u00f3lica del Per\u00fa para concientizar y sensibilizar a la ciudadan\u00eda sobre los efectos del cambio clim\u00e1tico en el Per\u00fa y el mundo.\",\"potentialAction\":[{\"@type\":\"SearchAction\",\"target\":{\"@type\":\"EntryPoint\",\"urlTemplate\":\"https:\/\/www.pucp.edu.pe\/climadecambios\/?s={search_term_string}\"},\"query-input\":{\"@type\":\"PropertyValueSpecification\",\"valueRequired\":true,\"valueName\":\"search_term_string\"}}],\"inLanguage\":\"es\"}]}<\/script>\n<!-- \/ Yoast SEO plugin. -->","yoast_head_json":{"title":"Sistema de Gesti\u00f3n Ambiental - Clima de cambios","robots":{"index":"index","follow":"follow","max-snippet":"max-snippet:-1","max-image-preview":"max-image-preview:large","max-video-preview":"max-video-preview:-1"},"canonical":"https:\/\/www.pucp.edu.pe\/climadecambios\/la-pucp-ante-al-cambio-climatico\/medidas-dentro-del-campus\/sistema-de-gestion-ambiental\/","og_locale":"es_ES","og_type":"article","og_title":"Sistema de Gesti\u00f3n Ambiental - Clima de cambios","og_description":"El Sistema de Gesti\u00f3n Ambiental (SGA) permite gestionar adecuadamente los aspectos ambientales de la diversidad de actividades que se realizan en el campus y que generan un impacto en el ambiente. En la PUCP, ayuda a cumplir con la legislaci\u00f3n ambiental, y llevar un control eficiente de los recursos (agua, energ\u00eda, papel) y residuos (residuos [&hellip;]","og_url":"https:\/\/www.pucp.edu.pe\/climadecambios\/la-pucp-ante-al-cambio-climatico\/medidas-dentro-del-campus\/sistema-de-gestion-ambiental\/","og_site_name":"Clima de cambios","article_modified_time":"2018-01-25T22:17:38+00:00","twitter_misc":{"Tiempo de lectura":"1 minuto"},"schema":{"@context":"https:\/\/schema.org","@graph":[{"@type":"WebPage","@id":"https:\/\/www.pucp.edu.pe\/climadecambios\/la-pucp-ante-al-cambio-climatico\/medidas-dentro-del-campus\/sistema-de-gestion-ambiental\/","url":"https:\/\/www.pucp.edu.pe\/climadecambios\/la-pucp-ante-al-cambio-climatico\/medidas-dentro-del-campus\/sistema-de-gestion-ambiental\/","name":"Sistema de Gesti\u00f3n Ambiental - Clima de cambios","isPartOf":{"@id":"https:\/\/www.pucp.edu.pe\/climadecambios\/#website"},"datePublished":"2017-08-14T23:25:47+00:00","dateModified":"2018-01-25T22:17:38+00:00","breadcrumb":{"@id":"https:\/\/www.pucp.edu.pe\/climadecambios\/la-pucp-ante-al-cambio-climatico\/medidas-dentro-del-campus\/sistema-de-gestion-ambiental\/#breadcrumb"},"inLanguage":"es","potentialAction":[{"@type":"ReadAction","target":["https:\/\/www.pucp.edu.pe\/climadecambios\/la-pucp-ante-al-cambio-climatico\/medidas-dentro-del-campus\/sistema-de-gestion-ambiental\/"]}]},{"@type":"BreadcrumbList","@id":"https:\/\/www.pucp.edu.pe\/climadecambios\/la-pucp-ante-al-cambio-climatico\/medidas-dentro-del-campus\/sistema-de-gestion-ambiental\/#breadcrumb","itemListElement":[{"@type":"ListItem","position":1,"name":"Home","item":"https:\/\/www.pucp.edu.pe\/climadecambios\/"},{"@type":"ListItem","position":2,"name":"Acciones ante al cambio clim\u00e1tico","item":"https:\/\/www.pucp.edu.pe\/climadecambios\/la-pucp-ante-al-cambio-climatico\/"},{"@type":"ListItem","position":3,"name":"Medidas dentro del campus","item":"https:\/\/www.pucp.edu.pe\/climadecambios\/la-pucp-ante-al-cambio-climatico\/medidas-dentro-del-campus\/"},{"@type":"ListItem","position":4,"name":"Sistema de Gesti\u00f3n Ambiental"}]},{"@type":"WebSite","@id":"https:\/\/www.pucp.edu.pe\/climadecambios\/#website","url":"https:\/\/www.pucp.edu.pe\/climadecambios\/","name":"Clima de cambios","description":"Clima de Cambios es una iniciativa medioambiental de la Pontificia Universidad Cat\u00f3lica del Per\u00fa para concientizar y sensibilizar a la ciudadan\u00eda sobre los efectos del cambio clim\u00e1tico en el Per\u00fa y el mundo.","potentialAction":[{"@type":"SearchAction","target":{"@type":"EntryPoint","urlTemplate":"https:\/\/www.pucp.edu.pe\/climadecambios\/?s={search_term_string}"},"query-input":{"@type":"PropertyValueSpecification","valueRequired":true,"valueName":"search_term_string"}}],"inLanguage":"es"}]}},"_links":{"self":[{"href":"https:\/\/www.pucp.edu.pe\/climadecambios\/wp-json\/wp\/v2\/pages\/2977","targetHints":{"allow":["GET"]}}],"collection":[{"href":"https:\/\/www.pucp.edu.pe\/climadecambios\/wp-json\/wp\/v2\/pages"}],"about":[{"href":"https:\/\/www.pucp.edu.pe\/climadecambios\/wp-json\/wp\/v2\/types\/page"}],"author":[{"embeddable":true,"href":"https:\/\/www.pucp.edu.pe\/climadecambios\/wp-json\/wp\/v2\/users\/23"}],"replies":[{"embeddable":true,"href":"https:\/\/www.pucp.edu.pe\/climadecambios\/wp-json\/wp\/v2\/comments?post=2977"}],"version-history":[{"count":0,"href":"https:\/\/www.pucp.edu.pe\/climadecambios\/wp-json\/wp\/v2\/pages\/2977\/revisions"}],"up":[{"embeddable":true,"href":"https:\/\/www.pucp.edu.pe\/climadecambios\/wp-json\/wp\/v2\/pages\/2974"}],"wp:attachment":[{"href":"https:\/\/www.pucp.edu.pe\/climadecambios\/wp-json\/wp\/v2\/media?parent=2977"}],"curies":[{"name":"wp","href":"https:\/\/api.w.org\/{rel}","templated":true}]}}