{"id":2975,"date":"2017-08-14T23:25:47","date_gmt":"2017-08-14T23:25:47","guid":{"rendered":"https:\/\/www.pucp.edu.pe\/climadecambios\/la-pucp-frente-al-cambio-climatico\/medidas-dentro-del-campus\/gestion-de-residuos\/"},"modified":"2025-05-13T15:26:06","modified_gmt":"2025-05-13T20:26:06","slug":"gestion-de-residuos","status":"publish","type":"page","link":"https:\/\/www.pucp.edu.pe\/climadecambios\/la-pucp-ante-al-cambio-climatico\/medidas-dentro-del-campus\/gestion-de-residuos\/","title":{"rendered":"Gesti\u00f3n de residuos"},"content":{"rendered":"<h2>Segregaci\u00f3n de residuos s\u00f3lidos<\/h2>\n<p><span style=\"font-weight: 400;\">En la PUCP, se segregan siete tipos de residuos s\u00f3lidos: (1) no aprovechables, (2) papel y cart\u00f3n, (3) botellas de pl\u00e1stico PET, (4) vidrio, (5) pilas y bater\u00edas, y (6) residuos de aparatos el\u00e9ctricos y electr\u00f3nicos (RAEE).<\/span><\/p>\n<p><span style=\"font-weight: 400;\">Los residuos generales son recogidos por una empresa operadora de residuos s\u00f3lidos, autorizada por el Minam, mientras que los residuos reciclables tienen un fin socioambiental a trav\u00e9s de donaciones mensuales seg\u00fan convenio.<\/span><\/p>\n<p><span style=\"font-weight: 400;\">Los residuos peligrosos son acopiados bajo las condiciones de seguridad requeridas y entregados a una empresa operadora de este tipo de residuos s\u00f3lidos, autorizada por el Minam, que se encarga de su transporte y eliminaci\u00f3n en un relleno de seguridad.<\/span><\/p>\n<p><img loading=\"lazy\" decoding=\"async\" class=\"aligncenter wp-image-13908\" src=\"https:\/\/www.pucp.edu.pe\/climadecambios\/wp-content\/uploads\/2025\/05\/Tachos-Residuos_2025.png\" alt=\"\" width=\"800\" height=\"745\" srcset=\"https:\/\/www.pucp.edu.pe\/climadecambios\/wp-content\/uploads\/2025\/05\/Tachos-Residuos_2025.png 800w, https:\/\/www.pucp.edu.pe\/climadecambios\/wp-content\/uploads\/2025\/05\/Tachos-Residuos_2025-300x279.png 300w, https:\/\/www.pucp.edu.pe\/climadecambios\/wp-content\/uploads\/2025\/05\/Tachos-Residuos_2025-768x715.png 768w\" sizes=\"auto, (max-width: 800px) 100vw, 800px\" \/><\/p>\n<h2>Convenios<\/h2>\n<p><span style=\"font-weight: 400;\">Actualmente, existe un convenio con la Asociaci\u00f3n de Ayuda al Ni\u00f1o Quemado (Aniquem), a la que mensualmente se le hace entrega del papel, cart\u00f3n y botellas pl\u00e1sticas que se recolectan en todo el campus.<\/span><\/p>\n<p><span style=\"font-weight: 400;\">En el 2016, la PUCP recibi\u00f3 dos premios por participar en el programa \u201cReciclar para ayudar\u201d de Aniquem: el primer lugar en la categor\u00eda \u201cReciclar para ayudar\u201d y el tercer lugar en \u201cAmigos de Aniquem\u201d. En 2025, la PUCP fue reconocida por cuarto a\u00f1o consecutivo con el Premio Yanapay en la categor\u00eda \u201cAprendizaje con Impacto\u201d, por promover el reciclaje en su comunidad. Solo en 2024 se reciclaron m\u00e1s de 42 toneladas de residuos, reafirmando su compromiso ambiental y social.<\/span><\/p>\n","protected":false},"excerpt":{"rendered":"<p>Segregaci\u00f3n de residuos s\u00f3lidos En la PUCP, se segregan siete tipos de residuos s\u00f3lidos: (1) no aprovechables, (2) papel y cart\u00f3n, (3) botellas de pl\u00e1stico PET, (4) vidrio, (5) pilas y bater\u00edas, y (6) residuos de aparatos el\u00e9ctricos y electr\u00f3nicos (RAEE). Los residuos generales son recogidos por una empresa operadora de residuos s\u00f3lidos, autorizada por [&hellip;]<\/p>\n","protected":false},"author":23,"featured_media":0,"parent":2974,"menu_order":1,"comment_status":"closed","ping_status":"closed","template":"","meta":{"_acf_changed":false,"footnotes":""},"class_list":["post-2975","page","type-page","status-publish","hentry"],"acf":[],"yoast_head":"<!-- This site is optimized with the Yoast SEO plugin v27.1.1 - https:\/\/yoast.com\/product\/yoast-seo-wordpress\/ -->\n<title>Gesti\u00f3n de residuos<\/title>\n<meta name=\"description\" content=\"En la PUCP se segregan siete tipos de residuos s\u00f3lidos: (1) no aprovechables (generales), (2) papel y cart\u00f3n, (3) botellas de pl\u00e1stico PET, (4) vidrio, (5) biocontaminantes, (6) pilas y bater\u00edas, y (7) residuos el\u00e9ctricos y electr\u00f3nicos.\" \/>\n<meta name=\"robots\" content=\"index, follow, max-snippet:-1, max-image-preview:large, max-video-preview:-1\" \/>\n<link rel=\"canonical\" href=\"https:\/\/www.pucp.edu.pe\/climadecambios\/la-pucp-ante-al-cambio-climatico\/medidas-dentro-del-campus\/gestion-de-residuos\/\" \/>\n<meta property=\"og:locale\" content=\"es_ES\" \/>\n<meta property=\"og:type\" content=\"article\" \/>\n<meta property=\"og:title\" content=\"Gesti\u00f3n de residuos\" \/>\n<meta property=\"og:description\" content=\"En la PUCP se segregan siete tipos de residuos s\u00f3lidos: (1) no aprovechables (generales), (2) papel y cart\u00f3n, (3) botellas de pl\u00e1stico PET, (4) vidrio, (5) biocontaminantes, (6) pilas y bater\u00edas, y (7) residuos el\u00e9ctricos y electr\u00f3nicos.\" \/>\n<meta property=\"og:url\" content=\"https:\/\/www.pucp.edu.pe\/climadecambios\/la-pucp-ante-al-cambio-climatico\/medidas-dentro-del-campus\/gestion-de-residuos\/\" \/>\n<meta property=\"og:site_name\" content=\"Clima de cambios\" \/>\n<meta property=\"article:modified_time\" content=\"2025-05-13T20:26:06+00:00\" \/>\n<meta property=\"og:image\" content=\"https:\/\/www.pucp.edu.pe\/climadecambios\/wp-content\/uploads\/2025\/05\/Tachos-Residuos_2025.png\" \/>\n\t<meta property=\"og:image:width\" content=\"800\" \/>\n\t<meta property=\"og:image:height\" content=\"745\" \/>\n\t<meta property=\"og:image:type\" content=\"image\/png\" \/>\n<meta name=\"twitter:label1\" content=\"Tiempo de lectura\" \/>\n\t<meta name=\"twitter:data1\" content=\"2 minutos\" \/>\n<script type=\"application\/ld+json\" class=\"yoast-schema-graph\">{\"@context\":\"https:\/\/schema.org\",\"@graph\":[{\"@type\":\"WebPage\",\"@id\":\"https:\/\/www.pucp.edu.pe\/climadecambios\/la-pucp-ante-al-cambio-climatico\/medidas-dentro-del-campus\/gestion-de-residuos\/\",\"url\":\"https:\/\/www.pucp.edu.pe\/climadecambios\/la-pucp-ante-al-cambio-climatico\/medidas-dentro-del-campus\/gestion-de-residuos\/\",\"name\":\"Gesti\u00f3n de residuos\",\"isPartOf\":{\"@id\":\"https:\/\/www.pucp.edu.pe\/climadecambios\/#website\"},\"primaryImageOfPage\":{\"@id\":\"https:\/\/www.pucp.edu.pe\/climadecambios\/la-pucp-ante-al-cambio-climatico\/medidas-dentro-del-campus\/gestion-de-residuos\/#primaryimage\"},\"image\":{\"@id\":\"https:\/\/www.pucp.edu.pe\/climadecambios\/la-pucp-ante-al-cambio-climatico\/medidas-dentro-del-campus\/gestion-de-residuos\/#primaryimage\"},\"thumbnailUrl\":\"https:\/\/www.pucp.edu.pe\/climadecambios\/wp-content\/uploads\/2025\/05\/Tachos-Residuos_2025.png\",\"datePublished\":\"2017-08-14T23:25:47+00:00\",\"dateModified\":\"2025-05-13T20:26:06+00:00\",\"description\":\"En la PUCP se segregan siete tipos de residuos s\u00f3lidos: (1) no aprovechables (generales), (2) papel y cart\u00f3n, (3) botellas de pl\u00e1stico PET, (4) vidrio, (5) biocontaminantes, (6) pilas y bater\u00edas, y (7) residuos el\u00e9ctricos y electr\u00f3nicos.\",\"breadcrumb\":{\"@id\":\"https:\/\/www.pucp.edu.pe\/climadecambios\/la-pucp-ante-al-cambio-climatico\/medidas-dentro-del-campus\/gestion-de-residuos\/#breadcrumb\"},\"inLanguage\":\"es\",\"potentialAction\":[{\"@type\":\"ReadAction\",\"target\":[\"https:\/\/www.pucp.edu.pe\/climadecambios\/la-pucp-ante-al-cambio-climatico\/medidas-dentro-del-campus\/gestion-de-residuos\/\"]}]},{\"@type\":\"ImageObject\",\"inLanguage\":\"es\",\"@id\":\"https:\/\/www.pucp.edu.pe\/climadecambios\/la-pucp-ante-al-cambio-climatico\/medidas-dentro-del-campus\/gestion-de-residuos\/#primaryimage\",\"url\":\"https:\/\/www.pucp.edu.pe\/climadecambios\/wp-content\/uploads\/2025\/05\/Tachos-Residuos_2025.png\",\"contentUrl\":\"https:\/\/www.pucp.edu.pe\/climadecambios\/wp-content\/uploads\/2025\/05\/Tachos-Residuos_2025.png\",\"width\":800,\"height\":745},{\"@type\":\"BreadcrumbList\",\"@id\":\"https:\/\/www.pucp.edu.pe\/climadecambios\/la-pucp-ante-al-cambio-climatico\/medidas-dentro-del-campus\/gestion-de-residuos\/#breadcrumb\",\"itemListElement\":[{\"@type\":\"ListItem\",\"position\":1,\"name\":\"Home\",\"item\":\"https:\/\/www.pucp.edu.pe\/climadecambios\/\"},{\"@type\":\"ListItem\",\"position\":2,\"name\":\"Acciones ante al cambio clim\u00e1tico\",\"item\":\"https:\/\/www.pucp.edu.pe\/climadecambios\/la-pucp-ante-al-cambio-climatico\/\"},{\"@type\":\"ListItem\",\"position\":3,\"name\":\"Medidas dentro del campus\",\"item\":\"https:\/\/www.pucp.edu.pe\/climadecambios\/la-pucp-ante-al-cambio-climatico\/medidas-dentro-del-campus\/\"},{\"@type\":\"ListItem\",\"position\":4,\"name\":\"Gesti\u00f3n de residuos\"}]},{\"@type\":\"WebSite\",\"@id\":\"https:\/\/www.pucp.edu.pe\/climadecambios\/#website\",\"url\":\"https:\/\/www.pucp.edu.pe\/climadecambios\/\",\"name\":\"Clima de cambios\",\"description\":\"Clima de Cambios es una iniciativa medioambiental de la Pontificia Universidad Cat\u00f3lica del Per\u00fa para concientizar y sensibilizar a la ciudadan\u00eda sobre los efectos del cambio clim\u00e1tico en el Per\u00fa y el mundo.\",\"potentialAction\":[{\"@type\":\"SearchAction\",\"target\":{\"@type\":\"EntryPoint\",\"urlTemplate\":\"https:\/\/www.pucp.edu.pe\/climadecambios\/?s={search_term_string}\"},\"query-input\":{\"@type\":\"PropertyValueSpecification\",\"valueRequired\":true,\"valueName\":\"search_term_string\"}}],\"inLanguage\":\"es\"}]}<\/script>\n<!-- \/ Yoast SEO plugin. -->","yoast_head_json":{"title":"Gesti\u00f3n de residuos","description":"En la PUCP se segregan siete tipos de residuos s\u00f3lidos: (1) no aprovechables (generales), (2) papel y cart\u00f3n, (3) botellas de pl\u00e1stico PET, (4) vidrio, (5) biocontaminantes, (6) pilas y bater\u00edas, y (7) residuos el\u00e9ctricos y electr\u00f3nicos.","robots":{"index":"index","follow":"follow","max-snippet":"max-snippet:-1","max-image-preview":"max-image-preview:large","max-video-preview":"max-video-preview:-1"},"canonical":"https:\/\/www.pucp.edu.pe\/climadecambios\/la-pucp-ante-al-cambio-climatico\/medidas-dentro-del-campus\/gestion-de-residuos\/","og_locale":"es_ES","og_type":"article","og_title":"Gesti\u00f3n de residuos","og_description":"En la PUCP se segregan siete tipos de residuos s\u00f3lidos: (1) no aprovechables (generales), (2) papel y cart\u00f3n, (3) botellas de pl\u00e1stico PET, (4) vidrio, (5) biocontaminantes, (6) pilas y bater\u00edas, y (7) residuos el\u00e9ctricos y electr\u00f3nicos.","og_url":"https:\/\/www.pucp.edu.pe\/climadecambios\/la-pucp-ante-al-cambio-climatico\/medidas-dentro-del-campus\/gestion-de-residuos\/","og_site_name":"Clima de cambios","article_modified_time":"2025-05-13T20:26:06+00:00","og_image":[{"width":800,"height":745,"url":"https:\/\/www.pucp.edu.pe\/climadecambios\/wp-content\/uploads\/2025\/05\/Tachos-Residuos_2025.png","type":"image\/png"}],"twitter_misc":{"Tiempo de lectura":"2 minutos"},"schema":{"@context":"https:\/\/schema.org","@graph":[{"@type":"WebPage","@id":"https:\/\/www.pucp.edu.pe\/climadecambios\/la-pucp-ante-al-cambio-climatico\/medidas-dentro-del-campus\/gestion-de-residuos\/","url":"https:\/\/www.pucp.edu.pe\/climadecambios\/la-pucp-ante-al-cambio-climatico\/medidas-dentro-del-campus\/gestion-de-residuos\/","name":"Gesti\u00f3n de residuos","isPartOf":{"@id":"https:\/\/www.pucp.edu.pe\/climadecambios\/#website"},"primaryImageOfPage":{"@id":"https:\/\/www.pucp.edu.pe\/climadecambios\/la-pucp-ante-al-cambio-climatico\/medidas-dentro-del-campus\/gestion-de-residuos\/#primaryimage"},"image":{"@id":"https:\/\/www.pucp.edu.pe\/climadecambios\/la-pucp-ante-al-cambio-climatico\/medidas-dentro-del-campus\/gestion-de-residuos\/#primaryimage"},"thumbnailUrl":"https:\/\/www.pucp.edu.pe\/climadecambios\/wp-content\/uploads\/2025\/05\/Tachos-Residuos_2025.png","datePublished":"2017-08-14T23:25:47+00:00","dateModified":"2025-05-13T20:26:06+00:00","description":"En la PUCP se segregan siete tipos de residuos s\u00f3lidos: (1) no aprovechables (generales), (2) papel y cart\u00f3n, (3) botellas de pl\u00e1stico PET, (4) vidrio, (5) biocontaminantes, (6) pilas y bater\u00edas, y (7) residuos el\u00e9ctricos y electr\u00f3nicos.","breadcrumb":{"@id":"https:\/\/www.pucp.edu.pe\/climadecambios\/la-pucp-ante-al-cambio-climatico\/medidas-dentro-del-campus\/gestion-de-residuos\/#breadcrumb"},"inLanguage":"es","potentialAction":[{"@type":"ReadAction","target":["https:\/\/www.pucp.edu.pe\/climadecambios\/la-pucp-ante-al-cambio-climatico\/medidas-dentro-del-campus\/gestion-de-residuos\/"]}]},{"@type":"ImageObject","inLanguage":"es","@id":"https:\/\/www.pucp.edu.pe\/climadecambios\/la-pucp-ante-al-cambio-climatico\/medidas-dentro-del-campus\/gestion-de-residuos\/#primaryimage","url":"https:\/\/www.pucp.edu.pe\/climadecambios\/wp-content\/uploads\/2025\/05\/Tachos-Residuos_2025.png","contentUrl":"https:\/\/www.pucp.edu.pe\/climadecambios\/wp-content\/uploads\/2025\/05\/Tachos-Residuos_2025.png","width":800,"height":745},{"@type":"BreadcrumbList","@id":"https:\/\/www.pucp.edu.pe\/climadecambios\/la-pucp-ante-al-cambio-climatico\/medidas-dentro-del-campus\/gestion-de-residuos\/#breadcrumb","itemListElement":[{"@type":"ListItem","position":1,"name":"Home","item":"https:\/\/www.pucp.edu.pe\/climadecambios\/"},{"@type":"ListItem","position":2,"name":"Acciones ante al cambio clim\u00e1tico","item":"https:\/\/www.pucp.edu.pe\/climadecambios\/la-pucp-ante-al-cambio-climatico\/"},{"@type":"ListItem","position":3,"name":"Medidas dentro del campus","item":"https:\/\/www.pucp.edu.pe\/climadecambios\/la-pucp-ante-al-cambio-climatico\/medidas-dentro-del-campus\/"},{"@type":"ListItem","position":4,"name":"Gesti\u00f3n de residuos"}]},{"@type":"WebSite","@id":"https:\/\/www.pucp.edu.pe\/climadecambios\/#website","url":"https:\/\/www.pucp.edu.pe\/climadecambios\/","name":"Clima de cambios","description":"Clima de Cambios es una iniciativa medioambiental de la Pontificia Universidad Cat\u00f3lica del Per\u00fa para concientizar y sensibilizar a la ciudadan\u00eda sobre los efectos del cambio clim\u00e1tico en el Per\u00fa y el mundo.","potentialAction":[{"@type":"SearchAction","target":{"@type":"EntryPoint","urlTemplate":"https:\/\/www.pucp.edu.pe\/climadecambios\/?s={search_term_string}"},"query-input":{"@type":"PropertyValueSpecification","valueRequired":true,"valueName":"search_term_string"}}],"inLanguage":"es"}]}},"_links":{"self":[{"href":"https:\/\/www.pucp.edu.pe\/climadecambios\/wp-json\/wp\/v2\/pages\/2975","targetHints":{"allow":["GET"]}}],"collection":[{"href":"https:\/\/www.pucp.edu.pe\/climadecambios\/wp-json\/wp\/v2\/pages"}],"about":[{"href":"https:\/\/www.pucp.edu.pe\/climadecambios\/wp-json\/wp\/v2\/types\/page"}],"author":[{"embeddable":true,"href":"https:\/\/www.pucp.edu.pe\/climadecambios\/wp-json\/wp\/v2\/users\/23"}],"replies":[{"embeddable":true,"href":"https:\/\/www.pucp.edu.pe\/climadecambios\/wp-json\/wp\/v2\/comments?post=2975"}],"version-history":[{"count":0,"href":"https:\/\/www.pucp.edu.pe\/climadecambios\/wp-json\/wp\/v2\/pages\/2975\/revisions"}],"up":[{"embeddable":true,"href":"https:\/\/www.pucp.edu.pe\/climadecambios\/wp-json\/wp\/v2\/pages\/2974"}],"wp:attachment":[{"href":"https:\/\/www.pucp.edu.pe\/climadecambios\/wp-json\/wp\/v2\/media?parent=2975"}],"curies":[{"name":"wp","href":"https:\/\/api.w.org\/{rel}","templated":true}]}}