{"id":2973,"date":"2017-08-14T23:24:46","date_gmt":"2017-08-14T23:24:46","guid":{"rendered":"https:\/\/www.pucp.edu.pe\/climadecambios\/la-pucp-frente-al-cambio-climatico\/registro-de-flora-y-fauna-de-la-pucp\/"},"modified":"2021-08-25T23:35:36","modified_gmt":"2021-08-25T23:35:36","slug":"registro-de-flora-y-fauna-de-la-pucp","status":"publish","type":"page","link":"https:\/\/www.pucp.edu.pe\/climadecambios\/la-pucp-ante-al-cambio-climatico\/registro-de-flora-y-fauna-de-la-pucp\/","title":{"rendered":"Flora y fauna de la PUCP"},"content":{"rendered":"<h2>Ecorruta PUCP<\/h2>\n<p>Para conocer un poco m\u00e1s sobre la vegetaci\u00f3n en nuestra Universidad,\u00a0<a href=\"https:\/\/www.pucp.edu.pe\/climadecambios\/\">Clima de Cambios<\/a>\u00a0y la Coordinaci\u00f3n de flora y fauna comparten la Ecorruta virtual, en la que tambi\u00e9n destacan el bosque seco tropical, el Jard\u00edn Central, la alameda de cedros y tipas, el bosque h\u00famedo tropical, entre otros espacios.<\/p>\n<p><strong>Pulsa en cada uno de los botones<\/strong>\u00a0del siguiente mapa interactivo y conoce m\u00e1s sobre las \u00e1reas verdes PUCP.<\/p>\n<div style=\"width: 100%;\">\n<div style=\"position: relative; padding-bottom: 72.46%; padding-top: 0; height: 0;\"><iframe loading=\"lazy\" style=\"position: absolute; top: 0; left: 0; width: 100%; height: 100%;\" src=\"https:\/\/view.genial.ly\/5ea9bea30523840d8c53ea0e\" width=\"690px\" height=\"500px\" frameborder=\"0\" scrolling=\"yes\" allowfullscreen=\"allowfullscreen\" data-mce-fragment=\"1\"><\/iframe><\/div>\n<\/div>\n<h2><\/h2>\n","protected":false},"excerpt":{"rendered":"<p>Ecorruta PUCP Para conocer un poco m\u00e1s sobre la vegetaci\u00f3n en nuestra Universidad,\u00a0Clima de Cambios\u00a0y la Coordinaci\u00f3n de flora y fauna comparten la Ecorruta virtual, en la que tambi\u00e9n destacan el bosque seco tropical, el Jard\u00edn Central, la alameda de cedros y tipas, el bosque h\u00famedo tropical, entre otros espacios. Pulsa en cada uno de [&hellip;]<\/p>\n","protected":false},"author":23,"featured_media":0,"parent":2960,"menu_order":1,"comment_status":"closed","ping_status":"closed","template":"","meta":{"_acf_changed":false,"footnotes":""},"class_list":["post-2973","page","type-page","status-publish","hentry"],"acf":[],"yoast_head":"<!-- This site is optimized with the Yoast SEO plugin v27.1.1 - https:\/\/yoast.com\/product\/yoast-seo-wordpress\/ -->\n<title>Flora y fauna de la PUCP - Clima de cambios<\/title>\n<meta name=\"robots\" content=\"index, follow, max-snippet:-1, max-image-preview:large, max-video-preview:-1\" \/>\n<link rel=\"canonical\" href=\"https:\/\/www.pucp.edu.pe\/climadecambios\/la-pucp-ante-al-cambio-climatico\/registro-de-flora-y-fauna-de-la-pucp\/\" \/>\n<meta property=\"og:locale\" content=\"es_ES\" \/>\n<meta property=\"og:type\" content=\"article\" \/>\n<meta property=\"og:title\" content=\"Flora y fauna de la PUCP - Clima de cambios\" \/>\n<meta property=\"og:description\" content=\"Ecorruta PUCP Para conocer un poco m\u00e1s sobre la vegetaci\u00f3n en nuestra Universidad,\u00a0Clima de Cambios\u00a0y la Coordinaci\u00f3n de flora y fauna comparten la Ecorruta virtual, en la que tambi\u00e9n destacan el bosque seco tropical, el Jard\u00edn Central, la alameda de cedros y tipas, el bosque h\u00famedo tropical, entre otros espacios. Pulsa en cada uno de [&hellip;]\" \/>\n<meta property=\"og:url\" content=\"https:\/\/www.pucp.edu.pe\/climadecambios\/la-pucp-ante-al-cambio-climatico\/registro-de-flora-y-fauna-de-la-pucp\/\" \/>\n<meta property=\"og:site_name\" content=\"Clima de cambios\" \/>\n<meta property=\"article:modified_time\" content=\"2021-08-25T23:35:36+00:00\" \/>\n<script type=\"application\/ld+json\" class=\"yoast-schema-graph\">{\"@context\":\"https:\/\/schema.org\",\"@graph\":[{\"@type\":\"WebPage\",\"@id\":\"https:\/\/www.pucp.edu.pe\/climadecambios\/la-pucp-ante-al-cambio-climatico\/registro-de-flora-y-fauna-de-la-pucp\/\",\"url\":\"https:\/\/www.pucp.edu.pe\/climadecambios\/la-pucp-ante-al-cambio-climatico\/registro-de-flora-y-fauna-de-la-pucp\/\",\"name\":\"Flora y fauna de la PUCP - Clima de cambios\",\"isPartOf\":{\"@id\":\"https:\/\/www.pucp.edu.pe\/climadecambios\/#website\"},\"datePublished\":\"2017-08-14T23:24:46+00:00\",\"dateModified\":\"2021-08-25T23:35:36+00:00\",\"breadcrumb\":{\"@id\":\"https:\/\/www.pucp.edu.pe\/climadecambios\/la-pucp-ante-al-cambio-climatico\/registro-de-flora-y-fauna-de-la-pucp\/#breadcrumb\"},\"inLanguage\":\"es\",\"potentialAction\":[{\"@type\":\"ReadAction\",\"target\":[\"https:\/\/www.pucp.edu.pe\/climadecambios\/la-pucp-ante-al-cambio-climatico\/registro-de-flora-y-fauna-de-la-pucp\/\"]}]},{\"@type\":\"BreadcrumbList\",\"@id\":\"https:\/\/www.pucp.edu.pe\/climadecambios\/la-pucp-ante-al-cambio-climatico\/registro-de-flora-y-fauna-de-la-pucp\/#breadcrumb\",\"itemListElement\":[{\"@type\":\"ListItem\",\"position\":1,\"name\":\"Home\",\"item\":\"https:\/\/www.pucp.edu.pe\/climadecambios\/\"},{\"@type\":\"ListItem\",\"position\":2,\"name\":\"Acciones ante al cambio clim\u00e1tico\",\"item\":\"https:\/\/www.pucp.edu.pe\/climadecambios\/la-pucp-ante-al-cambio-climatico\/\"},{\"@type\":\"ListItem\",\"position\":3,\"name\":\"Flora y fauna de la PUCP\"}]},{\"@type\":\"WebSite\",\"@id\":\"https:\/\/www.pucp.edu.pe\/climadecambios\/#website\",\"url\":\"https:\/\/www.pucp.edu.pe\/climadecambios\/\",\"name\":\"Clima de cambios\",\"description\":\"Clima de Cambios es una iniciativa medioambiental de la Pontificia Universidad Cat\u00f3lica del Per\u00fa para concientizar y sensibilizar a la ciudadan\u00eda sobre los efectos del cambio clim\u00e1tico en el Per\u00fa y el mundo.\",\"potentialAction\":[{\"@type\":\"SearchAction\",\"target\":{\"@type\":\"EntryPoint\",\"urlTemplate\":\"https:\/\/www.pucp.edu.pe\/climadecambios\/?s={search_term_string}\"},\"query-input\":{\"@type\":\"PropertyValueSpecification\",\"valueRequired\":true,\"valueName\":\"search_term_string\"}}],\"inLanguage\":\"es\"}]}<\/script>\n<!-- \/ Yoast SEO plugin. -->","yoast_head_json":{"title":"Flora y fauna de la PUCP - Clima de cambios","robots":{"index":"index","follow":"follow","max-snippet":"max-snippet:-1","max-image-preview":"max-image-preview:large","max-video-preview":"max-video-preview:-1"},"canonical":"https:\/\/www.pucp.edu.pe\/climadecambios\/la-pucp-ante-al-cambio-climatico\/registro-de-flora-y-fauna-de-la-pucp\/","og_locale":"es_ES","og_type":"article","og_title":"Flora y fauna de la PUCP - Clima de cambios","og_description":"Ecorruta PUCP Para conocer un poco m\u00e1s sobre la vegetaci\u00f3n en nuestra Universidad,\u00a0Clima de Cambios\u00a0y la Coordinaci\u00f3n de flora y fauna comparten la Ecorruta virtual, en la que tambi\u00e9n destacan el bosque seco tropical, el Jard\u00edn Central, la alameda de cedros y tipas, el bosque h\u00famedo tropical, entre otros espacios. Pulsa en cada uno de [&hellip;]","og_url":"https:\/\/www.pucp.edu.pe\/climadecambios\/la-pucp-ante-al-cambio-climatico\/registro-de-flora-y-fauna-de-la-pucp\/","og_site_name":"Clima de cambios","article_modified_time":"2021-08-25T23:35:36+00:00","schema":{"@context":"https:\/\/schema.org","@graph":[{"@type":"WebPage","@id":"https:\/\/www.pucp.edu.pe\/climadecambios\/la-pucp-ante-al-cambio-climatico\/registro-de-flora-y-fauna-de-la-pucp\/","url":"https:\/\/www.pucp.edu.pe\/climadecambios\/la-pucp-ante-al-cambio-climatico\/registro-de-flora-y-fauna-de-la-pucp\/","name":"Flora y fauna de la PUCP - Clima de cambios","isPartOf":{"@id":"https:\/\/www.pucp.edu.pe\/climadecambios\/#website"},"datePublished":"2017-08-14T23:24:46+00:00","dateModified":"2021-08-25T23:35:36+00:00","breadcrumb":{"@id":"https:\/\/www.pucp.edu.pe\/climadecambios\/la-pucp-ante-al-cambio-climatico\/registro-de-flora-y-fauna-de-la-pucp\/#breadcrumb"},"inLanguage":"es","potentialAction":[{"@type":"ReadAction","target":["https:\/\/www.pucp.edu.pe\/climadecambios\/la-pucp-ante-al-cambio-climatico\/registro-de-flora-y-fauna-de-la-pucp\/"]}]},{"@type":"BreadcrumbList","@id":"https:\/\/www.pucp.edu.pe\/climadecambios\/la-pucp-ante-al-cambio-climatico\/registro-de-flora-y-fauna-de-la-pucp\/#breadcrumb","itemListElement":[{"@type":"ListItem","position":1,"name":"Home","item":"https:\/\/www.pucp.edu.pe\/climadecambios\/"},{"@type":"ListItem","position":2,"name":"Acciones ante al cambio clim\u00e1tico","item":"https:\/\/www.pucp.edu.pe\/climadecambios\/la-pucp-ante-al-cambio-climatico\/"},{"@type":"ListItem","position":3,"name":"Flora y fauna de la PUCP"}]},{"@type":"WebSite","@id":"https:\/\/www.pucp.edu.pe\/climadecambios\/#website","url":"https:\/\/www.pucp.edu.pe\/climadecambios\/","name":"Clima de cambios","description":"Clima de Cambios es una iniciativa medioambiental de la Pontificia Universidad Cat\u00f3lica del Per\u00fa para concientizar y sensibilizar a la ciudadan\u00eda sobre los efectos del cambio clim\u00e1tico en el Per\u00fa y el mundo.","potentialAction":[{"@type":"SearchAction","target":{"@type":"EntryPoint","urlTemplate":"https:\/\/www.pucp.edu.pe\/climadecambios\/?s={search_term_string}"},"query-input":{"@type":"PropertyValueSpecification","valueRequired":true,"valueName":"search_term_string"}}],"inLanguage":"es"}]}},"_links":{"self":[{"href":"https:\/\/www.pucp.edu.pe\/climadecambios\/wp-json\/wp\/v2\/pages\/2973","targetHints":{"allow":["GET"]}}],"collection":[{"href":"https:\/\/www.pucp.edu.pe\/climadecambios\/wp-json\/wp\/v2\/pages"}],"about":[{"href":"https:\/\/www.pucp.edu.pe\/climadecambios\/wp-json\/wp\/v2\/types\/page"}],"author":[{"embeddable":true,"href":"https:\/\/www.pucp.edu.pe\/climadecambios\/wp-json\/wp\/v2\/users\/23"}],"replies":[{"embeddable":true,"href":"https:\/\/www.pucp.edu.pe\/climadecambios\/wp-json\/wp\/v2\/comments?post=2973"}],"version-history":[{"count":0,"href":"https:\/\/www.pucp.edu.pe\/climadecambios\/wp-json\/wp\/v2\/pages\/2973\/revisions"}],"up":[{"embeddable":true,"href":"https:\/\/www.pucp.edu.pe\/climadecambios\/wp-json\/wp\/v2\/pages\/2960"}],"wp:attachment":[{"href":"https:\/\/www.pucp.edu.pe\/climadecambios\/wp-json\/wp\/v2\/media?parent=2973"}],"curies":[{"name":"wp","href":"https:\/\/api.w.org\/{rel}","templated":true}]}}