{"id":2972,"date":"2017-08-14T23:24:46","date_gmt":"2017-08-14T23:24:46","guid":{"rendered":"https:\/\/www.pucp.edu.pe\/climadecambios\/la-pucp-frente-al-cambio-climatico\/comisiones-en-la-pucp\/"},"modified":"2019-11-08T17:55:02","modified_gmt":"2019-11-08T17:55:02","slug":"comisiones-en-la-pucp","status":"publish","type":"page","link":"https:\/\/www.pucp.edu.pe\/climadecambios\/la-pucp-ante-al-cambio-climatico\/comisiones-en-la-pucp\/","title":{"rendered":"Comisiones en la PUCP"},"content":{"rendered":"<p>La PUCP es una instituci\u00f3n educativa comprometida con el desarrollo humano sostenible, por ello promueve el manejo ambiental responsable de los recursos que se emplean en el campus. Es as\u00ed que, en el a\u00f1o 2013, se aprob\u00f3 la <a href=\"http:\/\/textos.pucp.edu.pe\/pdf\/3749.pdf\" target=\"_blank\" rel=\"noopener\"><strong>Pol\u00edtica Institucional de Gesti\u00f3n Ambiental de la PUCP.<\/strong><\/a><\/p>\n<h2>Comisiones en la PUCP<\/h2>\n<h4><strong>Comisi\u00f3n de Medio Ambiente<\/strong><\/h4>\n<p>Ente de asesor\u00eda, nombrado por resoluci\u00f3n rectoral, conformado por docentes de la Universidad que poseen desempe\u00f1o en el tema ambiental dentro de sus especialidades respectivas. Este es el organismo encargado de asesorar el proceso de\u00a0 desarrollo del tema ambiental a nivel institucional en la PUCP.<\/p>\n<p>&nbsp;<\/p>\n<h4><strong>Comit\u00e9 T\u00e9cnico Ambiental<\/strong><\/h4>\n<p>\u00d3rgano t\u00e9cnico operativo, conformado por personal t\u00e9cnico y administrativo de las diferentes \u00e1reas. Tiene alcance en la ejecuci\u00f3n de la implementaci\u00f3n de la gesti\u00f3n ambiental del campus.<\/p>\n<p>&nbsp;<\/p>\n<h4><strong>Comit\u00e9 de Jardines<\/strong><\/h4>\n<p>Subcomit\u00e9 de la Comisi\u00f3n de Medio Ambiente, est\u00e1 conformado por docentes y administrativos. Su funci\u00f3n es brindar asesor\u00eda en el manejo de la flora y la fauna del campus.<\/p>\n<p>&nbsp;<\/p>\n<p>&nbsp;<\/p>\n","protected":false},"excerpt":{"rendered":"<p>La PUCP es una instituci\u00f3n educativa comprometida con el desarrollo humano sostenible, por ello promueve el manejo ambiental responsable de los recursos que se emplean en el campus. Es as\u00ed que, en el a\u00f1o 2013, se aprob\u00f3 la Pol\u00edtica Institucional de Gesti\u00f3n Ambiental de la PUCP. Comisiones en la PUCP Comisi\u00f3n de Medio Ambiente Ente [&hellip;]<\/p>\n","protected":false},"author":23,"featured_media":0,"parent":2960,"menu_order":0,"comment_status":"closed","ping_status":"closed","template":"","meta":{"_acf_changed":false,"footnotes":""},"class_list":["post-2972","page","type-page","status-publish","hentry"],"acf":[],"yoast_head":"<!-- This site is optimized with the Yoast SEO plugin v27.1.1 - https:\/\/yoast.com\/product\/yoast-seo-wordpress\/ -->\n<title>Comisiones en la PUCP - Clima de cambios<\/title>\n<meta name=\"robots\" content=\"index, follow, max-snippet:-1, max-image-preview:large, max-video-preview:-1\" \/>\n<link rel=\"canonical\" href=\"https:\/\/www.pucp.edu.pe\/climadecambios\/la-pucp-ante-al-cambio-climatico\/comisiones-en-la-pucp\/\" \/>\n<meta property=\"og:locale\" content=\"es_ES\" \/>\n<meta property=\"og:type\" content=\"article\" \/>\n<meta property=\"og:title\" content=\"Comisiones en la PUCP - Clima de cambios\" \/>\n<meta property=\"og:description\" content=\"La PUCP es una instituci\u00f3n educativa comprometida con el desarrollo humano sostenible, por ello promueve el manejo ambiental responsable de los recursos que se emplean en el campus. Es as\u00ed que, en el a\u00f1o 2013, se aprob\u00f3 la Pol\u00edtica Institucional de Gesti\u00f3n Ambiental de la PUCP. Comisiones en la PUCP Comisi\u00f3n de Medio Ambiente Ente [&hellip;]\" \/>\n<meta property=\"og:url\" content=\"https:\/\/www.pucp.edu.pe\/climadecambios\/la-pucp-ante-al-cambio-climatico\/comisiones-en-la-pucp\/\" \/>\n<meta property=\"og:site_name\" content=\"Clima de cambios\" \/>\n<meta property=\"article:modified_time\" content=\"2019-11-08T17:55:02+00:00\" \/>\n<meta name=\"twitter:label1\" content=\"Tiempo de lectura\" \/>\n\t<meta name=\"twitter:data1\" content=\"1 minuto\" \/>\n<script type=\"application\/ld+json\" class=\"yoast-schema-graph\">{\"@context\":\"https:\/\/schema.org\",\"@graph\":[{\"@type\":\"WebPage\",\"@id\":\"https:\/\/www.pucp.edu.pe\/climadecambios\/la-pucp-ante-al-cambio-climatico\/comisiones-en-la-pucp\/\",\"url\":\"https:\/\/www.pucp.edu.pe\/climadecambios\/la-pucp-ante-al-cambio-climatico\/comisiones-en-la-pucp\/\",\"name\":\"Comisiones en la PUCP - Clima de cambios\",\"isPartOf\":{\"@id\":\"https:\/\/www.pucp.edu.pe\/climadecambios\/#website\"},\"datePublished\":\"2017-08-14T23:24:46+00:00\",\"dateModified\":\"2019-11-08T17:55:02+00:00\",\"breadcrumb\":{\"@id\":\"https:\/\/www.pucp.edu.pe\/climadecambios\/la-pucp-ante-al-cambio-climatico\/comisiones-en-la-pucp\/#breadcrumb\"},\"inLanguage\":\"es\",\"potentialAction\":[{\"@type\":\"ReadAction\",\"target\":[\"https:\/\/www.pucp.edu.pe\/climadecambios\/la-pucp-ante-al-cambio-climatico\/comisiones-en-la-pucp\/\"]}]},{\"@type\":\"BreadcrumbList\",\"@id\":\"https:\/\/www.pucp.edu.pe\/climadecambios\/la-pucp-ante-al-cambio-climatico\/comisiones-en-la-pucp\/#breadcrumb\",\"itemListElement\":[{\"@type\":\"ListItem\",\"position\":1,\"name\":\"Home\",\"item\":\"https:\/\/www.pucp.edu.pe\/climadecambios\/\"},{\"@type\":\"ListItem\",\"position\":2,\"name\":\"Acciones ante al cambio clim\u00e1tico\",\"item\":\"https:\/\/www.pucp.edu.pe\/climadecambios\/la-pucp-ante-al-cambio-climatico\/\"},{\"@type\":\"ListItem\",\"position\":3,\"name\":\"Comisiones en la PUCP\"}]},{\"@type\":\"WebSite\",\"@id\":\"https:\/\/www.pucp.edu.pe\/climadecambios\/#website\",\"url\":\"https:\/\/www.pucp.edu.pe\/climadecambios\/\",\"name\":\"Clima de cambios\",\"description\":\"Clima de Cambios es una iniciativa medioambiental de la Pontificia Universidad Cat\u00f3lica del Per\u00fa para concientizar y sensibilizar a la ciudadan\u00eda sobre los efectos del cambio clim\u00e1tico en el Per\u00fa y el mundo.\",\"potentialAction\":[{\"@type\":\"SearchAction\",\"target\":{\"@type\":\"EntryPoint\",\"urlTemplate\":\"https:\/\/www.pucp.edu.pe\/climadecambios\/?s={search_term_string}\"},\"query-input\":{\"@type\":\"PropertyValueSpecification\",\"valueRequired\":true,\"valueName\":\"search_term_string\"}}],\"inLanguage\":\"es\"}]}<\/script>\n<!-- \/ Yoast SEO plugin. -->","yoast_head_json":{"title":"Comisiones en la PUCP - Clima de cambios","robots":{"index":"index","follow":"follow","max-snippet":"max-snippet:-1","max-image-preview":"max-image-preview:large","max-video-preview":"max-video-preview:-1"},"canonical":"https:\/\/www.pucp.edu.pe\/climadecambios\/la-pucp-ante-al-cambio-climatico\/comisiones-en-la-pucp\/","og_locale":"es_ES","og_type":"article","og_title":"Comisiones en la PUCP - Clima de cambios","og_description":"La PUCP es una instituci\u00f3n educativa comprometida con el desarrollo humano sostenible, por ello promueve el manejo ambiental responsable de los recursos que se emplean en el campus. Es as\u00ed que, en el a\u00f1o 2013, se aprob\u00f3 la Pol\u00edtica Institucional de Gesti\u00f3n Ambiental de la PUCP. Comisiones en la PUCP Comisi\u00f3n de Medio Ambiente Ente [&hellip;]","og_url":"https:\/\/www.pucp.edu.pe\/climadecambios\/la-pucp-ante-al-cambio-climatico\/comisiones-en-la-pucp\/","og_site_name":"Clima de cambios","article_modified_time":"2019-11-08T17:55:02+00:00","twitter_misc":{"Tiempo de lectura":"1 minuto"},"schema":{"@context":"https:\/\/schema.org","@graph":[{"@type":"WebPage","@id":"https:\/\/www.pucp.edu.pe\/climadecambios\/la-pucp-ante-al-cambio-climatico\/comisiones-en-la-pucp\/","url":"https:\/\/www.pucp.edu.pe\/climadecambios\/la-pucp-ante-al-cambio-climatico\/comisiones-en-la-pucp\/","name":"Comisiones en la PUCP - Clima de cambios","isPartOf":{"@id":"https:\/\/www.pucp.edu.pe\/climadecambios\/#website"},"datePublished":"2017-08-14T23:24:46+00:00","dateModified":"2019-11-08T17:55:02+00:00","breadcrumb":{"@id":"https:\/\/www.pucp.edu.pe\/climadecambios\/la-pucp-ante-al-cambio-climatico\/comisiones-en-la-pucp\/#breadcrumb"},"inLanguage":"es","potentialAction":[{"@type":"ReadAction","target":["https:\/\/www.pucp.edu.pe\/climadecambios\/la-pucp-ante-al-cambio-climatico\/comisiones-en-la-pucp\/"]}]},{"@type":"BreadcrumbList","@id":"https:\/\/www.pucp.edu.pe\/climadecambios\/la-pucp-ante-al-cambio-climatico\/comisiones-en-la-pucp\/#breadcrumb","itemListElement":[{"@type":"ListItem","position":1,"name":"Home","item":"https:\/\/www.pucp.edu.pe\/climadecambios\/"},{"@type":"ListItem","position":2,"name":"Acciones ante al cambio clim\u00e1tico","item":"https:\/\/www.pucp.edu.pe\/climadecambios\/la-pucp-ante-al-cambio-climatico\/"},{"@type":"ListItem","position":3,"name":"Comisiones en la PUCP"}]},{"@type":"WebSite","@id":"https:\/\/www.pucp.edu.pe\/climadecambios\/#website","url":"https:\/\/www.pucp.edu.pe\/climadecambios\/","name":"Clima de cambios","description":"Clima de Cambios es una iniciativa medioambiental de la Pontificia Universidad Cat\u00f3lica del Per\u00fa para concientizar y sensibilizar a la ciudadan\u00eda sobre los efectos del cambio clim\u00e1tico en el Per\u00fa y el mundo.","potentialAction":[{"@type":"SearchAction","target":{"@type":"EntryPoint","urlTemplate":"https:\/\/www.pucp.edu.pe\/climadecambios\/?s={search_term_string}"},"query-input":{"@type":"PropertyValueSpecification","valueRequired":true,"valueName":"search_term_string"}}],"inLanguage":"es"}]}},"_links":{"self":[{"href":"https:\/\/www.pucp.edu.pe\/climadecambios\/wp-json\/wp\/v2\/pages\/2972","targetHints":{"allow":["GET"]}}],"collection":[{"href":"https:\/\/www.pucp.edu.pe\/climadecambios\/wp-json\/wp\/v2\/pages"}],"about":[{"href":"https:\/\/www.pucp.edu.pe\/climadecambios\/wp-json\/wp\/v2\/types\/page"}],"author":[{"embeddable":true,"href":"https:\/\/www.pucp.edu.pe\/climadecambios\/wp-json\/wp\/v2\/users\/23"}],"replies":[{"embeddable":true,"href":"https:\/\/www.pucp.edu.pe\/climadecambios\/wp-json\/wp\/v2\/comments?post=2972"}],"version-history":[{"count":0,"href":"https:\/\/www.pucp.edu.pe\/climadecambios\/wp-json\/wp\/v2\/pages\/2972\/revisions"}],"up":[{"embeddable":true,"href":"https:\/\/www.pucp.edu.pe\/climadecambios\/wp-json\/wp\/v2\/pages\/2960"}],"wp:attachment":[{"href":"https:\/\/www.pucp.edu.pe\/climadecambios\/wp-json\/wp\/v2\/media?parent=2972"}],"curies":[{"name":"wp","href":"https:\/\/api.w.org\/{rel}","templated":true}]}}