{"id":2969,"date":"2017-08-14T23:12:56","date_gmt":"2017-08-14T23:12:56","guid":{"rendered":"https:\/\/www.pucp.edu.pe\/climadecambios\/sobre-clima-de-cambios\/que-es-el-cambio-climatico\/causas-del-cambio-climatico\/"},"modified":"2018-01-25T21:07:22","modified_gmt":"2018-01-25T21:07:22","slug":"causas-del-cambio-climatico","status":"publish","type":"page","link":"https:\/\/www.pucp.edu.pe\/climadecambios\/sobre-clima-de-cambios\/que-es-el-cambio-climatico\/causas-del-cambio-climatico\/","title":{"rendered":"Causas del cambio clim\u00e1tico"},"content":{"rendered":"<p>El cambio clim\u00e1tico es s\u00edntoma de un <strong>planeta enfermo<\/strong> y es provocado por un incremento de la <strong>concentraci\u00f3n de gases de efecto invernadero<\/strong> (GEI) en la atm\u00f3sfera.<\/p>\n<p>El efecto invernadero es un fen\u00f3meno natural por el cual el calor de los rayos del sol es retenido dentro de nuestro planeta, gracias a gases como el di\u00f3xido de carbono (CO2), el vapor de agua, el metano (CH4), el \u00f3xido nitroso (N2O) y el ozono (O3), que se encuentran naturalmente en la atm\u00f3sfera de la Tierra y sirven para atrapar parte de la energ\u00eda solar. As\u00ed, permiten mantener c\u00e1lida la superficie y, por lo tanto, hacen posible la vida en el planeta.<\/p>\n<h2>\u00bfCu\u00e1l es el principal gas del efecto invernadero emitido por el ser humano?<\/h2>\n<p>El principal gas de efecto invernadero emitido por el ser humano <strong>es el di\u00f3xido de carbono (CO2)<\/strong>\u00a0como resultado de la quema de combustibles f\u00f3siles (carb\u00f3n, petr\u00f3leo y gas) utilizados para la producci\u00f3n de energ\u00eda y el transporte.<\/p>\n<p><strong>Las actividades humanas han provocado un aumento de las concentraciones de CO2 en la atm\u00f3sfera sin precedentes en los \u00faltimos 650,000 a\u00f1os<\/strong>. Este se debe principalmente al uso de combustibles f\u00f3siles, y, en menor medida, por los cambios en el uso de la tierra, como la deforestaci\u00f3n y la p\u00e9rdida de terrenos agr\u00edcolas.<\/p>\n<p>La acumulaci\u00f3n de los GEI durante siglos se ha sumado a los graves procesos de deforestaci\u00f3n de los bosques, que actuaban como pulmones naturales del planeta. Seg\u00fan cifras de la Organizaci\u00f3n de las Naciones Unidas para la Agricultura y la Alimentaci\u00f3n (FAO), todos los a\u00f1os se pierden unos 13 millones de hect\u00e1reas de bosques en todo el mundo, la mayor parte en las zonas tropicales.<\/p>\n<p><iframe loading=\"lazy\" style=\"border: 0;\" src=\"https:\/\/datastudio.google.com\/embed\/reporting\/1O8iNDRxJXvJGKNR2o9GZXRTXUxyVu3gl\/page\/4uOL\" width=\"830\" height=\"550\" frameborder=\"0\" allowfullscreen=\"allowfullscreen\"><\/iframe><\/p>\n","protected":false},"excerpt":{"rendered":"<p>El cambio clim\u00e1tico es s\u00edntoma de un planeta enfermo y es provocado por un incremento de la concentraci\u00f3n de gases de efecto invernadero (GEI) en la atm\u00f3sfera. El efecto invernadero es un fen\u00f3meno natural por el cual el calor de los rayos del sol es retenido dentro de nuestro planeta, gracias a gases como el [&hellip;]<\/p>\n","protected":false},"author":23,"featured_media":0,"parent":2967,"menu_order":1,"comment_status":"closed","ping_status":"closed","template":"","meta":{"_acf_changed":false,"footnotes":""},"class_list":["post-2969","page","type-page","status-publish","hentry"],"acf":[],"yoast_head":"<!-- This site is optimized with the Yoast SEO plugin v27.1.1 - https:\/\/yoast.com\/product\/yoast-seo-wordpress\/ -->\n<title>Causas del cambio clim\u00e1tico - Clima de cambios<\/title>\n<meta name=\"robots\" content=\"index, follow, max-snippet:-1, max-image-preview:large, max-video-preview:-1\" \/>\n<link rel=\"canonical\" href=\"https:\/\/www.pucp.edu.pe\/climadecambios\/sobre-clima-de-cambios\/que-es-el-cambio-climatico\/causas-del-cambio-climatico\/\" \/>\n<meta property=\"og:locale\" content=\"es_ES\" \/>\n<meta property=\"og:type\" content=\"article\" \/>\n<meta property=\"og:title\" content=\"Causas del cambio clim\u00e1tico - Clima de cambios\" \/>\n<meta property=\"og:description\" content=\"El cambio clim\u00e1tico es s\u00edntoma de un planeta enfermo y es provocado por un incremento de la concentraci\u00f3n de gases de efecto invernadero (GEI) en la atm\u00f3sfera. El efecto invernadero es un fen\u00f3meno natural por el cual el calor de los rayos del sol es retenido dentro de nuestro planeta, gracias a gases como el [&hellip;]\" \/>\n<meta property=\"og:url\" content=\"https:\/\/www.pucp.edu.pe\/climadecambios\/sobre-clima-de-cambios\/que-es-el-cambio-climatico\/causas-del-cambio-climatico\/\" \/>\n<meta property=\"og:site_name\" content=\"Clima de cambios\" \/>\n<meta property=\"article:modified_time\" content=\"2018-01-25T21:07:22+00:00\" \/>\n<meta name=\"twitter:label1\" content=\"Tiempo de lectura\" \/>\n\t<meta name=\"twitter:data1\" content=\"2 minutos\" \/>\n<script type=\"application\/ld+json\" class=\"yoast-schema-graph\">{\"@context\":\"https:\/\/schema.org\",\"@graph\":[{\"@type\":\"WebPage\",\"@id\":\"https:\/\/www.pucp.edu.pe\/climadecambios\/sobre-clima-de-cambios\/que-es-el-cambio-climatico\/causas-del-cambio-climatico\/\",\"url\":\"https:\/\/www.pucp.edu.pe\/climadecambios\/sobre-clima-de-cambios\/que-es-el-cambio-climatico\/causas-del-cambio-climatico\/\",\"name\":\"Causas del cambio clim\u00e1tico - Clima de cambios\",\"isPartOf\":{\"@id\":\"https:\/\/www.pucp.edu.pe\/climadecambios\/#website\"},\"datePublished\":\"2017-08-14T23:12:56+00:00\",\"dateModified\":\"2018-01-25T21:07:22+00:00\",\"breadcrumb\":{\"@id\":\"https:\/\/www.pucp.edu.pe\/climadecambios\/sobre-clima-de-cambios\/que-es-el-cambio-climatico\/causas-del-cambio-climatico\/#breadcrumb\"},\"inLanguage\":\"es\",\"potentialAction\":[{\"@type\":\"ReadAction\",\"target\":[\"https:\/\/www.pucp.edu.pe\/climadecambios\/sobre-clima-de-cambios\/que-es-el-cambio-climatico\/causas-del-cambio-climatico\/\"]}]},{\"@type\":\"BreadcrumbList\",\"@id\":\"https:\/\/www.pucp.edu.pe\/climadecambios\/sobre-clima-de-cambios\/que-es-el-cambio-climatico\/causas-del-cambio-climatico\/#breadcrumb\",\"itemListElement\":[{\"@type\":\"ListItem\",\"position\":1,\"name\":\"Home\",\"item\":\"https:\/\/www.pucp.edu.pe\/climadecambios\/\"},{\"@type\":\"ListItem\",\"position\":2,\"name\":\"Sobre Clima de Cambios\",\"item\":\"https:\/\/www.pucp.edu.pe\/climadecambios\/sobre-clima-de-cambios\/\"},{\"@type\":\"ListItem\",\"position\":3,\"name\":\"\u00bfQu\u00e9 es el cambio clim\u00e1tico?\",\"item\":\"https:\/\/www.pucp.edu.pe\/climadecambios\/sobre-clima-de-cambios\/que-es-el-cambio-climatico\/\"},{\"@type\":\"ListItem\",\"position\":4,\"name\":\"Causas del cambio clim\u00e1tico\"}]},{\"@type\":\"WebSite\",\"@id\":\"https:\/\/www.pucp.edu.pe\/climadecambios\/#website\",\"url\":\"https:\/\/www.pucp.edu.pe\/climadecambios\/\",\"name\":\"Clima de cambios\",\"description\":\"Clima de Cambios es una iniciativa medioambiental de la Pontificia Universidad Cat\u00f3lica del Per\u00fa para concientizar y sensibilizar a la ciudadan\u00eda sobre los efectos del cambio clim\u00e1tico en el Per\u00fa y el mundo.\",\"potentialAction\":[{\"@type\":\"SearchAction\",\"target\":{\"@type\":\"EntryPoint\",\"urlTemplate\":\"https:\/\/www.pucp.edu.pe\/climadecambios\/?s={search_term_string}\"},\"query-input\":{\"@type\":\"PropertyValueSpecification\",\"valueRequired\":true,\"valueName\":\"search_term_string\"}}],\"inLanguage\":\"es\"}]}<\/script>\n<!-- \/ Yoast SEO plugin. -->","yoast_head_json":{"title":"Causas del cambio clim\u00e1tico - Clima de cambios","robots":{"index":"index","follow":"follow","max-snippet":"max-snippet:-1","max-image-preview":"max-image-preview:large","max-video-preview":"max-video-preview:-1"},"canonical":"https:\/\/www.pucp.edu.pe\/climadecambios\/sobre-clima-de-cambios\/que-es-el-cambio-climatico\/causas-del-cambio-climatico\/","og_locale":"es_ES","og_type":"article","og_title":"Causas del cambio clim\u00e1tico - Clima de cambios","og_description":"El cambio clim\u00e1tico es s\u00edntoma de un planeta enfermo y es provocado por un incremento de la concentraci\u00f3n de gases de efecto invernadero (GEI) en la atm\u00f3sfera. El efecto invernadero es un fen\u00f3meno natural por el cual el calor de los rayos del sol es retenido dentro de nuestro planeta, gracias a gases como el [&hellip;]","og_url":"https:\/\/www.pucp.edu.pe\/climadecambios\/sobre-clima-de-cambios\/que-es-el-cambio-climatico\/causas-del-cambio-climatico\/","og_site_name":"Clima de cambios","article_modified_time":"2018-01-25T21:07:22+00:00","twitter_misc":{"Tiempo de lectura":"2 minutos"},"schema":{"@context":"https:\/\/schema.org","@graph":[{"@type":"WebPage","@id":"https:\/\/www.pucp.edu.pe\/climadecambios\/sobre-clima-de-cambios\/que-es-el-cambio-climatico\/causas-del-cambio-climatico\/","url":"https:\/\/www.pucp.edu.pe\/climadecambios\/sobre-clima-de-cambios\/que-es-el-cambio-climatico\/causas-del-cambio-climatico\/","name":"Causas del cambio clim\u00e1tico - Clima de cambios","isPartOf":{"@id":"https:\/\/www.pucp.edu.pe\/climadecambios\/#website"},"datePublished":"2017-08-14T23:12:56+00:00","dateModified":"2018-01-25T21:07:22+00:00","breadcrumb":{"@id":"https:\/\/www.pucp.edu.pe\/climadecambios\/sobre-clima-de-cambios\/que-es-el-cambio-climatico\/causas-del-cambio-climatico\/#breadcrumb"},"inLanguage":"es","potentialAction":[{"@type":"ReadAction","target":["https:\/\/www.pucp.edu.pe\/climadecambios\/sobre-clima-de-cambios\/que-es-el-cambio-climatico\/causas-del-cambio-climatico\/"]}]},{"@type":"BreadcrumbList","@id":"https:\/\/www.pucp.edu.pe\/climadecambios\/sobre-clima-de-cambios\/que-es-el-cambio-climatico\/causas-del-cambio-climatico\/#breadcrumb","itemListElement":[{"@type":"ListItem","position":1,"name":"Home","item":"https:\/\/www.pucp.edu.pe\/climadecambios\/"},{"@type":"ListItem","position":2,"name":"Sobre Clima de Cambios","item":"https:\/\/www.pucp.edu.pe\/climadecambios\/sobre-clima-de-cambios\/"},{"@type":"ListItem","position":3,"name":"\u00bfQu\u00e9 es el cambio clim\u00e1tico?","item":"https:\/\/www.pucp.edu.pe\/climadecambios\/sobre-clima-de-cambios\/que-es-el-cambio-climatico\/"},{"@type":"ListItem","position":4,"name":"Causas del cambio clim\u00e1tico"}]},{"@type":"WebSite","@id":"https:\/\/www.pucp.edu.pe\/climadecambios\/#website","url":"https:\/\/www.pucp.edu.pe\/climadecambios\/","name":"Clima de cambios","description":"Clima de Cambios es una iniciativa medioambiental de la Pontificia Universidad Cat\u00f3lica del Per\u00fa para concientizar y sensibilizar a la ciudadan\u00eda sobre los efectos del cambio clim\u00e1tico en el Per\u00fa y el mundo.","potentialAction":[{"@type":"SearchAction","target":{"@type":"EntryPoint","urlTemplate":"https:\/\/www.pucp.edu.pe\/climadecambios\/?s={search_term_string}"},"query-input":{"@type":"PropertyValueSpecification","valueRequired":true,"valueName":"search_term_string"}}],"inLanguage":"es"}]}},"_links":{"self":[{"href":"https:\/\/www.pucp.edu.pe\/climadecambios\/wp-json\/wp\/v2\/pages\/2969","targetHints":{"allow":["GET"]}}],"collection":[{"href":"https:\/\/www.pucp.edu.pe\/climadecambios\/wp-json\/wp\/v2\/pages"}],"about":[{"href":"https:\/\/www.pucp.edu.pe\/climadecambios\/wp-json\/wp\/v2\/types\/page"}],"author":[{"embeddable":true,"href":"https:\/\/www.pucp.edu.pe\/climadecambios\/wp-json\/wp\/v2\/users\/23"}],"replies":[{"embeddable":true,"href":"https:\/\/www.pucp.edu.pe\/climadecambios\/wp-json\/wp\/v2\/comments?post=2969"}],"version-history":[{"count":0,"href":"https:\/\/www.pucp.edu.pe\/climadecambios\/wp-json\/wp\/v2\/pages\/2969\/revisions"}],"up":[{"embeddable":true,"href":"https:\/\/www.pucp.edu.pe\/climadecambios\/wp-json\/wp\/v2\/pages\/2967"}],"wp:attachment":[{"href":"https:\/\/www.pucp.edu.pe\/climadecambios\/wp-json\/wp\/v2\/media?parent=2969"}],"curies":[{"name":"wp","href":"https:\/\/api.w.org\/{rel}","templated":true}]}}