{"id":2966,"date":"2017-08-14T23:09:42","date_gmt":"2017-08-14T23:09:42","guid":{"rendered":"https:\/\/www.pucp.edu.pe\/climadecambios\/sobre-clima-de-cambios\/que-es-clima-de-cambios\/"},"modified":"2018-02-21T14:08:13","modified_gmt":"2018-02-21T14:08:13","slug":"que-es-clima-de-cambios","status":"publish","type":"page","link":"https:\/\/www.pucp.edu.pe\/climadecambios\/sobre-clima-de-cambios\/que-es-clima-de-cambios\/","title":{"rendered":"\u00bfQu\u00e9 es Clima de Cambios?"},"content":{"rendered":"<p>Del mismo modo, brinda consejos pr\u00e1cticos para contribuir a la conservaci\u00f3n de nuestro medio ambiente. Clima de Cambios, a trav\u00e9s de una estrategia comunicacional, tiene como principal objetivo visibilizar el compromiso de la PUCP con el cuidado y la protecci\u00f3n del medio ambiente, que incluye a todos los actores de la comunidad universitaria, ya sean estudiantes, docentes y administrativos.<\/p>\n<p>Asimismo, Clima de Cambios cuenta con un grupo de voluntarios conformado por alumnos de diversas especialidades, esto demuestra que ahora es m\u00e1s com\u00fan que los j\u00f3venes tengan inter\u00e9s por preservar el medio ambiente y, por lo tanto, buscan convertirse en agentes de cambio.<\/p>\n<h2>Su creaci\u00f3n en la PUCP<\/h2>\n<p>El 22 de abril del 2008, en el marco del D\u00eda de la Tierra, Clima de Cambios se institucionaliz\u00f3 en la PUCP con los siguientes fines:<\/p>\n<ul>\n<li>Porque de esta manera se cumple con la <strong>misi\u00f3n<\/strong> y fines institucionales.<\/li>\n<li>Porque el Per\u00fa es uno de los <strong>pa\u00edses m\u00e1s vulnerables<\/strong> frente al cambio clim\u00e1tico.<\/li>\n<li>Porque es necesario <strong>actuar ahora<\/strong> para contribuir a la preservaci\u00f3n del medio ambiente.<\/li>\n<\/ul>\n<p>A lo largo de todos estos a\u00f1os, hemos logrado posicionar la marca dentro y fuera de la PUCP, y se han creado sinergias con instituciones, mediante la participaci\u00f3n en diversas actividades, la contribuci\u00f3n a la gesti\u00f3n de un campus sostenible, a trav\u00e9s de la conservaci\u00f3n de la flora y fauna PUCP, y la promoci\u00f3n del uso adecuado de los recursos, como agua, papel y energ\u00eda, y de los diferentes tachos de residuos del campus. Y se ha obtenido presencia y reconocimiento en la comunidad universitaria.<\/p>\n<h2>Participaci\u00f3n en eventos internacionales<\/h2>\n<p>Participamos en los eventos internacionales COP 20 y COP 21 (COP o Conferencia de las Partes). Este evento es organizado por las Naciones Unidas y alberga a representantes de 196 naciones de todo el mundo para discutir y plantear alternativas mundiales en favor de la acci\u00f3n clim\u00e1tica.<\/p>\n<p>En la COP 20, que se realiz\u00f3 en Lima, asistimos al <em>Formal Venue<\/em> en calidad de observadores acreditados por <em>Global Water Partnership<\/em>; mientras que en la COP 21, que se realiz\u00f3 en Par\u00eds, acudimos en calidad de parte, acreditados por el Gobierno del Per\u00fa.<\/p>\n<p><strong>La PUCP<\/strong>, a trav\u00e9s de <strong>Clima de Cambios<\/strong>, reafirma su compromiso con el Per\u00fa y con la sociedad, por lo que convoca a personas e instituciones de todo el pa\u00eds para que act\u00faen en <strong>favor del medio ambiente<\/strong>.<\/p>\n","protected":false},"excerpt":{"rendered":"<p>Del mismo modo, brinda consejos pr\u00e1cticos para contribuir a la conservaci\u00f3n de nuestro medio ambiente. Clima de Cambios, a trav\u00e9s de una estrategia comunicacional, tiene como principal objetivo visibilizar el compromiso de la PUCP con el cuidado y la protecci\u00f3n del medio ambiente, que incluye a todos los actores de la comunidad universitaria, ya sean [&hellip;]<\/p>\n","protected":false},"author":23,"featured_media":0,"parent":2958,"menu_order":0,"comment_status":"closed","ping_status":"closed","template":"","meta":{"_acf_changed":false,"footnotes":""},"class_list":["post-2966","page","type-page","status-publish","hentry"],"acf":[],"yoast_head":"<!-- This site is optimized with the Yoast SEO plugin v27.1.1 - https:\/\/yoast.com\/product\/yoast-seo-wordpress\/ -->\n<title>\u00bfQu\u00e9 es Clima de Cambios? - Clima de cambios<\/title>\n<meta name=\"robots\" content=\"index, follow, max-snippet:-1, max-image-preview:large, max-video-preview:-1\" \/>\n<link rel=\"canonical\" href=\"https:\/\/www.pucp.edu.pe\/climadecambios\/sobre-clima-de-cambios\/que-es-clima-de-cambios\/\" \/>\n<meta property=\"og:locale\" content=\"es_ES\" \/>\n<meta property=\"og:type\" content=\"article\" \/>\n<meta property=\"og:title\" content=\"\u00bfQu\u00e9 es Clima de Cambios? - Clima de cambios\" \/>\n<meta property=\"og:description\" content=\"Del mismo modo, brinda consejos pr\u00e1cticos para contribuir a la conservaci\u00f3n de nuestro medio ambiente. Clima de Cambios, a trav\u00e9s de una estrategia comunicacional, tiene como principal objetivo visibilizar el compromiso de la PUCP con el cuidado y la protecci\u00f3n del medio ambiente, que incluye a todos los actores de la comunidad universitaria, ya sean [&hellip;]\" \/>\n<meta property=\"og:url\" content=\"https:\/\/www.pucp.edu.pe\/climadecambios\/sobre-clima-de-cambios\/que-es-clima-de-cambios\/\" \/>\n<meta property=\"og:site_name\" content=\"Clima de cambios\" \/>\n<meta property=\"article:modified_time\" content=\"2018-02-21T14:08:13+00:00\" \/>\n<meta property=\"og:image\" content=\"http:\/\/cdn01.pucp.education\/climadecambios\/wp-content\/uploads\/2018\/02\/20154555\/01-qecdc.jpg\" \/>\n<meta name=\"twitter:label1\" content=\"Tiempo de lectura\" \/>\n\t<meta name=\"twitter:data1\" content=\"2 minutos\" \/>\n<script type=\"application\/ld+json\" class=\"yoast-schema-graph\">{\"@context\":\"https:\/\/schema.org\",\"@graph\":[{\"@type\":\"WebPage\",\"@id\":\"https:\/\/www.pucp.edu.pe\/climadecambios\/sobre-clima-de-cambios\/que-es-clima-de-cambios\/\",\"url\":\"https:\/\/www.pucp.edu.pe\/climadecambios\/sobre-clima-de-cambios\/que-es-clima-de-cambios\/\",\"name\":\"\u00bfQu\u00e9 es Clima de Cambios? - Clima de cambios\",\"isPartOf\":{\"@id\":\"https:\/\/www.pucp.edu.pe\/climadecambios\/#website\"},\"datePublished\":\"2017-08-14T23:09:42+00:00\",\"dateModified\":\"2018-02-21T14:08:13+00:00\",\"breadcrumb\":{\"@id\":\"https:\/\/www.pucp.edu.pe\/climadecambios\/sobre-clima-de-cambios\/que-es-clima-de-cambios\/#breadcrumb\"},\"inLanguage\":\"es\",\"potentialAction\":[{\"@type\":\"ReadAction\",\"target\":[\"https:\/\/www.pucp.edu.pe\/climadecambios\/sobre-clima-de-cambios\/que-es-clima-de-cambios\/\"]}]},{\"@type\":\"BreadcrumbList\",\"@id\":\"https:\/\/www.pucp.edu.pe\/climadecambios\/sobre-clima-de-cambios\/que-es-clima-de-cambios\/#breadcrumb\",\"itemListElement\":[{\"@type\":\"ListItem\",\"position\":1,\"name\":\"Home\",\"item\":\"https:\/\/www.pucp.edu.pe\/climadecambios\/\"},{\"@type\":\"ListItem\",\"position\":2,\"name\":\"Sobre Clima de Cambios\",\"item\":\"https:\/\/www.pucp.edu.pe\/climadecambios\/sobre-clima-de-cambios\/\"},{\"@type\":\"ListItem\",\"position\":3,\"name\":\"\u00bfQu\u00e9 es Clima de Cambios?\"}]},{\"@type\":\"WebSite\",\"@id\":\"https:\/\/www.pucp.edu.pe\/climadecambios\/#website\",\"url\":\"https:\/\/www.pucp.edu.pe\/climadecambios\/\",\"name\":\"Clima de cambios\",\"description\":\"Clima de Cambios es una iniciativa medioambiental de la Pontificia Universidad Cat\u00f3lica del Per\u00fa para concientizar y sensibilizar a la ciudadan\u00eda sobre los efectos del cambio clim\u00e1tico en el Per\u00fa y el mundo.\",\"potentialAction\":[{\"@type\":\"SearchAction\",\"target\":{\"@type\":\"EntryPoint\",\"urlTemplate\":\"https:\/\/www.pucp.edu.pe\/climadecambios\/?s={search_term_string}\"},\"query-input\":{\"@type\":\"PropertyValueSpecification\",\"valueRequired\":true,\"valueName\":\"search_term_string\"}}],\"inLanguage\":\"es\"}]}<\/script>\n<!-- \/ Yoast SEO plugin. -->","yoast_head_json":{"title":"\u00bfQu\u00e9 es Clima de Cambios? - Clima de cambios","robots":{"index":"index","follow":"follow","max-snippet":"max-snippet:-1","max-image-preview":"max-image-preview:large","max-video-preview":"max-video-preview:-1"},"canonical":"https:\/\/www.pucp.edu.pe\/climadecambios\/sobre-clima-de-cambios\/que-es-clima-de-cambios\/","og_locale":"es_ES","og_type":"article","og_title":"\u00bfQu\u00e9 es Clima de Cambios? - Clima de cambios","og_description":"Del mismo modo, brinda consejos pr\u00e1cticos para contribuir a la conservaci\u00f3n de nuestro medio ambiente. Clima de Cambios, a trav\u00e9s de una estrategia comunicacional, tiene como principal objetivo visibilizar el compromiso de la PUCP con el cuidado y la protecci\u00f3n del medio ambiente, que incluye a todos los actores de la comunidad universitaria, ya sean [&hellip;]","og_url":"https:\/\/www.pucp.edu.pe\/climadecambios\/sobre-clima-de-cambios\/que-es-clima-de-cambios\/","og_site_name":"Clima de cambios","article_modified_time":"2018-02-21T14:08:13+00:00","og_image":[{"url":"http:\/\/cdn01.pucp.education\/climadecambios\/wp-content\/uploads\/2018\/02\/20154555\/01-qecdc.jpg","type":"","width":"","height":""}],"twitter_misc":{"Tiempo de lectura":"2 minutos"},"schema":{"@context":"https:\/\/schema.org","@graph":[{"@type":"WebPage","@id":"https:\/\/www.pucp.edu.pe\/climadecambios\/sobre-clima-de-cambios\/que-es-clima-de-cambios\/","url":"https:\/\/www.pucp.edu.pe\/climadecambios\/sobre-clima-de-cambios\/que-es-clima-de-cambios\/","name":"\u00bfQu\u00e9 es Clima de Cambios? - Clima de cambios","isPartOf":{"@id":"https:\/\/www.pucp.edu.pe\/climadecambios\/#website"},"datePublished":"2017-08-14T23:09:42+00:00","dateModified":"2018-02-21T14:08:13+00:00","breadcrumb":{"@id":"https:\/\/www.pucp.edu.pe\/climadecambios\/sobre-clima-de-cambios\/que-es-clima-de-cambios\/#breadcrumb"},"inLanguage":"es","potentialAction":[{"@type":"ReadAction","target":["https:\/\/www.pucp.edu.pe\/climadecambios\/sobre-clima-de-cambios\/que-es-clima-de-cambios\/"]}]},{"@type":"BreadcrumbList","@id":"https:\/\/www.pucp.edu.pe\/climadecambios\/sobre-clima-de-cambios\/que-es-clima-de-cambios\/#breadcrumb","itemListElement":[{"@type":"ListItem","position":1,"name":"Home","item":"https:\/\/www.pucp.edu.pe\/climadecambios\/"},{"@type":"ListItem","position":2,"name":"Sobre Clima de Cambios","item":"https:\/\/www.pucp.edu.pe\/climadecambios\/sobre-clima-de-cambios\/"},{"@type":"ListItem","position":3,"name":"\u00bfQu\u00e9 es Clima de Cambios?"}]},{"@type":"WebSite","@id":"https:\/\/www.pucp.edu.pe\/climadecambios\/#website","url":"https:\/\/www.pucp.edu.pe\/climadecambios\/","name":"Clima de cambios","description":"Clima de Cambios es una iniciativa medioambiental de la Pontificia Universidad Cat\u00f3lica del Per\u00fa para concientizar y sensibilizar a la ciudadan\u00eda sobre los efectos del cambio clim\u00e1tico en el Per\u00fa y el mundo.","potentialAction":[{"@type":"SearchAction","target":{"@type":"EntryPoint","urlTemplate":"https:\/\/www.pucp.edu.pe\/climadecambios\/?s={search_term_string}"},"query-input":{"@type":"PropertyValueSpecification","valueRequired":true,"valueName":"search_term_string"}}],"inLanguage":"es"}]}},"_links":{"self":[{"href":"https:\/\/www.pucp.edu.pe\/climadecambios\/wp-json\/wp\/v2\/pages\/2966","targetHints":{"allow":["GET"]}}],"collection":[{"href":"https:\/\/www.pucp.edu.pe\/climadecambios\/wp-json\/wp\/v2\/pages"}],"about":[{"href":"https:\/\/www.pucp.edu.pe\/climadecambios\/wp-json\/wp\/v2\/types\/page"}],"author":[{"embeddable":true,"href":"https:\/\/www.pucp.edu.pe\/climadecambios\/wp-json\/wp\/v2\/users\/23"}],"replies":[{"embeddable":true,"href":"https:\/\/www.pucp.edu.pe\/climadecambios\/wp-json\/wp\/v2\/comments?post=2966"}],"version-history":[{"count":0,"href":"https:\/\/www.pucp.edu.pe\/climadecambios\/wp-json\/wp\/v2\/pages\/2966\/revisions"}],"up":[{"embeddable":true,"href":"https:\/\/www.pucp.edu.pe\/climadecambios\/wp-json\/wp\/v2\/pages\/2958"}],"wp:attachment":[{"href":"https:\/\/www.pucp.edu.pe\/climadecambios\/wp-json\/wp\/v2\/media?parent=2966"}],"curies":[{"name":"wp","href":"https:\/\/api.w.org\/{rel}","templated":true}]}}