{"id":14034,"date":"2025-09-18T16:37:50","date_gmt":"2025-09-18T21:37:50","guid":{"rendered":"https:\/\/www.pucp.edu.pe\/climadecambios\/la-pucp-camino-a-la-cop30\/incidencia\/"},"modified":"2025-11-28T15:55:41","modified_gmt":"2025-11-28T20:55:41","slug":"incidencia","status":"publish","type":"page","link":"https:\/\/www.pucp.edu.pe\/climadecambios\/la-pucp-camino-a-la-cop30\/incidencia\/","title":{"rendered":"Incidencia"},"content":{"rendered":"<p>El Per\u00fa necesita renovar la ilusi\u00f3n de un futuro mejor, lo que requiere de nuestra colaboraci\u00f3n activa y comprometida en temas muy importantes como la lucha frente al cambio clim\u00e1tico. Por ello, la PUCP es un aliado de confianza para facilitar espacios de di\u00e1logo y encuentro, donde el pensamiento riguroso se pone al servicio del cuidado de nuestra casa com\u00fan.<\/p>\n<p>Conscientes que la implementaci\u00f3n de Nuestro Desaf\u00edo Clim\u00e1tico o NDC es una tarea que compromete a toda la sociedad, como Universidad fomentamos el seguimiento a los compromisos del pa\u00eds ante el Acuerdo de Par\u00eds y contribuimos a la gesti\u00f3n integral del cambio clim\u00e1tico. Para ello, aportamos al Grupo Impulsor de la Acci\u00f3n Clim\u00e1tica de la Academia y promovemos que nuestros estudiantes participen activamente en el Grupo Impulsor de J\u00f3venes. Ambas instancias cuentan con una representaci\u00f3n en la Comisi\u00f3n Nacional sobre el cambio Clim\u00e1tico, donde es posible contribuir al seguimiento y fortalecimiento de la acci\u00f3n clim\u00e1tica del pa\u00eds.<\/p>\n","protected":false},"excerpt":{"rendered":"<p>El Per\u00fa necesita renovar la ilusi\u00f3n de un futuro mejor, lo que requiere de nuestra colaboraci\u00f3n activa y comprometida en temas muy importantes como la lucha frente al cambio clim\u00e1tico. Por ello, la PUCP es un aliado de confianza para facilitar espacios de di\u00e1logo y encuentro, donde el pensamiento riguroso se pone al servicio del [&hellip;]<\/p>\n","protected":false},"author":23,"featured_media":0,"parent":14031,"menu_order":2,"comment_status":"closed","ping_status":"closed","template":"","meta":{"_acf_changed":false,"footnotes":""},"class_list":["post-14034","page","type-page","status-publish","hentry"],"acf":[],"yoast_head":"<!-- This site is optimized with the Yoast SEO plugin v27.1.1 - https:\/\/yoast.com\/product\/yoast-seo-wordpress\/ -->\n<title>Incidencia - Clima de cambios<\/title>\n<meta name=\"robots\" content=\"index, follow, max-snippet:-1, max-image-preview:large, max-video-preview:-1\" \/>\n<link rel=\"canonical\" href=\"https:\/\/www.pucp.edu.pe\/climadecambios\/la-pucp-camino-a-la-cop30\/incidencia\/\" \/>\n<meta property=\"og:locale\" content=\"es_ES\" \/>\n<meta property=\"og:type\" content=\"article\" \/>\n<meta property=\"og:title\" content=\"Incidencia - Clima de cambios\" \/>\n<meta property=\"og:description\" content=\"El Per\u00fa necesita renovar la ilusi\u00f3n de un futuro mejor, lo que requiere de nuestra colaboraci\u00f3n activa y comprometida en temas muy importantes como la lucha frente al cambio clim\u00e1tico. Por ello, la PUCP es un aliado de confianza para facilitar espacios de di\u00e1logo y encuentro, donde el pensamiento riguroso se pone al servicio del [&hellip;]\" \/>\n<meta property=\"og:url\" content=\"https:\/\/www.pucp.edu.pe\/climadecambios\/la-pucp-camino-a-la-cop30\/incidencia\/\" \/>\n<meta property=\"og:site_name\" content=\"Clima de cambios\" \/>\n<meta property=\"article:modified_time\" content=\"2025-11-28T20:55:41+00:00\" \/>\n<meta name=\"twitter:label1\" content=\"Tiempo de lectura\" \/>\n\t<meta name=\"twitter:data1\" content=\"1 minuto\" \/>\n<script type=\"application\/ld+json\" class=\"yoast-schema-graph\">{\"@context\":\"https:\/\/schema.org\",\"@graph\":[{\"@type\":\"WebPage\",\"@id\":\"https:\/\/www.pucp.edu.pe\/climadecambios\/la-pucp-camino-a-la-cop30\/incidencia\/\",\"url\":\"https:\/\/www.pucp.edu.pe\/climadecambios\/la-pucp-camino-a-la-cop30\/incidencia\/\",\"name\":\"Incidencia - Clima de cambios\",\"isPartOf\":{\"@id\":\"https:\/\/www.pucp.edu.pe\/climadecambios\/#website\"},\"datePublished\":\"2025-09-18T21:37:50+00:00\",\"dateModified\":\"2025-11-28T20:55:41+00:00\",\"breadcrumb\":{\"@id\":\"https:\/\/www.pucp.edu.pe\/climadecambios\/la-pucp-camino-a-la-cop30\/incidencia\/#breadcrumb\"},\"inLanguage\":\"es\",\"potentialAction\":[{\"@type\":\"ReadAction\",\"target\":[\"https:\/\/www.pucp.edu.pe\/climadecambios\/la-pucp-camino-a-la-cop30\/incidencia\/\"]}]},{\"@type\":\"BreadcrumbList\",\"@id\":\"https:\/\/www.pucp.edu.pe\/climadecambios\/la-pucp-camino-a-la-cop30\/incidencia\/#breadcrumb\",\"itemListElement\":[{\"@type\":\"ListItem\",\"position\":1,\"name\":\"Home\",\"item\":\"https:\/\/www.pucp.edu.pe\/climadecambios\/\"},{\"@type\":\"ListItem\",\"position\":2,\"name\":\"La PUCP en la COP30\",\"item\":\"https:\/\/www.pucp.edu.pe\/climadecambios\/la-pucp-camino-a-la-cop30\/\"},{\"@type\":\"ListItem\",\"position\":3,\"name\":\"Incidencia\"}]},{\"@type\":\"WebSite\",\"@id\":\"https:\/\/www.pucp.edu.pe\/climadecambios\/#website\",\"url\":\"https:\/\/www.pucp.edu.pe\/climadecambios\/\",\"name\":\"Clima de cambios\",\"description\":\"Clima de Cambios es una iniciativa medioambiental de la Pontificia Universidad Cat\u00f3lica del Per\u00fa para concientizar y sensibilizar a la ciudadan\u00eda sobre los efectos del cambio clim\u00e1tico en el Per\u00fa y el mundo.\",\"potentialAction\":[{\"@type\":\"SearchAction\",\"target\":{\"@type\":\"EntryPoint\",\"urlTemplate\":\"https:\/\/www.pucp.edu.pe\/climadecambios\/?s={search_term_string}\"},\"query-input\":{\"@type\":\"PropertyValueSpecification\",\"valueRequired\":true,\"valueName\":\"search_term_string\"}}],\"inLanguage\":\"es\"}]}<\/script>\n<!-- \/ Yoast SEO plugin. -->","yoast_head_json":{"title":"Incidencia - Clima de cambios","robots":{"index":"index","follow":"follow","max-snippet":"max-snippet:-1","max-image-preview":"max-image-preview:large","max-video-preview":"max-video-preview:-1"},"canonical":"https:\/\/www.pucp.edu.pe\/climadecambios\/la-pucp-camino-a-la-cop30\/incidencia\/","og_locale":"es_ES","og_type":"article","og_title":"Incidencia - Clima de cambios","og_description":"El Per\u00fa necesita renovar la ilusi\u00f3n de un futuro mejor, lo que requiere de nuestra colaboraci\u00f3n activa y comprometida en temas muy importantes como la lucha frente al cambio clim\u00e1tico. Por ello, la PUCP es un aliado de confianza para facilitar espacios de di\u00e1logo y encuentro, donde el pensamiento riguroso se pone al servicio del [&hellip;]","og_url":"https:\/\/www.pucp.edu.pe\/climadecambios\/la-pucp-camino-a-la-cop30\/incidencia\/","og_site_name":"Clima de cambios","article_modified_time":"2025-11-28T20:55:41+00:00","twitter_misc":{"Tiempo de lectura":"1 minuto"},"schema":{"@context":"https:\/\/schema.org","@graph":[{"@type":"WebPage","@id":"https:\/\/www.pucp.edu.pe\/climadecambios\/la-pucp-camino-a-la-cop30\/incidencia\/","url":"https:\/\/www.pucp.edu.pe\/climadecambios\/la-pucp-camino-a-la-cop30\/incidencia\/","name":"Incidencia - Clima de cambios","isPartOf":{"@id":"https:\/\/www.pucp.edu.pe\/climadecambios\/#website"},"datePublished":"2025-09-18T21:37:50+00:00","dateModified":"2025-11-28T20:55:41+00:00","breadcrumb":{"@id":"https:\/\/www.pucp.edu.pe\/climadecambios\/la-pucp-camino-a-la-cop30\/incidencia\/#breadcrumb"},"inLanguage":"es","potentialAction":[{"@type":"ReadAction","target":["https:\/\/www.pucp.edu.pe\/climadecambios\/la-pucp-camino-a-la-cop30\/incidencia\/"]}]},{"@type":"BreadcrumbList","@id":"https:\/\/www.pucp.edu.pe\/climadecambios\/la-pucp-camino-a-la-cop30\/incidencia\/#breadcrumb","itemListElement":[{"@type":"ListItem","position":1,"name":"Home","item":"https:\/\/www.pucp.edu.pe\/climadecambios\/"},{"@type":"ListItem","position":2,"name":"La PUCP en la COP30","item":"https:\/\/www.pucp.edu.pe\/climadecambios\/la-pucp-camino-a-la-cop30\/"},{"@type":"ListItem","position":3,"name":"Incidencia"}]},{"@type":"WebSite","@id":"https:\/\/www.pucp.edu.pe\/climadecambios\/#website","url":"https:\/\/www.pucp.edu.pe\/climadecambios\/","name":"Clima de cambios","description":"Clima de Cambios es una iniciativa medioambiental de la Pontificia Universidad Cat\u00f3lica del Per\u00fa para concientizar y sensibilizar a la ciudadan\u00eda sobre los efectos del cambio clim\u00e1tico en el Per\u00fa y el mundo.","potentialAction":[{"@type":"SearchAction","target":{"@type":"EntryPoint","urlTemplate":"https:\/\/www.pucp.edu.pe\/climadecambios\/?s={search_term_string}"},"query-input":{"@type":"PropertyValueSpecification","valueRequired":true,"valueName":"search_term_string"}}],"inLanguage":"es"}]}},"_links":{"self":[{"href":"https:\/\/www.pucp.edu.pe\/climadecambios\/wp-json\/wp\/v2\/pages\/14034","targetHints":{"allow":["GET"]}}],"collection":[{"href":"https:\/\/www.pucp.edu.pe\/climadecambios\/wp-json\/wp\/v2\/pages"}],"about":[{"href":"https:\/\/www.pucp.edu.pe\/climadecambios\/wp-json\/wp\/v2\/types\/page"}],"author":[{"embeddable":true,"href":"https:\/\/www.pucp.edu.pe\/climadecambios\/wp-json\/wp\/v2\/users\/23"}],"replies":[{"embeddable":true,"href":"https:\/\/www.pucp.edu.pe\/climadecambios\/wp-json\/wp\/v2\/comments?post=14034"}],"version-history":[{"count":0,"href":"https:\/\/www.pucp.edu.pe\/climadecambios\/wp-json\/wp\/v2\/pages\/14034\/revisions"}],"up":[{"embeddable":true,"href":"https:\/\/www.pucp.edu.pe\/climadecambios\/wp-json\/wp\/v2\/pages\/14031"}],"wp:attachment":[{"href":"https:\/\/www.pucp.edu.pe\/climadecambios\/wp-json\/wp\/v2\/media?parent=14034"}],"curies":[{"name":"wp","href":"https:\/\/api.w.org\/{rel}","templated":true}]}}