{"id":12171,"date":"2018-05-07T20:05:56","date_gmt":"2018-05-07T20:05:56","guid":{"rendered":"https:\/\/www.pucp.edu.pe\/climadecambios\/la-pucp-frente-al-cambio-climatico\/medidas-dentro-del-campus\/huella-de-carbono-pucp\/"},"modified":"2018-05-07T20:14:01","modified_gmt":"2018-05-07T20:14:01","slug":"huella-de-carbono-pucp","status":"publish","type":"page","link":"https:\/\/www.pucp.edu.pe\/climadecambios\/la-pucp-ante-al-cambio-climatico\/medidas-dentro-del-campus\/huella-de-carbono-pucp\/","title":{"rendered":"Huella de Carbono PUCP"},"content":{"rendered":"<p>La huella de carbono de una organizaci\u00f3n es la cuantificaci\u00f3n del total de emisiones de <a href=\"https:\/\/www.pucp.edu.pe\/climadecambios\/sobre-clima-de-cambios\/que-es-el-cambio-climatico\/causas-del-cambio-climatico\/\">gases de efecto invernadero (GEI)<\/a> emitidos de manera directa o indirecta y que provienen de la actividad de dicha organizaci\u00f3n.<\/p>\n<p><strong>Alcances de la huella de carbono:<\/strong><\/p>\n<p>Para la delimitaci\u00f3n de los alcances en un estudio de huella de carbono, se diferencian tres tipos:<\/p>\n<ul>\n<li>Alcance 1: son los gases de efecto invernadero emitidos de forma directa por la organizaci\u00f3n.<\/li>\n<li>Alcance 2: son los gases de efecto invernadero generados por el productor de la energ\u00eda utilizada por la organizaci\u00f3n.<\/li>\n<li>Alcance 3: son las emisiones atribuibles a la producci\u00f3n y transporte de productos adquiridos por la organizaci\u00f3n, as\u00ed como los servicios comprados a diversas empresas.<\/li>\n<\/ul>\n<p><strong>Resultados de la medici\u00f3n de huella de carbono:<\/strong><\/p>\n<p><img loading=\"lazy\" decoding=\"async\" class=\"wp-image-12173 aligncenter\" src=\"http:\/\/cdn01.pucp.education\/climadecambios\/wp-content\/uploads\/2018\/05\/07200735\/info-carbono-final-01.jpg\" alt=\"Huella de carbono PUCP\" width=\"625\" height=\"1015\" \/><\/p>\n","protected":false},"excerpt":{"rendered":"<p>La huella de carbono de una organizaci\u00f3n es la cuantificaci\u00f3n del total de emisiones de gases de efecto invernadero (GEI) emitidos de manera directa o indirecta y que provienen de la actividad de dicha organizaci\u00f3n. Alcances de la huella de carbono: Para la delimitaci\u00f3n de los alcances en un estudio de huella de carbono, se [&hellip;]<\/p>\n","protected":false},"author":26,"featured_media":0,"parent":2974,"menu_order":0,"comment_status":"closed","ping_status":"closed","template":"","meta":{"_acf_changed":false,"footnotes":""},"class_list":["post-12171","page","type-page","status-publish","hentry"],"acf":[],"yoast_head":"<!-- This site is optimized with the Yoast SEO plugin v27.1.1 - https:\/\/yoast.com\/product\/yoast-seo-wordpress\/ -->\n<title>Huella de Carbono PUCP - Clima de cambios<\/title>\n<meta name=\"robots\" content=\"index, follow, max-snippet:-1, max-image-preview:large, max-video-preview:-1\" \/>\n<link rel=\"canonical\" href=\"https:\/\/www.pucp.edu.pe\/climadecambios\/la-pucp-ante-al-cambio-climatico\/medidas-dentro-del-campus\/huella-de-carbono-pucp\/\" \/>\n<meta property=\"og:locale\" content=\"es_ES\" \/>\n<meta property=\"og:type\" content=\"article\" \/>\n<meta property=\"og:title\" content=\"Huella de Carbono PUCP - Clima de cambios\" \/>\n<meta property=\"og:description\" content=\"La huella de carbono de una organizaci\u00f3n es la cuantificaci\u00f3n del total de emisiones de gases de efecto invernadero (GEI) emitidos de manera directa o indirecta y que provienen de la actividad de dicha organizaci\u00f3n. Alcances de la huella de carbono: Para la delimitaci\u00f3n de los alcances en un estudio de huella de carbono, se [&hellip;]\" \/>\n<meta property=\"og:url\" content=\"https:\/\/www.pucp.edu.pe\/climadecambios\/la-pucp-ante-al-cambio-climatico\/medidas-dentro-del-campus\/huella-de-carbono-pucp\/\" \/>\n<meta property=\"og:site_name\" content=\"Clima de cambios\" \/>\n<meta property=\"article:modified_time\" content=\"2018-05-07T20:14:01+00:00\" \/>\n<meta property=\"og:image\" content=\"http:\/\/cdn01.pucp.education\/climadecambios\/wp-content\/uploads\/2018\/05\/07200735\/info-carbono-final-01.jpg\" \/>\n<meta name=\"twitter:label1\" content=\"Tiempo de lectura\" \/>\n\t<meta name=\"twitter:data1\" content=\"1 minuto\" \/>\n<script type=\"application\/ld+json\" class=\"yoast-schema-graph\">{\"@context\":\"https:\/\/schema.org\",\"@graph\":[{\"@type\":\"WebPage\",\"@id\":\"https:\/\/www.pucp.edu.pe\/climadecambios\/la-pucp-ante-al-cambio-climatico\/medidas-dentro-del-campus\/huella-de-carbono-pucp\/\",\"url\":\"https:\/\/www.pucp.edu.pe\/climadecambios\/la-pucp-ante-al-cambio-climatico\/medidas-dentro-del-campus\/huella-de-carbono-pucp\/\",\"name\":\"Huella de Carbono PUCP - Clima de cambios\",\"isPartOf\":{\"@id\":\"https:\/\/www.pucp.edu.pe\/climadecambios\/#website\"},\"primaryImageOfPage\":{\"@id\":\"https:\/\/www.pucp.edu.pe\/climadecambios\/la-pucp-ante-al-cambio-climatico\/medidas-dentro-del-campus\/huella-de-carbono-pucp\/#primaryimage\"},\"image\":{\"@id\":\"https:\/\/www.pucp.edu.pe\/climadecambios\/la-pucp-ante-al-cambio-climatico\/medidas-dentro-del-campus\/huella-de-carbono-pucp\/#primaryimage\"},\"thumbnailUrl\":\"http:\/\/cdn01.pucp.education\/climadecambios\/wp-content\/uploads\/2018\/05\/07200735\/info-carbono-final-01.jpg\",\"datePublished\":\"2018-05-07T20:05:56+00:00\",\"dateModified\":\"2018-05-07T20:14:01+00:00\",\"breadcrumb\":{\"@id\":\"https:\/\/www.pucp.edu.pe\/climadecambios\/la-pucp-ante-al-cambio-climatico\/medidas-dentro-del-campus\/huella-de-carbono-pucp\/#breadcrumb\"},\"inLanguage\":\"es\",\"potentialAction\":[{\"@type\":\"ReadAction\",\"target\":[\"https:\/\/www.pucp.edu.pe\/climadecambios\/la-pucp-ante-al-cambio-climatico\/medidas-dentro-del-campus\/huella-de-carbono-pucp\/\"]}]},{\"@type\":\"ImageObject\",\"inLanguage\":\"es\",\"@id\":\"https:\/\/www.pucp.edu.pe\/climadecambios\/la-pucp-ante-al-cambio-climatico\/medidas-dentro-del-campus\/huella-de-carbono-pucp\/#primaryimage\",\"url\":\"http:\/\/cdn01.pucp.education\/climadecambios\/wp-content\/uploads\/2018\/05\/07200735\/info-carbono-final-01.jpg\",\"contentUrl\":\"http:\/\/cdn01.pucp.education\/climadecambios\/wp-content\/uploads\/2018\/05\/07200735\/info-carbono-final-01.jpg\"},{\"@type\":\"BreadcrumbList\",\"@id\":\"https:\/\/www.pucp.edu.pe\/climadecambios\/la-pucp-ante-al-cambio-climatico\/medidas-dentro-del-campus\/huella-de-carbono-pucp\/#breadcrumb\",\"itemListElement\":[{\"@type\":\"ListItem\",\"position\":1,\"name\":\"Home\",\"item\":\"https:\/\/www.pucp.edu.pe\/climadecambios\/\"},{\"@type\":\"ListItem\",\"position\":2,\"name\":\"Acciones ante al cambio clim\u00e1tico\",\"item\":\"https:\/\/www.pucp.edu.pe\/climadecambios\/la-pucp-ante-al-cambio-climatico\/\"},{\"@type\":\"ListItem\",\"position\":3,\"name\":\"Medidas dentro del campus\",\"item\":\"https:\/\/www.pucp.edu.pe\/climadecambios\/la-pucp-ante-al-cambio-climatico\/medidas-dentro-del-campus\/\"},{\"@type\":\"ListItem\",\"position\":4,\"name\":\"Huella de Carbono PUCP\"}]},{\"@type\":\"WebSite\",\"@id\":\"https:\/\/www.pucp.edu.pe\/climadecambios\/#website\",\"url\":\"https:\/\/www.pucp.edu.pe\/climadecambios\/\",\"name\":\"Clima de cambios\",\"description\":\"Clima de Cambios es una iniciativa medioambiental de la Pontificia Universidad Cat\u00f3lica del Per\u00fa para concientizar y sensibilizar a la ciudadan\u00eda sobre los efectos del cambio clim\u00e1tico en el Per\u00fa y el mundo.\",\"potentialAction\":[{\"@type\":\"SearchAction\",\"target\":{\"@type\":\"EntryPoint\",\"urlTemplate\":\"https:\/\/www.pucp.edu.pe\/climadecambios\/?s={search_term_string}\"},\"query-input\":{\"@type\":\"PropertyValueSpecification\",\"valueRequired\":true,\"valueName\":\"search_term_string\"}}],\"inLanguage\":\"es\"}]}<\/script>\n<!-- \/ Yoast SEO plugin. -->","yoast_head_json":{"title":"Huella de Carbono PUCP - Clima de cambios","robots":{"index":"index","follow":"follow","max-snippet":"max-snippet:-1","max-image-preview":"max-image-preview:large","max-video-preview":"max-video-preview:-1"},"canonical":"https:\/\/www.pucp.edu.pe\/climadecambios\/la-pucp-ante-al-cambio-climatico\/medidas-dentro-del-campus\/huella-de-carbono-pucp\/","og_locale":"es_ES","og_type":"article","og_title":"Huella de Carbono PUCP - Clima de cambios","og_description":"La huella de carbono de una organizaci\u00f3n es la cuantificaci\u00f3n del total de emisiones de gases de efecto invernadero (GEI) emitidos de manera directa o indirecta y que provienen de la actividad de dicha organizaci\u00f3n. Alcances de la huella de carbono: Para la delimitaci\u00f3n de los alcances en un estudio de huella de carbono, se [&hellip;]","og_url":"https:\/\/www.pucp.edu.pe\/climadecambios\/la-pucp-ante-al-cambio-climatico\/medidas-dentro-del-campus\/huella-de-carbono-pucp\/","og_site_name":"Clima de cambios","article_modified_time":"2018-05-07T20:14:01+00:00","og_image":[{"url":"http:\/\/cdn01.pucp.education\/climadecambios\/wp-content\/uploads\/2018\/05\/07200735\/info-carbono-final-01.jpg","type":"","width":"","height":""}],"twitter_misc":{"Tiempo de lectura":"1 minuto"},"schema":{"@context":"https:\/\/schema.org","@graph":[{"@type":"WebPage","@id":"https:\/\/www.pucp.edu.pe\/climadecambios\/la-pucp-ante-al-cambio-climatico\/medidas-dentro-del-campus\/huella-de-carbono-pucp\/","url":"https:\/\/www.pucp.edu.pe\/climadecambios\/la-pucp-ante-al-cambio-climatico\/medidas-dentro-del-campus\/huella-de-carbono-pucp\/","name":"Huella de Carbono PUCP - Clima de cambios","isPartOf":{"@id":"https:\/\/www.pucp.edu.pe\/climadecambios\/#website"},"primaryImageOfPage":{"@id":"https:\/\/www.pucp.edu.pe\/climadecambios\/la-pucp-ante-al-cambio-climatico\/medidas-dentro-del-campus\/huella-de-carbono-pucp\/#primaryimage"},"image":{"@id":"https:\/\/www.pucp.edu.pe\/climadecambios\/la-pucp-ante-al-cambio-climatico\/medidas-dentro-del-campus\/huella-de-carbono-pucp\/#primaryimage"},"thumbnailUrl":"http:\/\/cdn01.pucp.education\/climadecambios\/wp-content\/uploads\/2018\/05\/07200735\/info-carbono-final-01.jpg","datePublished":"2018-05-07T20:05:56+00:00","dateModified":"2018-05-07T20:14:01+00:00","breadcrumb":{"@id":"https:\/\/www.pucp.edu.pe\/climadecambios\/la-pucp-ante-al-cambio-climatico\/medidas-dentro-del-campus\/huella-de-carbono-pucp\/#breadcrumb"},"inLanguage":"es","potentialAction":[{"@type":"ReadAction","target":["https:\/\/www.pucp.edu.pe\/climadecambios\/la-pucp-ante-al-cambio-climatico\/medidas-dentro-del-campus\/huella-de-carbono-pucp\/"]}]},{"@type":"ImageObject","inLanguage":"es","@id":"https:\/\/www.pucp.edu.pe\/climadecambios\/la-pucp-ante-al-cambio-climatico\/medidas-dentro-del-campus\/huella-de-carbono-pucp\/#primaryimage","url":"http:\/\/cdn01.pucp.education\/climadecambios\/wp-content\/uploads\/2018\/05\/07200735\/info-carbono-final-01.jpg","contentUrl":"http:\/\/cdn01.pucp.education\/climadecambios\/wp-content\/uploads\/2018\/05\/07200735\/info-carbono-final-01.jpg"},{"@type":"BreadcrumbList","@id":"https:\/\/www.pucp.edu.pe\/climadecambios\/la-pucp-ante-al-cambio-climatico\/medidas-dentro-del-campus\/huella-de-carbono-pucp\/#breadcrumb","itemListElement":[{"@type":"ListItem","position":1,"name":"Home","item":"https:\/\/www.pucp.edu.pe\/climadecambios\/"},{"@type":"ListItem","position":2,"name":"Acciones ante al cambio clim\u00e1tico","item":"https:\/\/www.pucp.edu.pe\/climadecambios\/la-pucp-ante-al-cambio-climatico\/"},{"@type":"ListItem","position":3,"name":"Medidas dentro del campus","item":"https:\/\/www.pucp.edu.pe\/climadecambios\/la-pucp-ante-al-cambio-climatico\/medidas-dentro-del-campus\/"},{"@type":"ListItem","position":4,"name":"Huella de Carbono PUCP"}]},{"@type":"WebSite","@id":"https:\/\/www.pucp.edu.pe\/climadecambios\/#website","url":"https:\/\/www.pucp.edu.pe\/climadecambios\/","name":"Clima de cambios","description":"Clima de Cambios es una iniciativa medioambiental de la Pontificia Universidad Cat\u00f3lica del Per\u00fa para concientizar y sensibilizar a la ciudadan\u00eda sobre los efectos del cambio clim\u00e1tico en el Per\u00fa y el mundo.","potentialAction":[{"@type":"SearchAction","target":{"@type":"EntryPoint","urlTemplate":"https:\/\/www.pucp.edu.pe\/climadecambios\/?s={search_term_string}"},"query-input":{"@type":"PropertyValueSpecification","valueRequired":true,"valueName":"search_term_string"}}],"inLanguage":"es"}]}},"_links":{"self":[{"href":"https:\/\/www.pucp.edu.pe\/climadecambios\/wp-json\/wp\/v2\/pages\/12171","targetHints":{"allow":["GET"]}}],"collection":[{"href":"https:\/\/www.pucp.edu.pe\/climadecambios\/wp-json\/wp\/v2\/pages"}],"about":[{"href":"https:\/\/www.pucp.edu.pe\/climadecambios\/wp-json\/wp\/v2\/types\/page"}],"author":[{"embeddable":true,"href":"https:\/\/www.pucp.edu.pe\/climadecambios\/wp-json\/wp\/v2\/users\/26"}],"replies":[{"embeddable":true,"href":"https:\/\/www.pucp.edu.pe\/climadecambios\/wp-json\/wp\/v2\/comments?post=12171"}],"version-history":[{"count":0,"href":"https:\/\/www.pucp.edu.pe\/climadecambios\/wp-json\/wp\/v2\/pages\/12171\/revisions"}],"up":[{"embeddable":true,"href":"https:\/\/www.pucp.edu.pe\/climadecambios\/wp-json\/wp\/v2\/pages\/2974"}],"wp:attachment":[{"href":"https:\/\/www.pucp.edu.pe\/climadecambios\/wp-json\/wp\/v2\/media?parent=12171"}],"curies":[{"name":"wp","href":"https:\/\/api.w.org\/{rel}","templated":true}]}}