{"id":12000,"date":"2017-10-08T22:11:59","date_gmt":"2017-10-08T22:11:59","guid":{"rendered":"https:\/\/www.pucp.edu.pe\/climadecambios\/sobre-clima-de-cambios\/que-es-el-cambio-climatico\/que-es-el-cambio-climaticos\/"},"modified":"2018-02-20T17:13:09","modified_gmt":"2018-02-20T17:13:09","slug":"en-que-consiste-el-cambio-climaticos","status":"publish","type":"page","link":"https:\/\/www.pucp.edu.pe\/climadecambios\/sobre-clima-de-cambios\/que-es-el-cambio-climatico\/en-que-consiste-el-cambio-climaticos\/","title":{"rendered":"\u00bfEn qu\u00e9 consiste el cambio clim\u00e1tico?"},"content":{"rendered":"<p>El cambio clim\u00e1tico es cualquier alteraci\u00f3n del clima ocasionada por la variabilidad natural o a la actividad humana, seg\u00fan el Grupo Intergubernamental de Expertos sobre el Cambio Clim\u00e1tico (IPCC, por sus siglas en ingl\u00e9s).<\/p>\n<p>Para la Convenci\u00f3n Marco de las Naciones Unidas sobre el Cambio Clim\u00e1tico (CMNUCC), se entiende por cambio clim\u00e1tico al \u201ccambio de clima atribuido directa o indirectamente a la actividad humana que altera la composici\u00f3n de la atm\u00f3sfera mundial y que se suma a la variabilidad natural del clima observada durante per\u00edodos de tiempo comparable\u201d (Art. 1).<\/p>\n<p>Entonces, podemos decir que el cambio clim\u00e1tico es un fen\u00f3meno provocado por el calentamiento global, el cual a su vez es producido por el exceso de gases de efecto invernadero (GEI).<\/p>\n<h2>\u00bfQu\u00e9 es el calentamiento global?<\/h2>\n<p>El calentamiento global es el aumento de la temperatura en nuestro planeta.<\/p>\n<p>Durante el \u00faltimo siglo, la temperatura promedio en todo el mundo ha aumentado 0.74 \u00b0C. Desde el 2000, se ha tenido 15 de los 16 a\u00f1os m\u00e1s calurosos en los registros instrumentales de la temperatura global desde 1880.<\/p>\n<h2>\u00bfQu\u00e9 ocasiona el calentamiento global?<\/h2>\n<ul>\n<li>Sequ\u00edas m\u00e1s fuertes<\/li>\n<li>Heladas m\u00e1s intensas<\/li>\n<li>Inundaciones m\u00e1s seguidas<\/li>\n<\/ul>\n<p><iframe loading=\"lazy\" style=\"border: 0;\" src=\"https:\/\/datastudio.google.com\/embed\/reporting\/1QAU6Lc3uYMyKu_NYZzStD0wTEUfNtna0\/page\/4uOL\" width=\"830\" height=\"550\" frameborder=\"0\" allowfullscreen=\"allowfullscreen\"><\/iframe><\/p>\n","protected":false},"excerpt":{"rendered":"<p>El cambio clim\u00e1tico es cualquier alteraci\u00f3n del clima ocasionada por la variabilidad natural o a la actividad humana, seg\u00fan el Grupo Intergubernamental de Expertos sobre el Cambio Clim\u00e1tico (IPCC, por sus siglas en ingl\u00e9s). Para la Convenci\u00f3n Marco de las Naciones Unidas sobre el Cambio Clim\u00e1tico (CMNUCC), se entiende por cambio clim\u00e1tico al \u201ccambio de [&hellip;]<\/p>\n","protected":false},"author":23,"featured_media":0,"parent":2967,"menu_order":0,"comment_status":"closed","ping_status":"closed","template":"","meta":{"_acf_changed":false,"footnotes":""},"class_list":["post-12000","page","type-page","status-publish","hentry"],"acf":[],"yoast_head":"<!-- This site is optimized with the Yoast SEO plugin v27.1.1 - https:\/\/yoast.com\/product\/yoast-seo-wordpress\/ -->\n<title>\u00bfEn qu\u00e9 consiste el cambio clim\u00e1tico? - Clima de cambios<\/title>\n<meta name=\"robots\" content=\"index, follow, max-snippet:-1, max-image-preview:large, max-video-preview:-1\" \/>\n<link rel=\"canonical\" href=\"https:\/\/www.pucp.edu.pe\/climadecambios\/sobre-clima-de-cambios\/que-es-el-cambio-climatico\/en-que-consiste-el-cambio-climaticos\/\" \/>\n<meta property=\"og:locale\" content=\"es_ES\" \/>\n<meta property=\"og:type\" content=\"article\" \/>\n<meta property=\"og:title\" content=\"\u00bfEn qu\u00e9 consiste el cambio clim\u00e1tico? - Clima de cambios\" \/>\n<meta property=\"og:description\" content=\"El cambio clim\u00e1tico es cualquier alteraci\u00f3n del clima ocasionada por la variabilidad natural o a la actividad humana, seg\u00fan el Grupo Intergubernamental de Expertos sobre el Cambio Clim\u00e1tico (IPCC, por sus siglas en ingl\u00e9s). Para la Convenci\u00f3n Marco de las Naciones Unidas sobre el Cambio Clim\u00e1tico (CMNUCC), se entiende por cambio clim\u00e1tico al \u201ccambio de [&hellip;]\" \/>\n<meta property=\"og:url\" content=\"https:\/\/www.pucp.edu.pe\/climadecambios\/sobre-clima-de-cambios\/que-es-el-cambio-climatico\/en-que-consiste-el-cambio-climaticos\/\" \/>\n<meta property=\"og:site_name\" content=\"Clima de cambios\" \/>\n<meta property=\"article:modified_time\" content=\"2018-02-20T17:13:09+00:00\" \/>\n<meta name=\"twitter:label1\" content=\"Tiempo de lectura\" \/>\n\t<meta name=\"twitter:data1\" content=\"1 minuto\" \/>\n<script type=\"application\/ld+json\" class=\"yoast-schema-graph\">{\"@context\":\"https:\/\/schema.org\",\"@graph\":[{\"@type\":\"WebPage\",\"@id\":\"https:\/\/www.pucp.edu.pe\/climadecambios\/sobre-clima-de-cambios\/que-es-el-cambio-climatico\/en-que-consiste-el-cambio-climaticos\/\",\"url\":\"https:\/\/www.pucp.edu.pe\/climadecambios\/sobre-clima-de-cambios\/que-es-el-cambio-climatico\/en-que-consiste-el-cambio-climaticos\/\",\"name\":\"\u00bfEn qu\u00e9 consiste el cambio clim\u00e1tico? - Clima de cambios\",\"isPartOf\":{\"@id\":\"https:\/\/www.pucp.edu.pe\/climadecambios\/#website\"},\"datePublished\":\"2017-10-08T22:11:59+00:00\",\"dateModified\":\"2018-02-20T17:13:09+00:00\",\"breadcrumb\":{\"@id\":\"https:\/\/www.pucp.edu.pe\/climadecambios\/sobre-clima-de-cambios\/que-es-el-cambio-climatico\/en-que-consiste-el-cambio-climaticos\/#breadcrumb\"},\"inLanguage\":\"es\",\"potentialAction\":[{\"@type\":\"ReadAction\",\"target\":[\"https:\/\/www.pucp.edu.pe\/climadecambios\/sobre-clima-de-cambios\/que-es-el-cambio-climatico\/en-que-consiste-el-cambio-climaticos\/\"]}]},{\"@type\":\"BreadcrumbList\",\"@id\":\"https:\/\/www.pucp.edu.pe\/climadecambios\/sobre-clima-de-cambios\/que-es-el-cambio-climatico\/en-que-consiste-el-cambio-climaticos\/#breadcrumb\",\"itemListElement\":[{\"@type\":\"ListItem\",\"position\":1,\"name\":\"Home\",\"item\":\"https:\/\/www.pucp.edu.pe\/climadecambios\/\"},{\"@type\":\"ListItem\",\"position\":2,\"name\":\"Sobre Clima de Cambios\",\"item\":\"https:\/\/www.pucp.edu.pe\/climadecambios\/sobre-clima-de-cambios\/\"},{\"@type\":\"ListItem\",\"position\":3,\"name\":\"\u00bfQu\u00e9 es el cambio clim\u00e1tico?\",\"item\":\"https:\/\/www.pucp.edu.pe\/climadecambios\/sobre-clima-de-cambios\/que-es-el-cambio-climatico\/\"},{\"@type\":\"ListItem\",\"position\":4,\"name\":\"\u00bfEn qu\u00e9 consiste el cambio clim\u00e1tico?\"}]},{\"@type\":\"WebSite\",\"@id\":\"https:\/\/www.pucp.edu.pe\/climadecambios\/#website\",\"url\":\"https:\/\/www.pucp.edu.pe\/climadecambios\/\",\"name\":\"Clima de cambios\",\"description\":\"Clima de Cambios es una iniciativa medioambiental de la Pontificia Universidad Cat\u00f3lica del Per\u00fa para concientizar y sensibilizar a la ciudadan\u00eda sobre los efectos del cambio clim\u00e1tico en el Per\u00fa y el mundo.\",\"potentialAction\":[{\"@type\":\"SearchAction\",\"target\":{\"@type\":\"EntryPoint\",\"urlTemplate\":\"https:\/\/www.pucp.edu.pe\/climadecambios\/?s={search_term_string}\"},\"query-input\":{\"@type\":\"PropertyValueSpecification\",\"valueRequired\":true,\"valueName\":\"search_term_string\"}}],\"inLanguage\":\"es\"}]}<\/script>\n<!-- \/ Yoast SEO plugin. -->","yoast_head_json":{"title":"\u00bfEn qu\u00e9 consiste el cambio clim\u00e1tico? - Clima de cambios","robots":{"index":"index","follow":"follow","max-snippet":"max-snippet:-1","max-image-preview":"max-image-preview:large","max-video-preview":"max-video-preview:-1"},"canonical":"https:\/\/www.pucp.edu.pe\/climadecambios\/sobre-clima-de-cambios\/que-es-el-cambio-climatico\/en-que-consiste-el-cambio-climaticos\/","og_locale":"es_ES","og_type":"article","og_title":"\u00bfEn qu\u00e9 consiste el cambio clim\u00e1tico? - Clima de cambios","og_description":"El cambio clim\u00e1tico es cualquier alteraci\u00f3n del clima ocasionada por la variabilidad natural o a la actividad humana, seg\u00fan el Grupo Intergubernamental de Expertos sobre el Cambio Clim\u00e1tico (IPCC, por sus siglas en ingl\u00e9s). Para la Convenci\u00f3n Marco de las Naciones Unidas sobre el Cambio Clim\u00e1tico (CMNUCC), se entiende por cambio clim\u00e1tico al \u201ccambio de [&hellip;]","og_url":"https:\/\/www.pucp.edu.pe\/climadecambios\/sobre-clima-de-cambios\/que-es-el-cambio-climatico\/en-que-consiste-el-cambio-climaticos\/","og_site_name":"Clima de cambios","article_modified_time":"2018-02-20T17:13:09+00:00","twitter_misc":{"Tiempo de lectura":"1 minuto"},"schema":{"@context":"https:\/\/schema.org","@graph":[{"@type":"WebPage","@id":"https:\/\/www.pucp.edu.pe\/climadecambios\/sobre-clima-de-cambios\/que-es-el-cambio-climatico\/en-que-consiste-el-cambio-climaticos\/","url":"https:\/\/www.pucp.edu.pe\/climadecambios\/sobre-clima-de-cambios\/que-es-el-cambio-climatico\/en-que-consiste-el-cambio-climaticos\/","name":"\u00bfEn qu\u00e9 consiste el cambio clim\u00e1tico? - Clima de cambios","isPartOf":{"@id":"https:\/\/www.pucp.edu.pe\/climadecambios\/#website"},"datePublished":"2017-10-08T22:11:59+00:00","dateModified":"2018-02-20T17:13:09+00:00","breadcrumb":{"@id":"https:\/\/www.pucp.edu.pe\/climadecambios\/sobre-clima-de-cambios\/que-es-el-cambio-climatico\/en-que-consiste-el-cambio-climaticos\/#breadcrumb"},"inLanguage":"es","potentialAction":[{"@type":"ReadAction","target":["https:\/\/www.pucp.edu.pe\/climadecambios\/sobre-clima-de-cambios\/que-es-el-cambio-climatico\/en-que-consiste-el-cambio-climaticos\/"]}]},{"@type":"BreadcrumbList","@id":"https:\/\/www.pucp.edu.pe\/climadecambios\/sobre-clima-de-cambios\/que-es-el-cambio-climatico\/en-que-consiste-el-cambio-climaticos\/#breadcrumb","itemListElement":[{"@type":"ListItem","position":1,"name":"Home","item":"https:\/\/www.pucp.edu.pe\/climadecambios\/"},{"@type":"ListItem","position":2,"name":"Sobre Clima de Cambios","item":"https:\/\/www.pucp.edu.pe\/climadecambios\/sobre-clima-de-cambios\/"},{"@type":"ListItem","position":3,"name":"\u00bfQu\u00e9 es el cambio clim\u00e1tico?","item":"https:\/\/www.pucp.edu.pe\/climadecambios\/sobre-clima-de-cambios\/que-es-el-cambio-climatico\/"},{"@type":"ListItem","position":4,"name":"\u00bfEn qu\u00e9 consiste el cambio clim\u00e1tico?"}]},{"@type":"WebSite","@id":"https:\/\/www.pucp.edu.pe\/climadecambios\/#website","url":"https:\/\/www.pucp.edu.pe\/climadecambios\/","name":"Clima de cambios","description":"Clima de Cambios es una iniciativa medioambiental de la Pontificia Universidad Cat\u00f3lica del Per\u00fa para concientizar y sensibilizar a la ciudadan\u00eda sobre los efectos del cambio clim\u00e1tico en el Per\u00fa y el mundo.","potentialAction":[{"@type":"SearchAction","target":{"@type":"EntryPoint","urlTemplate":"https:\/\/www.pucp.edu.pe\/climadecambios\/?s={search_term_string}"},"query-input":{"@type":"PropertyValueSpecification","valueRequired":true,"valueName":"search_term_string"}}],"inLanguage":"es"}]}},"_links":{"self":[{"href":"https:\/\/www.pucp.edu.pe\/climadecambios\/wp-json\/wp\/v2\/pages\/12000","targetHints":{"allow":["GET"]}}],"collection":[{"href":"https:\/\/www.pucp.edu.pe\/climadecambios\/wp-json\/wp\/v2\/pages"}],"about":[{"href":"https:\/\/www.pucp.edu.pe\/climadecambios\/wp-json\/wp\/v2\/types\/page"}],"author":[{"embeddable":true,"href":"https:\/\/www.pucp.edu.pe\/climadecambios\/wp-json\/wp\/v2\/users\/23"}],"replies":[{"embeddable":true,"href":"https:\/\/www.pucp.edu.pe\/climadecambios\/wp-json\/wp\/v2\/comments?post=12000"}],"version-history":[{"count":0,"href":"https:\/\/www.pucp.edu.pe\/climadecambios\/wp-json\/wp\/v2\/pages\/12000\/revisions"}],"up":[{"embeddable":true,"href":"https:\/\/www.pucp.edu.pe\/climadecambios\/wp-json\/wp\/v2\/pages\/2967"}],"wp:attachment":[{"href":"https:\/\/www.pucp.edu.pe\/climadecambios\/wp-json\/wp\/v2\/media?parent=12000"}],"curies":[{"name":"wp","href":"https:\/\/api.w.org\/{rel}","templated":true}]}}